{"id":2541,"date":"2024-08-20T15:52:40","date_gmt":"2024-08-20T13:52:40","guid":{"rendered":"https:\/\/dev.vitalstoffversand.com\/custos-de-envio-e-entrega\/"},"modified":"2025-10-17T16:01:53","modified_gmt":"2025-10-17T14:01:53","slug":"custos-de-envio-e-entrega","status":"publish","type":"page","link":"https:\/\/dev.vitalstoffversand.com\/pt-pt\/custos-de-envio-e-entrega\/","title":{"rendered":"Custos de envio e entrega"},"content":{"rendered":"\n<h2 class=\"wp-block-heading\">Prazos de entrega<\/h2>\n\n<p><br\/>Alemanha: 1 &#8211; 5 dias<br\/>Outros pa\u00edses: 2 &#8211; 8 dias<\/p>\n<div class=\"wp-block-image\">\n<figure class=\"alignleft size-full\"><img decoding=\"async\" width=\"241\" height=\"149\" src=\"https:\/\/dev.vitalstoffversand.com\/wp-content\/uploads\/2024\/10\/DHL-Gogreen.png\" alt=\"\" class=\"wp-image-2522\" srcset=\"https:\/\/dev.vitalstoffversand.com\/wp-content\/uploads\/2024\/10\/DHL-Gogreen.png 241w, https:\/\/dev.vitalstoffversand.com\/wp-content\/uploads\/2024\/10\/DHL-Gogreen-64x40.png 64w\" sizes=\"(max-width: 241px) 100vw, 241px\" \/><\/figure>\n<\/div>\n<p><\/p>\n\n<p><\/p>\n\n<p><\/p>\n\n<p><\/p>\n\n<h2 class=\"wp-block-heading\">Custos de envio<\/h2>\n\n<p>Para al\u00e9m dos pre\u00e7os dos produtos indicados, cobramos uma taxa de entrega fixa, da qual ser\u00e1 informado em pormenor no sistema do cesto de compras e na p\u00e1gina da encomenda.<\/p>\n\n<p><strong>Alemanha:<\/strong><br\/><br\/>5,00 EUR (mais IVA dependente do cabaz de compras)<br\/>Envio gratuito a partir de 75 EUR.<\/p>\n\n<p><strong>Uni\u00e3o Europeia (UE):<\/strong><br\/><br\/>15,00 EUR (mais IVA dependente do cabaz de compras)<br\/>Envio gratuito a partir de 200 EUR.<\/p>\n\n<p><strong>Isl\u00e2ndia, Liechtenstein, Noruega, Su\u00ed\u00e7a e Reino Unido (RU):<\/strong><br\/><br\/>22,00 EUR<sup> *)<\/sup><br\/>Envio gratuito a partir de 300 EUR. <sup>*)<\/sup><br\/><br\/><sup>*)<\/sup> Quaisquer impostos, direitos aduaneiros e outros encargos devem ser pagos pelo destinat\u00e1rio no pa\u00eds de destino.<\/p>\n\n<hr class=\"wp-block-separator has-alpha-channel-opacity is-style-wide\"\/>\n\n<p><strong>Revendedores (todos os pa\u00edses):<\/strong><\/p>\n\n<p> Custos de envio por peso<\/p>\n\n<p><\/p>\n","protected":false},"excerpt":{"rendered":"<p>Prazos de entrega Alemanha: 1 &#8211; 5 diasOutros pa\u00edses: 2 &#8211; 8 dias Custos de envio Para al\u00e9m dos pre\u00e7os dos produtos indicados, cobramos uma taxa de entrega fixa, da qual ser\u00e1 informado em pormenor no sistema do cesto de compras e na p\u00e1gina da encomenda. Alemanha: 5,00 EUR (mais IVA dependente do cabaz de [&hellip;]<\/p>\n","protected":false},"author":1,"featured_media":0,"parent":0,"menu_order":0,"comment_status":"closed","ping_status":"closed","template":"","meta":{"_acf_changed":false,"footnotes":""},"class_list":["post-2541","page","type-page","status-publish","hentry"],"acf":[],"_links":{"self":[{"href":"https:\/\/dev.vitalstoffversand.com\/pt-pt\/wp-json\/wp\/v2\/pages\/2541","targetHints":{"allow":["GET"]}}],"collection":[{"href":"https:\/\/dev.vitalstoffversand.com\/pt-pt\/wp-json\/wp\/v2\/pages"}],"about":[{"href":"https:\/\/dev.vitalstoffversand.com\/pt-pt\/wp-json\/wp\/v2\/types\/page"}],"author":[{"embeddable":true,"href":"https:\/\/dev.vitalstoffversand.com\/pt-pt\/wp-json\/wp\/v2\/users\/1"}],"replies":[{"embeddable":true,"href":"https:\/\/dev.vitalstoffversand.com\/pt-pt\/wp-json\/wp\/v2\/comments?post=2541"}],"version-history":[{"count":0,"href":"https:\/\/dev.vitalstoffversand.com\/pt-pt\/wp-json\/wp\/v2\/pages\/2541\/revisions"}],"wp:attachment":[{"href":"https:\/\/dev.vitalstoffversand.com\/pt-pt\/wp-json\/wp\/v2\/media?parent=2541"}],"curies":[{"name":"wp","href":"https:\/\/api.w.org\/{rel}","templated":true}]}}