{"id":19874,"date":"2025-01-07T14:19:05","date_gmt":"2025-01-07T13:19:05","guid":{"rendered":"https:\/\/vitalstoffversand.com\/informacoes-de-pagamento\/"},"modified":"2025-08-26T14:29:31","modified_gmt":"2025-08-26T12:29:31","slug":"informacoes-de-pagamento","status":"publish","type":"page","link":"https:\/\/dev.vitalstoffversand.com\/pt-pt\/informacoes-de-pagamento\/","title":{"rendered":"Informa\u00e7\u00f5es de pagamento"},"content":{"rendered":"\n<p><\/p>\n\n<div style=\"height:30px\" aria-hidden=\"true\" class=\"wp-block-spacer\"><\/div>\n\n<h2 class=\"wp-block-heading\">Moedas aceites<\/h2>\n\n<p>Aceitamos pagamentos em <\/p>\n\n<div class=\"wp-block-group is-nowrap is-layout-flex wp-container-core-group-is-layout-6c531013 wp-block-group-is-layout-flex\">\n<p>Euro (EUR &#8211; \u20ac)<br\/>Franco su\u00ed\u00e7o (CHF &#8211; CHF)<br\/>Coroa checa (CZK &#8211; K\u010d\u010d)<br\/>Coroa dinamarquesa (DKK &#8211; kr.)<br\/>Libra esterlina (GBP &#8211; \u00a3)<br\/>Forint h\u00fangaro (HUF &#8211; Ft)<br\/>Coroa norueguesa (NOK &#8211; kr)<br\/>Polaco z\u0142oty (PLN &#8211; z\u0142)<br\/>Leu romeno (RON &#8211; lei)<br\/>Coroa sueca (SEK &#8211; kr)<\/p>\n\n\n\n<p><a href=\"https:\/\/dev.vitalstoffversand.com\/wp-admin\/post-new.php?lang=en&amp;post_type=page&amp;trid=5412&amp;source_lang=de\"><\/a><\/p>\n<\/div>\n\n<div style=\"height:30px\" aria-hidden=\"true\" class=\"wp-block-spacer\"><\/div>\n\n<h2 class=\"wp-block-heading\">Taxas de pagamento<\/h2>\n\n<p>N\u00e3o cobramos taxas por nenhum dos m\u00e9todos de pagamento oferecidos.<\/p>\n\n<p>Por favor, note: <br\/>Dependendo do m\u00e9todo de pagamento escolhido, podem ocorrer custos externos sobre os quais n\u00e3o temos qualquer influ\u00eancia.<\/p>\n\n<div style=\"height:30px\" aria-hidden=\"true\" class=\"wp-block-spacer\"><\/div>\n\n<h2 class=\"wp-block-heading\">M\u00e9todos de pagamento<\/h2>\n\n<p><strong>Pr\u00e9-pagamento por transfer\u00eancia banc\u00e1ria<\/strong>:<br\/>Transfere antecipadamente o montante da fatura para a nossa conta banc\u00e1ria.<br\/>Assim que o seu pagamento for recebido, enviaremos imediatamente a sua encomenda.<\/p>\n\n<p><strong>PayPal \/ Pagamento por PayPal<\/strong>:<br\/>Pague de forma segura, r\u00e1pida e conveniente com a sua conta PayPal.<br\/>Pode pagar com cart\u00e3o de cr\u00e9dito ou d\u00e9bito, mesmo sem ter uma conta PayPal.<br\/>Al\u00e9m disso, est\u00e3o dispon\u00edveis fun\u00e7\u00f5es como \u00abPagar mais tarde\u00bb.<br\/><br\/><strong>Paga \u00e0 Amazon<\/strong>:<br\/>Utiliza as tuas informa\u00e7\u00f5es de pagamento e envio armazenadas na Amazon para pagar de forma r\u00e1pida e segura.<\/p>\n\n<p><strong>Cart\u00f5es de cr\u00e9dito \/ cart\u00f5es de d\u00e9bito<\/strong>:<br\/>Aceitamos todos os principais cart\u00f5es de cr\u00e9dito e d\u00e9bito. <br\/>O teu pagamento \u00e9 processado de forma segura e encriptada.<br\/>O processamento do pagamento \u00e9 feito atrav\u00e9s dos prestadores de servi\u00e7os de pagamento Stripe ou Mollie, que atuam como interface t\u00e9cnica entre a nossa loja e os respetivos prestadores de servi\u00e7os de pagamento.<\/p>\n\n<div style=\"height:20px\" aria-hidden=\"true\" class=\"wp-block-spacer\"><\/div>\n\n<h2 class=\"wp-block-heading\">Outros m\u00e9todos de pagamento atrav\u00e9s da Mollie e Stripe *<\/h2>\n\n<p>*) Einige Zahlungsarten sind l\u00e4nderspezifisch und nicht \u00fcberall verf\u00fcgbar.<\/p>\n\n<ul class=\"wp-block-list\">\n<li><strong>Compra Billie por conta (apenas B2B)<\/strong>:  <br\/>Para clientes empresariais registados: compre agora, pague depois.<br\/><em>Nota: \u00c9 poss\u00edvel que a Billie fa\u00e7a uma verifica\u00e7\u00e3o de solvabilidade.<\/em><\/li>\n\n\n\n<li><strong>Trustly<\/strong><br\/>Transfer\u00eancia banc\u00e1ria direta sem registo \u2013 r\u00e1pida, segura, em toda a Europa.<\/li>\n\n\n\n<li><strong>Fatura KLARNA \/ Compra a presta\u00e7\u00f5es<\/strong>: <br\/>Compre agora, pague mais tarde ou em presta\u00e7\u00f5es.<br\/><em>Nota: \u00c9 poss\u00edvel que a Klarna fa\u00e7a uma verifica\u00e7\u00e3o de solvabilidade.<\/em><\/li>\n\n\n\n<li><strong>N\u00e3o te<\/strong> preocupes:  <br\/>Op\u00e7\u00f5es de pagamento flex\u00edveis<br\/><em>Nota: Riverty pode realizar uma verifica\u00e7\u00e3o de solvabilidade.<\/em><\/li>\n\n\n\n<li><strong>Apple Pay \/ Google Pay \/ Microsoft Pay \/ Chrome Pay<\/strong>: <br\/>Pague diretamente atrav\u00e9s do seu dispositivo ou navegador.<\/li>\n\n\n\n<li><strong>Mobile Pay \/ Swish \/ Twint \/ Satispay<\/strong><br\/>Servi\u00e7os de pagamento m\u00f3vel para transa\u00e7\u00f5es r\u00e1pidas.<\/li>\n\n\n\n<li><strong>Bancontact \/ Belfius Pay \/ KBC\/CBC<\/strong><br\/>Formas de pagamento belgas para transfer\u00eancias banc\u00e1rias diretas.<\/li>\n\n\n\n<li><strong>eps \/ Klarna Pagamento imediato \/ iDEAL \/ Multibanco \/ Przelewy24 \/ BLIK<\/strong><br\/>M\u00e9todos de transfer\u00eancia banc\u00e1ria online nacionais.<\/li>\n\n\n\n<li><strong>Revolut<\/strong>:  <br\/>Solu\u00e7\u00e3o banc\u00e1ria digital para pagamentos r\u00e1pidos e seguros.<\/li>\n<\/ul>\n\n<div style=\"height:15px\" aria-hidden=\"true\" class=\"wp-block-spacer\"><\/div>\n\n<p class=\"has-medium-font-size\"><strong>Prote\u00e7\u00e3o de dados e avisos legais<\/strong><\/p>\n\n<p>Todos os pagamentos s\u00e3o processados por prestadores de servi\u00e7os de pagamento certificados e transmitidos de forma encriptada.<\/p>\n\n<ul class=\"wp-block-list\">\n<li>Encontras mais informa\u00e7\u00f5es nas nossas <a href=\"https:\/\/dev.vitalstoffversand.com\/pt-pt\/termos-e-condicoes-gerais\/\" data-type=\"page\" data-id=\"30\">Condi\u00e7\u00f5es Gerais de Contrata\u00e7\u00e3o<\/a>.<\/li>\n\n\n\n<li>Para mais informa\u00e7\u00f5es sobre o processamento dos seus dados de pagamento, consulte a nossa <a href=\"https:\/\/dev.vitalstoffversand.com\/pt-pt\/protecao-de-dados\/\" data-type=\"page\" data-id=\"27\">Pol\u00edtica de Privacidade<\/a>.<\/li>\n<\/ul>\n\n<p><\/p>\n","protected":false},"excerpt":{"rendered":"<p>Moedas aceites Aceitamos pagamentos em Euro (EUR &#8211; \u20ac)Franco su\u00ed\u00e7o (CHF &#8211; CHF)Coroa checa (CZK &#8211; K\u010d\u010d)Coroa dinamarquesa (DKK &#8211; kr.)Libra esterlina (GBP &#8211; \u00a3)Forint h\u00fangaro (HUF &#8211; Ft)Coroa norueguesa (NOK &#8211; kr)Polaco z\u0142oty (PLN &#8211; z\u0142)Leu romeno (RON &#8211; lei)Coroa sueca (SEK &#8211; kr) Taxas de pagamento N\u00e3o cobramos taxas por nenhum dos m\u00e9todos [&hellip;]<\/p>\n","protected":false},"author":1,"featured_media":0,"parent":0,"menu_order":0,"comment_status":"closed","ping_status":"closed","template":"","meta":{"_acf_changed":false,"footnotes":""},"class_list":["post-19874","page","type-page","status-publish","hentry"],"acf":[],"_links":{"self":[{"href":"https:\/\/dev.vitalstoffversand.com\/pt-pt\/wp-json\/wp\/v2\/pages\/19874","targetHints":{"allow":["GET"]}}],"collection":[{"href":"https:\/\/dev.vitalstoffversand.com\/pt-pt\/wp-json\/wp\/v2\/pages"}],"about":[{"href":"https:\/\/dev.vitalstoffversand.com\/pt-pt\/wp-json\/wp\/v2\/types\/page"}],"author":[{"embeddable":true,"href":"https:\/\/dev.vitalstoffversand.com\/pt-pt\/wp-json\/wp\/v2\/users\/1"}],"replies":[{"embeddable":true,"href":"https:\/\/dev.vitalstoffversand.com\/pt-pt\/wp-json\/wp\/v2\/comments?post=19874"}],"version-history":[{"count":0,"href":"https:\/\/dev.vitalstoffversand.com\/pt-pt\/wp-json\/wp\/v2\/pages\/19874\/revisions"}],"wp:attachment":[{"href":"https:\/\/dev.vitalstoffversand.com\/pt-pt\/wp-json\/wp\/v2\/media?parent=19874"}],"curies":[{"name":"wp","href":"https:\/\/api.w.org\/{rel}","templated":true}]}}