{"id":19841,"date":"2025-01-07T15:17:32","date_gmt":"2025-01-07T14:17:32","guid":{"rendered":"https:\/\/vitalstoffversand.com\/b2b\/"},"modified":"2025-01-16T17:49:25","modified_gmt":"2025-01-16T16:49:25","slug":"b2b","status":"publish","type":"page","link":"https:\/\/dev.vitalstoffversand.com\/pt-pt\/b2b\/","title":{"rendered":"B2B"},"content":{"rendered":"\n<div style=\"height:40px\" aria-hidden=\"true\" class=\"wp-block-spacer\"><\/div>\n\n<p>Est\u00e1 \u00e0 procura de uma solu\u00e7\u00e3o tudo-em-um para uma gama extensa, de alta qualidade, mas acess\u00edvel e quer evitar custos de m\u00e3o de obra, custos de envio e, possivelmente, valores m\u00ednimos de encomenda de muitos parceiros ou fornecedores diferentes?<\/p>\n\n<p>Ent\u00e3o veio ao s\u00edtio certo.<\/p>\n\n<div style=\"height:30px\" aria-hidden=\"true\" class=\"wp-block-spacer\"><\/div>\n\n<p class=\"has-medium-font-size\"><strong>M\u00e9dicos, praticantes de medicina alternativa, terapeutas e membros de outras profiss\u00f5es do sector da sa\u00fade<\/strong><\/p>\n\n<ul class=\"wp-block-list\">\n<li>Descontos atractivos<\/li>\n\n\n\n<li>Acesso a uma gama de produtos alargada<\/li>\n\n\n\n<li>Sem valor m\u00ednimo de encomenda<\/li>\n<\/ul>\n\n<div style=\"height:30px\" aria-hidden=\"true\" class=\"wp-block-spacer\"><\/div>\n\n<p class=\"has-medium-font-size\"><strong>Revendedor<\/strong><\/p>\n\n<ul class=\"wp-block-list\">\n<li>Condi\u00e7\u00f5es de compra atractivas<\/li>\n\n\n\n<li>Acesso a uma gama de produtos alargada<\/li>\n\n\n\n<li>Valor m\u00ednimo da encomenda apenas 150,00 EUR, mais IVA <\/li>\n<\/ul>\n\n<div style=\"height:35px\" aria-hidden=\"true\" class=\"wp-block-spacer\"><\/div>\n\n<p>Regista-te como <strong>especialista<\/strong> ou<strong> revendedor<\/strong>.<\/p>\n\n<p>\u00c9 necess\u00e1ria uma licen\u00e7a comercial ou um comprovativo de atividade para a ativa\u00e7\u00e3o como cliente B2B.<\/p>\n\n<p>Carregue os documentos relevantes durante o processo de registo ou envie-os ap\u00f3s o registo atrav\u00e9s de<br\/>envia um e-mail para <a href=\"mailto:admin@vitalstoffversand.com\">mail@vitalstoffversand.com<\/a> ou <a href=\"mailto:mail@phoenix-dransfeld.de\">mail@phoenix-drogerie.de.<\/a><\/p>\n\n<p>A sua conta de cliente B2B ser\u00e1 ent\u00e3o verificada manualmente por n\u00f3s e activada ap\u00f3s uma verifica\u00e7\u00e3o bem sucedida.<\/p>\n\n<p>At\u00e9 \u00e0 ativa\u00e7\u00e3o, tem acesso normal de cliente e v\u00ea os pre\u00e7os normais.<\/p>\n\n<p>Aguardamos com expetativa uma boa rela\u00e7\u00e3o de trabalho.<\/p>\n\n<p><\/p>\n","protected":false},"excerpt":{"rendered":"<p>Est\u00e1 \u00e0 procura de uma solu\u00e7\u00e3o tudo-em-um para uma gama extensa, de alta qualidade, mas acess\u00edvel e quer evitar custos de m\u00e3o de obra, custos de envio e, possivelmente, valores m\u00ednimos de encomenda de muitos parceiros ou fornecedores diferentes? Ent\u00e3o veio ao s\u00edtio certo. M\u00e9dicos, praticantes de medicina alternativa, terapeutas e membros de outras profiss\u00f5es [&hellip;]<\/p>\n","protected":false},"author":1,"featured_media":0,"parent":0,"menu_order":0,"comment_status":"closed","ping_status":"closed","template":"","meta":{"_acf_changed":false,"footnotes":""},"class_list":["post-19841","page","type-page","status-publish","hentry"],"acf":[],"_links":{"self":[{"href":"https:\/\/dev.vitalstoffversand.com\/pt-pt\/wp-json\/wp\/v2\/pages\/19841","targetHints":{"allow":["GET"]}}],"collection":[{"href":"https:\/\/dev.vitalstoffversand.com\/pt-pt\/wp-json\/wp\/v2\/pages"}],"about":[{"href":"https:\/\/dev.vitalstoffversand.com\/pt-pt\/wp-json\/wp\/v2\/types\/page"}],"author":[{"embeddable":true,"href":"https:\/\/dev.vitalstoffversand.com\/pt-pt\/wp-json\/wp\/v2\/users\/1"}],"replies":[{"embeddable":true,"href":"https:\/\/dev.vitalstoffversand.com\/pt-pt\/wp-json\/wp\/v2\/comments?post=19841"}],"version-history":[{"count":0,"href":"https:\/\/dev.vitalstoffversand.com\/pt-pt\/wp-json\/wp\/v2\/pages\/19841\/revisions"}],"wp:attachment":[{"href":"https:\/\/dev.vitalstoffversand.com\/pt-pt\/wp-json\/wp\/v2\/media?parent=19841"}],"curies":[{"name":"wp","href":"https:\/\/api.w.org\/{rel}","templated":true}]}}