{"id":19785,"date":"2025-01-07T12:44:34","date_gmt":"2025-01-07T11:44:34","guid":{"rendered":"https:\/\/vitalstoffversand.com\/certificacao-biologica-da-ue\/"},"modified":"2025-01-07T13:07:34","modified_gmt":"2025-01-07T12:07:34","slug":"certificacao-biologica-da-ue","status":"publish","type":"page","link":"https:\/\/dev.vitalstoffversand.com\/pt-pt\/certificacao-biologica-da-ue\/","title":{"rendered":"Certifica\u00e7\u00e3o biol\u00f3gica da UE"},"content":{"rendered":"<p>Certifica\u00e7\u00e3o org\u00e2nica<\/p>\n<p><img decoding=\"async\" class=\"alignnone size-full wp-image-8021\" src=\"https:\/\/dev.vitalstoffversand.com\/wp-content\/uploads\/2025\/01\/eu-organic-logo-150x100-mit-Kontrollnummer.png\" alt=\"\" width=\"150\" height=\"125\"><\/p>\n<p><a href=\"https:\/\/www.bioc.info\/search\/producerdetail?producer=bebcbd53-0ce7-4993-bde0-92474cc2fbcc\" target=\"_blank\" rel=\"noopener\">Certificado<\/a><\/p>\n\n<p><\/p>\n","protected":false},"excerpt":{"rendered":"<p>Certifica\u00e7\u00e3o org\u00e2nica Certificado<\/p>\n","protected":false},"author":1,"featured_media":0,"parent":0,"menu_order":0,"comment_status":"closed","ping_status":"closed","template":"","meta":{"_acf_changed":false,"footnotes":""},"class_list":["post-19785","page","type-page","status-publish","hentry"],"acf":[],"_links":{"self":[{"href":"https:\/\/dev.vitalstoffversand.com\/pt-pt\/wp-json\/wp\/v2\/pages\/19785","targetHints":{"allow":["GET"]}}],"collection":[{"href":"https:\/\/dev.vitalstoffversand.com\/pt-pt\/wp-json\/wp\/v2\/pages"}],"about":[{"href":"https:\/\/dev.vitalstoffversand.com\/pt-pt\/wp-json\/wp\/v2\/types\/page"}],"author":[{"embeddable":true,"href":"https:\/\/dev.vitalstoffversand.com\/pt-pt\/wp-json\/wp\/v2\/users\/1"}],"replies":[{"embeddable":true,"href":"https:\/\/dev.vitalstoffversand.com\/pt-pt\/wp-json\/wp\/v2\/comments?post=19785"}],"version-history":[{"count":0,"href":"https:\/\/dev.vitalstoffversand.com\/pt-pt\/wp-json\/wp\/v2\/pages\/19785\/revisions"}],"wp:attachment":[{"href":"https:\/\/dev.vitalstoffversand.com\/pt-pt\/wp-json\/wp\/v2\/media?parent=19785"}],"curies":[{"name":"wp","href":"https:\/\/api.w.org\/{rel}","templated":true}]}}