{"id":797,"date":"2024-10-14T17:25:33","date_gmt":"2024-10-14T15:25:33","guid":{"rendered":"https:\/\/dev.vitalstoffversand.com\/?post_type=product&#038;p=797"},"modified":"2026-04-01T12:57:39","modified_gmt":"2026-04-01T10:57:39","slug":"natura-med-organiczny-proszek-hericium-kopie","status":"publish","type":"product","link":"https:\/\/dev.vitalstoffversand.com\/pl\/produkt-pl\/natura-med-organiczny-proszek-hericium-kopie\/","title":{"rendered":"Organiczny sproszkowany grzyb Coriolus &#8211; 100 g"},"content":{"rendered":"<p>Coriolus versicolor (tramete motylkowa) to grzyb znany w r\u00f3\u017cnych kulturach.<\/p>\n<p>Ze wzgl\u0119du na klasyfikacj\u0119 jako nowa \u017cywno\u015b\u0107 (Novel Food) w UE i cz\u0119\u015bciach EOG nie mo\u017ce by\u0107 wprowadzany do obrotu jako suplement diety lub \u017cywno\u015b\u0107.<\/p>\n<p>Produkt ten jest zatem oferowany wy\u0142\u0105cznie jako surowiec bez zalecanego zastosowania i nie jest przeznaczony do spo\u017cycia.<\/p>\n<ul>\n<li>W 100% naturalny<\/li>\n<li>Wyprodukowane zgodnie z surowymi normami jako\u015bci UE<\/li>\n<\/ul>\n","protected":false},"excerpt":{"rendered":"<p>Coriolus versicolor (tramete motylkowa) to grzyb znany w r\u00f3\u017cnych kulturach. Ze wzgl\u0119du na klasyfikacj\u0119 jako nowa \u017cywno\u015b\u0107 (Novel Food) w UE i cz\u0119\u015bciach EOG nie mo\u017ce by\u0107 wprowadzany do obrotu jako suplement diety lub \u017cywno\u015b\u0107. Produkt ten jest zatem oferowany wy\u0142\u0105cznie jako surowiec bez zalecanego zastosowania i nie jest przeznaczony do spo\u017cycia. W 100% naturalny [&hellip;]<\/p>\n","protected":false},"featured_media":40483,"template":"","meta":{"_acf_changed":false},"product_brand":[],"product_cat":[569,570,540],"product_tag":[],"class_list":{"0":"post-797","1":"product","2":"type-product","3":"status-publish","4":"has-post-thumbnail","6":"product_cat-produkty-od-a-z","7":"product_cat-grzyby-witalne","8":"product_cat-organiczny","10":"first","11":"instock","12":"taxable","13":"shipping-taxable","14":"purchasable","15":"product-type-simple"},"acf":[],"_links":{"self":[{"href":"https:\/\/dev.vitalstoffversand.com\/pl\/wp-json\/wp\/v2\/product\/797","targetHints":{"allow":["GET"]}}],"collection":[{"href":"https:\/\/dev.vitalstoffversand.com\/pl\/wp-json\/wp\/v2\/product"}],"about":[{"href":"https:\/\/dev.vitalstoffversand.com\/pl\/wp-json\/wp\/v2\/types\/product"}],"wp:featuredmedia":[{"embeddable":true,"href":"https:\/\/dev.vitalstoffversand.com\/pl\/wp-json\/wp\/v2\/media\/40483"}],"wp:attachment":[{"href":"https:\/\/dev.vitalstoffversand.com\/pl\/wp-json\/wp\/v2\/media?parent=797"}],"wp:term":[{"taxonomy":"product_brand","embeddable":true,"href":"https:\/\/dev.vitalstoffversand.com\/pl\/wp-json\/wp\/v2\/product_brand?post=797"},{"taxonomy":"product_cat","embeddable":true,"href":"https:\/\/dev.vitalstoffversand.com\/pl\/wp-json\/wp\/v2\/product_cat?post=797"},{"taxonomy":"product_tag","embeddable":true,"href":"https:\/\/dev.vitalstoffversand.com\/pl\/wp-json\/wp\/v2\/product_tag?post=797"}],"curies":[{"name":"wp","href":"https:\/\/api.w.org\/{rel}","templated":true}]}}