{"id":748,"date":"2024-10-11T15:42:45","date_gmt":"2024-10-11T13:42:45","guid":{"rendered":"https:\/\/dev.vitalstoffversand.com\/produkt\/natura-med-organiczny-proszek-hericium\/"},"modified":"2026-03-11T12:41:08","modified_gmt":"2026-03-11T11:41:08","slug":"natura-med-organiczny-proszek-hericium","status":"publish","type":"product","link":"https:\/\/dev.vitalstoffversand.com\/pl\/produkt-pl\/natura-med-organiczny-proszek-hericium\/","title":{"rendered":"Natura Med <br>Organiczny proszek z grzyb\u00f3w Hericium &#8211; 100 g"},"content":{"rendered":"<p>Hericium erinaceus znany jest r\u00f3wnie\u017c pod nazw\u0105 grzyb je\u017cowy, grzyb ma\u0142pi, grzyb lwia grzywa lub Lion\u2019s Mane, a we Francji jako Pompon blanc.<\/p>\n<p>Grzyb ten pochodzi z Azji, gdzie od wiek\u00f3w jest ceniony i stosowany w tradycyjnej medycynie.<\/p>\n<p>W por\u00f3wnaniu do wielu innych produkt\u00f3w dost\u0119pnych na rynku, nasz proszek grzybowy jest uprawiany i przetwarzany zgodnie z najwy\u017cszymi standardami.<\/p>\n<ul>\n<li>W 100% naturalny \u2013 bez dodatk\u00f3w<\/li>\n<li>Wegan<\/li>\n<li>Bez glutenu<\/li>\n<li>Bez laktozy<\/li>\n<li>Bez GMO<\/li>\n<li>Wyprodukowane zgodnie z surowymi normami jako\u015bci UE<\/li>\n<\/ul>\n","protected":false},"excerpt":{"rendered":"<p>Organiczny proszek z grzyb\u00f3w Hericium to tradycyjnie ceniony grzyb leczniczy. Naturalny, wega\u0144ski i delikatnie przetworzony, aby zapewni\u0107 najwy\u017csz\u0105 jako\u015b\u0107 i wysok\u0105 biodost\u0119pno\u015b\u0107.<\/p>\n","protected":false},"featured_media":40307,"template":"","meta":{"_acf_changed":false},"product_brand":[10207],"product_cat":[570,540,569],"product_tag":[],"class_list":{"0":"post-748","1":"product","2":"type-product","3":"status-publish","4":"has-post-thumbnail","6":"product_brand-natura-med-pl","7":"product_cat-grzyby-witalne","8":"product_cat-organiczny","9":"product_cat-produkty-od-a-z","11":"first","12":"instock","13":"taxable","14":"shipping-taxable","15":"purchasable","16":"product-type-simple"},"acf":[],"_links":{"self":[{"href":"https:\/\/dev.vitalstoffversand.com\/pl\/wp-json\/wp\/v2\/product\/748","targetHints":{"allow":["GET"]}}],"collection":[{"href":"https:\/\/dev.vitalstoffversand.com\/pl\/wp-json\/wp\/v2\/product"}],"about":[{"href":"https:\/\/dev.vitalstoffversand.com\/pl\/wp-json\/wp\/v2\/types\/product"}],"wp:featuredmedia":[{"embeddable":true,"href":"https:\/\/dev.vitalstoffversand.com\/pl\/wp-json\/wp\/v2\/media\/40307"}],"wp:attachment":[{"href":"https:\/\/dev.vitalstoffversand.com\/pl\/wp-json\/wp\/v2\/media?parent=748"}],"wp:term":[{"taxonomy":"product_brand","embeddable":true,"href":"https:\/\/dev.vitalstoffversand.com\/pl\/wp-json\/wp\/v2\/product_brand?post=748"},{"taxonomy":"product_cat","embeddable":true,"href":"https:\/\/dev.vitalstoffversand.com\/pl\/wp-json\/wp\/v2\/product_cat?post=748"},{"taxonomy":"product_tag","embeddable":true,"href":"https:\/\/dev.vitalstoffversand.com\/pl\/wp-json\/wp\/v2\/product_tag?post=748"}],"curies":[{"name":"wp","href":"https:\/\/api.w.org\/{rel}","templated":true}]}}