{"id":67033,"date":"2026-01-13T18:28:12","date_gmt":"2026-01-13T17:28:12","guid":{"rendered":"https:\/\/vitalstoffversand.com\/produkt\/vit4ever-proszek-z-mio-inozytolu-300-g\/"},"modified":"2026-03-21T15:52:17","modified_gmt":"2026-03-21T14:52:17","slug":"vit4ever-proszek-z-mio-inozytolu-300-g","status":"publish","type":"product","link":"https:\/\/dev.vitalstoffversand.com\/pl\/produkt-pl\/vit4ever-proszek-z-mio-inozytolu-300-g\/","title":{"rendered":"Vit4ever <br>Proszek z mio-inozytolu \u2013 300 g"},"content":{"rendered":"<p>Myo-inozytol to substancja podobna do witaminy, kt\u00f3ra bierze udzia\u0142 w wielu procesach metabolicznych zachodz\u0105cych w naszym organizmie.<\/p>\n<p>Wyst\u0119puje naturalnie w naszym organizmie, jednak w wielu przypadkach suplementacja mo\u017ce by\u0107 ca\u0142kiem sensowna.<\/p>\n<ul>\n<li>Wegan<\/li>\n<li>Bez glutenu<\/li>\n<li>Bez laktozy<\/li>\n<li>Bez GMO<\/li>\n<li>Wyprodukowane zgodnie z surowymi normami jako\u015bci UE<\/li>\n<\/ul>\n","protected":false},"excerpt":{"rendered":"<p>Myo-inozytol to substancja podobna do witaminy, kt\u00f3ra bierze udzia\u0142 w wielu procesach metabolicznych zachodz\u0105cych w naszym organizmie. Wyst\u0119puje naturalnie w naszym organizmie, jednak w wielu przypadkach suplementacja mo\u017ce by\u0107 ca\u0142kiem sensowna. Wegan Bez glutenu Bez laktozy Bez GMO Wyprodukowane zgodnie z surowymi normami jako\u015bci UE<\/p>\n","protected":false},"featured_media":67032,"template":"","meta":{"_acf_changed":false},"product_brand":[10220],"product_cat":[560,569],"product_tag":[],"class_list":{"0":"post-67033","1":"product","2":"type-product","3":"status-publish","4":"has-post-thumbnail","6":"product_brand-vit4ever-pl","7":"product_cat-skladniki-odzywcze","8":"product_cat-produkty-od-a-z","10":"first","11":"instock","12":"taxable","13":"shipping-taxable","14":"purchasable","15":"product-type-simple"},"acf":[],"_links":{"self":[{"href":"https:\/\/dev.vitalstoffversand.com\/pl\/wp-json\/wp\/v2\/product\/67033","targetHints":{"allow":["GET"]}}],"collection":[{"href":"https:\/\/dev.vitalstoffversand.com\/pl\/wp-json\/wp\/v2\/product"}],"about":[{"href":"https:\/\/dev.vitalstoffversand.com\/pl\/wp-json\/wp\/v2\/types\/product"}],"wp:featuredmedia":[{"embeddable":true,"href":"https:\/\/dev.vitalstoffversand.com\/pl\/wp-json\/wp\/v2\/media\/67032"}],"wp:attachment":[{"href":"https:\/\/dev.vitalstoffversand.com\/pl\/wp-json\/wp\/v2\/media?parent=67033"}],"wp:term":[{"taxonomy":"product_brand","embeddable":true,"href":"https:\/\/dev.vitalstoffversand.com\/pl\/wp-json\/wp\/v2\/product_brand?post=67033"},{"taxonomy":"product_cat","embeddable":true,"href":"https:\/\/dev.vitalstoffversand.com\/pl\/wp-json\/wp\/v2\/product_cat?post=67033"},{"taxonomy":"product_tag","embeddable":true,"href":"https:\/\/dev.vitalstoffversand.com\/pl\/wp-json\/wp\/v2\/product_tag?post=67033"}],"curies":[{"name":"wp","href":"https:\/\/api.w.org\/{rel}","templated":true}]}}