{"id":66965,"date":"2026-01-13T18:25:07","date_gmt":"2026-01-13T17:25:07","guid":{"rendered":"https:\/\/vitalstoffversand.com\/produkt\/vit4ever-maslo-z-orzechow-nerkowca-biala-czekolada-i-cynamon-1000-g\/"},"modified":"2026-03-21T15:52:18","modified_gmt":"2026-03-21T14:52:18","slug":"vit4ever-maslo-z-orzechow-nerkowca-biala-czekolada-i-cynamon-1000-g","status":"publish","type":"product","link":"https:\/\/dev.vitalstoffversand.com\/pl\/produkt-pl\/vit4ever-maslo-z-orzechow-nerkowca-biala-czekolada-i-cynamon-1000-g\/","title":{"rendered":"Vit4ever <br>Mas\u0142o z orzech\u00f3w nerkowca \u2013 bia\u0142a czekolada i cynamon \u2013 1000 g"},"content":{"rendered":"<p>Pyszny krem z orzech\u00f3w nerkowca z bezcukrow\u0105 bia\u0142\u0105 czekolad\u0105 i delikatn\u0105 nut\u0105 cynamonu.<\/p>\n<p>Produkt \u0142\u0105czy w sobie kremow\u0105 konsystencj\u0119 z orzechowym, a jednocze\u015bnie delikatnie s\u0142odkim i przyjemnie pikantnym smakiem.<\/p>\n<p>Uwaga: W przypadku tego produktu normalnym zjawiskiem jest wyp\u0142ywanie oleju na powierzchni\u0119. Wystarczy kr\u00f3tko wymiesza\u0107, aby przywr\u00f3ci\u0107 kremow\u0105 konsystencj\u0119. <\/p>\n<ul>\n<li>Wegetaria\u0144skie<\/li>\n<li>Bez oleju palmowego<\/li>\n<li>Bez dodatku cukru<\/li>\n<li>Bez GMO<\/li>\n<li>Wyprodukowane zgodnie z surowymi normami jako\u015bci UE<\/li>\n<\/ul>\n","protected":false},"excerpt":{"rendered":"<p>Pyszny krem z orzech\u00f3w nerkowca z bezcukrow\u0105 bia\u0142\u0105 czekolad\u0105 i delikatn\u0105 nut\u0105 cynamonu. Produkt \u0142\u0105czy w sobie kremow\u0105 konsystencj\u0119 z orzechowym, a jednocze\u015bnie delikatnie s\u0142odkim i przyjemnie pikantnym smakiem. Uwaga: W przypadku tego produktu normalnym zjawiskiem jest wyp\u0142ywanie oleju na powierzchni\u0119. Wystarczy kr\u00f3tko wymiesza\u0107, aby przywr\u00f3ci\u0107 kremow\u0105 konsystencj\u0119. Wegetaria\u0144skie Bez oleju palmowego Bez dodatku cukru [&hellip;]<\/p>\n","protected":false},"featured_media":66964,"template":"","meta":{"_acf_changed":false},"product_brand":[10220],"product_cat":[549,569],"product_tag":[],"class_list":{"0":"post-66965","1":"product","2":"type-product","3":"status-publish","4":"has-post-thumbnail","6":"product_brand-vit4ever-pl","7":"product_cat-gotowanie-i-przekaski","8":"product_cat-produkty-od-a-z","10":"first","11":"instock","12":"taxable","13":"shipping-taxable","14":"purchasable","15":"product-type-simple"},"acf":[],"_links":{"self":[{"href":"https:\/\/dev.vitalstoffversand.com\/pl\/wp-json\/wp\/v2\/product\/66965","targetHints":{"allow":["GET"]}}],"collection":[{"href":"https:\/\/dev.vitalstoffversand.com\/pl\/wp-json\/wp\/v2\/product"}],"about":[{"href":"https:\/\/dev.vitalstoffversand.com\/pl\/wp-json\/wp\/v2\/types\/product"}],"wp:featuredmedia":[{"embeddable":true,"href":"https:\/\/dev.vitalstoffversand.com\/pl\/wp-json\/wp\/v2\/media\/66964"}],"wp:attachment":[{"href":"https:\/\/dev.vitalstoffversand.com\/pl\/wp-json\/wp\/v2\/media?parent=66965"}],"wp:term":[{"taxonomy":"product_brand","embeddable":true,"href":"https:\/\/dev.vitalstoffversand.com\/pl\/wp-json\/wp\/v2\/product_brand?post=66965"},{"taxonomy":"product_cat","embeddable":true,"href":"https:\/\/dev.vitalstoffversand.com\/pl\/wp-json\/wp\/v2\/product_cat?post=66965"},{"taxonomy":"product_tag","embeddable":true,"href":"https:\/\/dev.vitalstoffversand.com\/pl\/wp-json\/wp\/v2\/product_tag?post=66965"}],"curies":[{"name":"wp","href":"https:\/\/api.w.org\/{rel}","templated":true}]}}