{"id":66810,"date":"2026-01-09T14:30:58","date_gmt":"2026-01-09T13:30:58","guid":{"rendered":"https:\/\/vitalstoffversand.com\/produkt\/vit4ever-biotyna-365-tabletek\/"},"modified":"2026-03-21T15:52:34","modified_gmt":"2026-03-21T14:52:34","slug":"vit4ever-biotyna-365-tabletek","status":"publish","type":"product","link":"https:\/\/dev.vitalstoffversand.com\/pl\/produkt-pl\/vit4ever-biotyna-365-tabletek\/","title":{"rendered":"Vit4ever <br>Biotyna \u2013 365 tabletek"},"content":{"rendered":"<p>Biotyna znana jest wielu osobom r\u00f3wnie\u017c jako <strong><span style=\"color: #0000ff;\"><a href=\"https:\/\/dev.vitalstoffversand.com\/knowledge-base\/vitamin-b7-biotin\/\" target=\"_blank\" rel=\"noopener\">\u2192 witamina B7<\/a><\/span><\/strong> i nale\u017cy do grupy witamin z grupy B, kt\u00f3re s\u0105 niezb\u0119dne dla naszego organizmu.<\/p>\n<p>Biotyna jest rozpuszczalna w wodzie, dlatego umiarkowane, d\u0142ugotrwa\u0142e przedawkowanie nie stanowi zagro\u017cenia.<\/p>\n<ul>\n<li>Wegan<\/li>\n<li>Bez glutenu<\/li>\n<li>Bez laktozy<\/li>\n<li>Bez GMO<\/li>\n<li>Wyprodukowane zgodnie z surowymi normami jako\u015bci UE<\/li>\n<\/ul>\n","protected":false},"excerpt":{"rendered":"<p>Biotyna znana jest wielu osobom r\u00f3wnie\u017c jako \u2192 witamina B7 i nale\u017cy do grupy witamin z grupy B, kt\u00f3re s\u0105 niezb\u0119dne dla naszego organizmu. Biotyna jest rozpuszczalna w wodzie, dlatego umiarkowane, d\u0142ugotrwa\u0142e przedawkowanie nie stanowi zagro\u017cenia. Wegan Bez glutenu Bez laktozy Bez GMO Wyprodukowane zgodnie z surowymi normami jako\u015bci UE<\/p>\n","protected":false},"featured_media":66804,"template":"","meta":{"_acf_changed":false},"product_brand":[10220],"product_cat":[560,569],"product_tag":[],"class_list":{"0":"post-66810","1":"product","2":"type-product","3":"status-publish","4":"has-post-thumbnail","6":"product_brand-vit4ever-pl","7":"product_cat-skladniki-odzywcze","8":"product_cat-produkty-od-a-z","10":"first","11":"instock","12":"taxable","13":"shipping-taxable","14":"purchasable","15":"product-type-simple"},"acf":[],"_links":{"self":[{"href":"https:\/\/dev.vitalstoffversand.com\/pl\/wp-json\/wp\/v2\/product\/66810","targetHints":{"allow":["GET"]}}],"collection":[{"href":"https:\/\/dev.vitalstoffversand.com\/pl\/wp-json\/wp\/v2\/product"}],"about":[{"href":"https:\/\/dev.vitalstoffversand.com\/pl\/wp-json\/wp\/v2\/types\/product"}],"wp:featuredmedia":[{"embeddable":true,"href":"https:\/\/dev.vitalstoffversand.com\/pl\/wp-json\/wp\/v2\/media\/66804"}],"wp:attachment":[{"href":"https:\/\/dev.vitalstoffversand.com\/pl\/wp-json\/wp\/v2\/media?parent=66810"}],"wp:term":[{"taxonomy":"product_brand","embeddable":true,"href":"https:\/\/dev.vitalstoffversand.com\/pl\/wp-json\/wp\/v2\/product_brand?post=66810"},{"taxonomy":"product_cat","embeddable":true,"href":"https:\/\/dev.vitalstoffversand.com\/pl\/wp-json\/wp\/v2\/product_cat?post=66810"},{"taxonomy":"product_tag","embeddable":true,"href":"https:\/\/dev.vitalstoffversand.com\/pl\/wp-json\/wp\/v2\/product_tag?post=66810"}],"curies":[{"name":"wp","href":"https:\/\/api.w.org\/{rel}","templated":true}]}}