{"id":66786,"date":"2026-01-09T14:28:03","date_gmt":"2026-01-09T13:28:03","guid":{"rendered":"https:\/\/vitalstoffversand.com\/produkt\/vit4ever-collavant-n2-kompleks-kolagenu-typu-2-60-kapsulek\/"},"modified":"2026-03-21T15:52:36","modified_gmt":"2026-03-21T14:52:36","slug":"vit4ever-collavant-n2-kompleks-kolagenu-typu-2-60-kapsulek","status":"publish","type":"product","link":"https:\/\/dev.vitalstoffversand.com\/pl\/produkt-pl\/vit4ever-collavant-n2-kompleks-kolagenu-typu-2-60-kapsulek\/","title":{"rendered":"Vit4ever <br>Collavant\u00ae\u202fn2 \u2013 kompleks kolagenu typu 2 \u2013 60 kapsu\u0142ek"},"content":{"rendered":"<p>Kompleks kolagenu typu II, sk\u0142adaj\u0105cy si\u0119 z opatentowanego surowca kolagenu Collavant\u00ae n2, kwasu hialuronowego i ekstraktu z kadzid\u0142owca, <strong><a href=\"https:\/\/dev.vitalstoffversand.com\/knowledge-base\/vitamin-c\/\" target=\"_blank\" rel=\"noopener\"><span style=\"color: #0000ff;\">\u2192 witamina C<\/span><\/a><\/strong> oraz <a href=\"https:\/\/dev.vitalstoffversand.com\/knowledge-base\/mangan\/\" target=\"_blank\" rel=\"noopener\"><strong><span style=\"color: #0000ff;\">\u2192 mangan<\/span><\/strong><\/a><span style=\"color: #000000;\">.<\/span><\/p>\n<p>Ta formu\u0142a stanowi przemy\u015blany zestaw sk\u0142adnik\u00f3w od\u017cywczych wspomagaj\u0105cych zdrowie staw\u00f3w i tkanki \u0142\u0105cznej.<\/p>\n<ul>\n<li>Bez glutenu<\/li>\n<li>Bez laktozy<\/li>\n<li>Bez GMO<\/li>\n<li>Wyprodukowane zgodnie z surowymi normami jako\u015bci UE<\/li>\n<\/ul>\n","protected":false},"excerpt":{"rendered":"<p>Kompleks kolagenu typu II, sk\u0142adaj\u0105cy si\u0119 z opatentowanego surowca kolagenu Collavant\u00ae n2, kwasu hialuronowego i ekstraktu z kadzid\u0142owca, \u2192 witamina C oraz \u2192 mangan. Ta formu\u0142a stanowi przemy\u015blany zestaw sk\u0142adnik\u00f3w od\u017cywczych wspomagaj\u0105cych zdrowie staw\u00f3w i tkanki \u0142\u0105cznej. Bez glutenu Bez laktozy Bez GMO Wyprodukowane zgodnie z surowymi normami jako\u015bci UE<\/p>\n","protected":false},"featured_media":66776,"template":"","meta":{"_acf_changed":false},"product_brand":[10220],"product_cat":[560,569],"product_tag":[],"class_list":{"0":"post-66786","1":"product","2":"type-product","3":"status-publish","4":"has-post-thumbnail","6":"product_brand-vit4ever-pl","7":"product_cat-skladniki-odzywcze","8":"product_cat-produkty-od-a-z","10":"first","11":"instock","12":"taxable","13":"shipping-taxable","14":"purchasable","15":"product-type-simple"},"acf":[],"_links":{"self":[{"href":"https:\/\/dev.vitalstoffversand.com\/pl\/wp-json\/wp\/v2\/product\/66786","targetHints":{"allow":["GET"]}}],"collection":[{"href":"https:\/\/dev.vitalstoffversand.com\/pl\/wp-json\/wp\/v2\/product"}],"about":[{"href":"https:\/\/dev.vitalstoffversand.com\/pl\/wp-json\/wp\/v2\/types\/product"}],"wp:featuredmedia":[{"embeddable":true,"href":"https:\/\/dev.vitalstoffversand.com\/pl\/wp-json\/wp\/v2\/media\/66776"}],"wp:attachment":[{"href":"https:\/\/dev.vitalstoffversand.com\/pl\/wp-json\/wp\/v2\/media?parent=66786"}],"wp:term":[{"taxonomy":"product_brand","embeddable":true,"href":"https:\/\/dev.vitalstoffversand.com\/pl\/wp-json\/wp\/v2\/product_brand?post=66786"},{"taxonomy":"product_cat","embeddable":true,"href":"https:\/\/dev.vitalstoffversand.com\/pl\/wp-json\/wp\/v2\/product_cat?post=66786"},{"taxonomy":"product_tag","embeddable":true,"href":"https:\/\/dev.vitalstoffversand.com\/pl\/wp-json\/wp\/v2\/product_tag?post=66786"}],"curies":[{"name":"wp","href":"https:\/\/api.w.org\/{rel}","templated":true}]}}