{"id":66660,"date":"2025-10-08T13:39:09","date_gmt":"2025-10-08T11:39:09","guid":{"rendered":"https:\/\/vitalstoffversand.com\/produkt\/vit4ever-maslo-orzechowe-w-proszku-light-500-g\/"},"modified":"2026-03-21T15:52:54","modified_gmt":"2026-03-21T14:52:54","slug":"vit4ever-maslo-orzechowe-w-proszku-light-500-g","status":"publish","type":"product","link":"https:\/\/dev.vitalstoffversand.com\/pl\/produkt-pl\/vit4ever-maslo-orzechowe-w-proszku-light-500-g\/","title":{"rendered":"Vit4ever <br>Mas\u0142o orzechowe w proszku Light \u2013 500 g"},"content":{"rendered":"<p>Dzi\u0119ki mas\u0142u orzechowemu w proszku mo\u017cesz cieszy\u0107 si\u0119 pe\u0142nym smakiem bez wyrzut\u00f3w sumienia zwi\u0105zanych z zawarto\u015bci\u0105 t\u0142uszczu i kalorii w zwyk\u0142ym ma\u015ble orzechowym.<\/p>\n<p>Ten proszek zawiera o 85% mniej t\u0142uszczu ni\u017c zwyk\u0142e mas\u0142o orzechowe, ale zachowuje pe\u0142ny aromat i smak.<\/p>\n<ul>\n<li>Wegan<\/li>\n<li>Bez glutenu<\/li>\n<li>Bez laktozy<\/li>\n<li>Bez GMO<\/li>\n<li>Wyprodukowane zgodnie z surowymi normami jako\u015bci UE<\/li>\n<\/ul>\n","protected":false},"excerpt":{"rendered":"<p>Dzi\u0119ki mas\u0142u orzechowemu w proszku mo\u017cesz cieszy\u0107 si\u0119 pe\u0142nym smakiem bez wyrzut\u00f3w sumienia zwi\u0105zanych z zawarto\u015bci\u0105 t\u0142uszczu i kalorii w zwyk\u0142ym ma\u015ble orzechowym. Ten proszek zawiera o 85% mniej t\u0142uszczu ni\u017c zwyk\u0142e mas\u0142o orzechowe, ale zachowuje pe\u0142ny aromat i smak. Wegan Bez glutenu Bez laktozy Bez GMO Wyprodukowane zgodnie z surowymi normami jako\u015bci UE<\/p>\n","protected":false},"featured_media":66651,"template":"","meta":{"_acf_changed":false},"product_brand":[10220],"product_cat":[549,569],"product_tag":[],"class_list":{"0":"post-66660","1":"product","2":"type-product","3":"status-publish","4":"has-post-thumbnail","6":"product_brand-vit4ever-pl","7":"product_cat-gotowanie-i-przekaski","8":"product_cat-produkty-od-a-z","10":"first","11":"instock","12":"taxable","13":"shipping-taxable","14":"purchasable","15":"product-type-simple"},"acf":[],"_links":{"self":[{"href":"https:\/\/dev.vitalstoffversand.com\/pl\/wp-json\/wp\/v2\/product\/66660","targetHints":{"allow":["GET"]}}],"collection":[{"href":"https:\/\/dev.vitalstoffversand.com\/pl\/wp-json\/wp\/v2\/product"}],"about":[{"href":"https:\/\/dev.vitalstoffversand.com\/pl\/wp-json\/wp\/v2\/types\/product"}],"wp:featuredmedia":[{"embeddable":true,"href":"https:\/\/dev.vitalstoffversand.com\/pl\/wp-json\/wp\/v2\/media\/66651"}],"wp:attachment":[{"href":"https:\/\/dev.vitalstoffversand.com\/pl\/wp-json\/wp\/v2\/media?parent=66660"}],"wp:term":[{"taxonomy":"product_brand","embeddable":true,"href":"https:\/\/dev.vitalstoffversand.com\/pl\/wp-json\/wp\/v2\/product_brand?post=66660"},{"taxonomy":"product_cat","embeddable":true,"href":"https:\/\/dev.vitalstoffversand.com\/pl\/wp-json\/wp\/v2\/product_cat?post=66660"},{"taxonomy":"product_tag","embeddable":true,"href":"https:\/\/dev.vitalstoffversand.com\/pl\/wp-json\/wp\/v2\/product_tag?post=66660"}],"curies":[{"name":"wp","href":"https:\/\/api.w.org\/{rel}","templated":true}]}}