{"id":66404,"date":"2025-10-08T13:32:20","date_gmt":"2025-10-08T11:32:20","guid":{"rendered":"https:\/\/vitalstoffversand.com\/produkt\/vit4ever-krem-z-migdalow-dark-roasted-crunchy-1000-g\/"},"modified":"2026-03-21T15:53:03","modified_gmt":"2026-03-21T14:53:03","slug":"vit4ever-krem-z-migdalow-dark-roasted-crunchy-1000-g","status":"publish","type":"product","link":"https:\/\/dev.vitalstoffversand.com\/pl\/produkt-pl\/vit4ever-krem-z-migdalow-dark-roasted-crunchy-1000-g\/","title":{"rendered":"Vit4ever <br>Krem z migda\u0142\u00f3w Dark Roasted Crunchy \u2013 1000 g"},"content":{"rendered":"<p>Ciemno pra\u017cone mas\u0142o migda\u0142owe o intensywnym smaku migda\u0142\u00f3w i kremowo-chrupi\u0105cej konsystencji.<\/p>\n<p>W 99 procentach sk\u0142ada si\u0119 z nieblanszowanych, pra\u017conych migda\u0142\u00f3w.<\/p>\n<p>Smaczne i bogate w bia\u0142ko.<\/p>\n<p>Uwaga: W przypadku tego produktu normalnym zjawiskiem jest wyp\u0142ywanie oleju na powierzchni\u0119. Wystarczy kr\u00f3tko wymiesza\u0107, aby przywr\u00f3ci\u0107 kremow\u0105 konsystencj\u0119. <\/p>\n<ul>\n<li>Wegan<\/li>\n<li>Bez glutenu<\/li>\n<li>Bez laktozy<\/li>\n<li>Bez oleju palmowego<\/li>\n<li>Bez dodatku cukru<\/li>\n<li>Bez GMO<\/li>\n<li>Wyprodukowane zgodnie z surowymi normami jako\u015bci UE<\/li>\n<\/ul>\n","protected":false},"excerpt":{"rendered":"<p>Ciemno pra\u017cone mas\u0142o migda\u0142owe o intensywnym smaku migda\u0142\u00f3w i kremowo-chrupi\u0105cej konsystencji. W 99 procentach sk\u0142ada si\u0119 z nieblanszowanych, pra\u017conych migda\u0142\u00f3w. Smaczne i bogate w bia\u0142ko. Uwaga: W przypadku tego produktu normalnym zjawiskiem jest wyp\u0142ywanie oleju na powierzchni\u0119. Wystarczy kr\u00f3tko wymiesza\u0107, aby przywr\u00f3ci\u0107 kremow\u0105 konsystencj\u0119. Wegan Bez glutenu Bez laktozy Bez oleju palmowego Bez dodatku cukru [&hellip;]<\/p>\n","protected":false},"featured_media":58761,"template":"","meta":{"_acf_changed":false},"product_brand":[10220],"product_cat":[549,569],"product_tag":[],"class_list":{"0":"post-66404","1":"product","2":"type-product","3":"status-publish","4":"has-post-thumbnail","6":"product_brand-vit4ever-pl","7":"product_cat-gotowanie-i-przekaski","8":"product_cat-produkty-od-a-z","10":"first","11":"outofstock","12":"taxable","13":"shipping-taxable","14":"purchasable","15":"product-type-simple"},"acf":[],"_links":{"self":[{"href":"https:\/\/dev.vitalstoffversand.com\/pl\/wp-json\/wp\/v2\/product\/66404","targetHints":{"allow":["GET"]}}],"collection":[{"href":"https:\/\/dev.vitalstoffversand.com\/pl\/wp-json\/wp\/v2\/product"}],"about":[{"href":"https:\/\/dev.vitalstoffversand.com\/pl\/wp-json\/wp\/v2\/types\/product"}],"wp:featuredmedia":[{"embeddable":true,"href":"https:\/\/dev.vitalstoffversand.com\/pl\/wp-json\/wp\/v2\/media\/58761"}],"wp:attachment":[{"href":"https:\/\/dev.vitalstoffversand.com\/pl\/wp-json\/wp\/v2\/media?parent=66404"}],"wp:term":[{"taxonomy":"product_brand","embeddable":true,"href":"https:\/\/dev.vitalstoffversand.com\/pl\/wp-json\/wp\/v2\/product_brand?post=66404"},{"taxonomy":"product_cat","embeddable":true,"href":"https:\/\/dev.vitalstoffversand.com\/pl\/wp-json\/wp\/v2\/product_cat?post=66404"},{"taxonomy":"product_tag","embeddable":true,"href":"https:\/\/dev.vitalstoffversand.com\/pl\/wp-json\/wp\/v2\/product_tag?post=66404"}],"curies":[{"name":"wp","href":"https:\/\/api.w.org\/{rel}","templated":true}]}}