{"id":66399,"date":"2025-10-08T13:30:31","date_gmt":"2025-10-08T11:30:31","guid":{"rendered":"https:\/\/vitalstoffversand.com\/produkt\/vit4ever-plynne-bialko-jajeczne-970-ml\/"},"modified":"2026-03-21T15:53:05","modified_gmt":"2026-03-21T14:53:05","slug":"vit4ever-plynne-bialko-jajeczne-970-ml","status":"publish","type":"product","link":"https:\/\/dev.vitalstoffversand.com\/pl\/produkt-pl\/vit4ever-plynne-bialko-jajeczne-970-ml\/","title":{"rendered":"Vit4ever <br>P\u0142ynne bia\u0142ko jajeczne \u2013 970 ml"},"content":{"rendered":"<p>P\u0142ynne bia\u0142ko jaj kurzych z chowu na wolnym wybiegu.<\/p>\n<p>Jedna butelka odpowiada 32 \u015bwie\u017cym jajkom i stanowi wysokiej jako\u015bci naturalne \u017ar\u00f3d\u0142o bia\u0142ka.<\/p>\n<ul>\n<li>Bez glutenu<\/li>\n<li>Bez laktozy<\/li>\n<li>Bez GMO<\/li>\n<li>Wyprodukowane zgodnie z surowymi normami jako\u015bci UE<\/li>\n<\/ul>\n","protected":false},"excerpt":{"rendered":"<p>P\u0142ynne bia\u0142ko jaj kurzych z chowu na wolnym wybiegu. Jedna butelka odpowiada 32 \u015bwie\u017cym jajkom i stanowi wysokiej jako\u015bci naturalne \u017ar\u00f3d\u0142o bia\u0142ka. Bez glutenu Bez laktozy Bez GMO Wyprodukowane zgodnie z surowymi normami jako\u015bci UE<\/p>\n","protected":false},"featured_media":58753,"template":"","meta":{"_acf_changed":false},"product_brand":[10220],"product_cat":[549,557,569],"product_tag":[],"class_list":{"0":"post-66399","1":"product","2":"type-product","3":"status-publish","4":"has-post-thumbnail","6":"product_brand-vit4ever-pl","7":"product_cat-gotowanie-i-przekaski","8":"product_cat-bialka","9":"product_cat-produkty-od-a-z","11":"first","12":"instock","13":"taxable","14":"shipping-taxable","15":"purchasable","16":"product-type-simple"},"acf":[],"_links":{"self":[{"href":"https:\/\/dev.vitalstoffversand.com\/pl\/wp-json\/wp\/v2\/product\/66399","targetHints":{"allow":["GET"]}}],"collection":[{"href":"https:\/\/dev.vitalstoffversand.com\/pl\/wp-json\/wp\/v2\/product"}],"about":[{"href":"https:\/\/dev.vitalstoffversand.com\/pl\/wp-json\/wp\/v2\/types\/product"}],"wp:featuredmedia":[{"embeddable":true,"href":"https:\/\/dev.vitalstoffversand.com\/pl\/wp-json\/wp\/v2\/media\/58753"}],"wp:attachment":[{"href":"https:\/\/dev.vitalstoffversand.com\/pl\/wp-json\/wp\/v2\/media?parent=66399"}],"wp:term":[{"taxonomy":"product_brand","embeddable":true,"href":"https:\/\/dev.vitalstoffversand.com\/pl\/wp-json\/wp\/v2\/product_brand?post=66399"},{"taxonomy":"product_cat","embeddable":true,"href":"https:\/\/dev.vitalstoffversand.com\/pl\/wp-json\/wp\/v2\/product_cat?post=66399"},{"taxonomy":"product_tag","embeddable":true,"href":"https:\/\/dev.vitalstoffversand.com\/pl\/wp-json\/wp\/v2\/product_tag?post=66399"}],"curies":[{"name":"wp","href":"https:\/\/api.w.org\/{rel}","templated":true}]}}