{"id":66315,"date":"2025-10-08T13:26:25","date_gmt":"2025-10-08T11:26:25","guid":{"rendered":"https:\/\/vitalstoffversand.com\/produkt\/vit4ever-barista-whey-protein-coffee-rozne-smaki\/"},"modified":"2025-10-08T13:26:25","modified_gmt":"2025-10-08T11:26:25","slug":"vit4ever-barista-whey-protein-coffee-rozne-smaki","status":"publish","type":"product","link":"https:\/\/dev.vitalstoffversand.com\/pl\/produkt-pl\/vit4ever-barista-whey-protein-coffee-rozne-smaki\/","title":{"rendered":"Vit4ever <br>Barista Whey Protein Coffee \u2013 r\u00f3\u017cne smaki"},"content":{"rendered":"<p>Kto rano ma do wyboru kaw\u0119 albo koktajl proteinowy, staje przed trudnym wyborem.<\/p>\n<p>Kawa Barista Protein oszcz\u0119dza Ci tego dylematu, poniewa\u017c \u0142\u0105czy w sobie to, co najlepsze z obu \u015bwiat\u00f3w.<\/p>\n<p>Bogaty smak kawy w po\u0142\u0105czeniu z wysokiej jako\u015bci bia\u0142kiem serwatkowym z dodatkiem laktazy, zapewniaj\u0105cym lepsz\u0105 przyswajalno\u015b\u0107.<\/p>\n<ul>\n<li>Bez glutenu<\/li>\n<li>Bez GMO<\/li>\n<li>Wyprodukowane zgodnie z surowymi normami jako\u015bci UE<\/li>\n<\/ul>\n","protected":false},"excerpt":{"rendered":"<p>Kto rano ma do wyboru kaw\u0119 albo koktajl proteinowy, staje przed trudnym wyborem. Kawa Barista Protein oszcz\u0119dza Ci tego dylematu, poniewa\u017c \u0142\u0105czy w sobie to, co najlepsze z obu \u015bwiat\u00f3w. Bogaty smak kawy w po\u0142\u0105czeniu z wysokiej jako\u015bci bia\u0142kiem serwatkowym z dodatkiem laktazy, zapewniaj\u0105cym lepsz\u0105 przyswajalno\u015b\u0107. Bez glutenu Bez GMO Wyprodukowane zgodnie z surowymi normami [&hellip;]<\/p>\n","protected":false},"featured_media":58585,"template":"","meta":{"_acf_changed":false},"product_brand":[10220],"product_cat":[557,569],"product_tag":[],"class_list":{"0":"post-66315","1":"product","2":"type-product","3":"status-publish","4":"has-post-thumbnail","6":"product_brand-vit4ever-pl","7":"product_cat-bialka","8":"product_cat-produkty-od-a-z","10":"first","11":"instock","12":"taxable","13":"shipping-taxable","14":"purchasable","15":"product-type-variable"},"acf":[],"_links":{"self":[{"href":"https:\/\/dev.vitalstoffversand.com\/pl\/wp-json\/wp\/v2\/product\/66315","targetHints":{"allow":["GET"]}}],"collection":[{"href":"https:\/\/dev.vitalstoffversand.com\/pl\/wp-json\/wp\/v2\/product"}],"about":[{"href":"https:\/\/dev.vitalstoffversand.com\/pl\/wp-json\/wp\/v2\/types\/product"}],"wp:featuredmedia":[{"embeddable":true,"href":"https:\/\/dev.vitalstoffversand.com\/pl\/wp-json\/wp\/v2\/media\/58585"}],"wp:attachment":[{"href":"https:\/\/dev.vitalstoffversand.com\/pl\/wp-json\/wp\/v2\/media?parent=66315"}],"wp:term":[{"taxonomy":"product_brand","embeddable":true,"href":"https:\/\/dev.vitalstoffversand.com\/pl\/wp-json\/wp\/v2\/product_brand?post=66315"},{"taxonomy":"product_cat","embeddable":true,"href":"https:\/\/dev.vitalstoffversand.com\/pl\/wp-json\/wp\/v2\/product_cat?post=66315"},{"taxonomy":"product_tag","embeddable":true,"href":"https:\/\/dev.vitalstoffversand.com\/pl\/wp-json\/wp\/v2\/product_tag?post=66315"}],"curies":[{"name":"wp","href":"https:\/\/api.w.org\/{rel}","templated":true}]}}