{"id":66278,"date":"2025-07-07T17:26:27","date_gmt":"2025-07-07T15:26:27","guid":{"rendered":"https:\/\/vitalstoffversand.com\/produkt\/vit4ever-isotonic-plus-1050-g-rozne-smaki\/"},"modified":"2025-07-07T17:26:27","modified_gmt":"2025-07-07T15:26:27","slug":"vit4ever-isotonic-plus-1050-g-rozne-smaki","status":"publish","type":"product","link":"https:\/\/dev.vitalstoffversand.com\/pl\/produkt-pl\/vit4ever-isotonic-plus-1050-g-rozne-smaki\/","title":{"rendered":"Vit4ever <br>Isotonic Plus \u2013 1050 g \u2013 r\u00f3\u017cne smaki"},"content":{"rendered":"<p>Isotonic Plus to nap\u00f3j nawadniaj\u0105cy i regeneracyjny, stworzony z my\u015bl\u0105 o zapewnieniu wsparcia po intensywnym treningu, sesji wytrzyma\u0142o\u015bciowej lub aktywnym dniu.<\/p>\n<p>Po\u0142\u0105czenie szybko przyswajalnych w\u0119glowodan\u00f3w, witamin i wyci\u0105gu z macy pomaga uzupe\u0142ni\u0107 utracone p\u0142yny i minera\u0142y.<\/p>\n<ul>\n<li>Wegan<\/li>\n<li>Bez glutenu<\/li>\n<li>Bez laktozy<\/li>\n<li>Bez GMO<\/li>\n<li>Wyprodukowane zgodnie z surowymi normami jako\u015bci UE<\/li>\n<\/ul>\n","protected":false},"excerpt":{"rendered":"<p>Isotonic Plus to nap\u00f3j nawadniaj\u0105cy i regeneracyjny, stworzony z my\u015bl\u0105 o zapewnieniu wsparcia po intensywnym treningu, sesji wytrzyma\u0142o\u015bciowej lub aktywnym dniu. Po\u0142\u0105czenie szybko przyswajalnych w\u0119glowodan\u00f3w, witamin i wyci\u0105gu z macy pomaga uzupe\u0142ni\u0107 utracone p\u0142yny i minera\u0142y. Wegan Bez glutenu Bez laktozy Bez GMO Wyprodukowane zgodnie z surowymi normami jako\u015bci UE<\/p>\n","protected":false},"featured_media":58481,"template":"","meta":{"_acf_changed":false},"product_brand":[10220],"product_cat":[560,569],"product_tag":[],"class_list":{"0":"post-66278","1":"product","2":"type-product","3":"status-publish","4":"has-post-thumbnail","6":"product_brand-vit4ever-pl","7":"product_cat-skladniki-odzywcze","8":"product_cat-produkty-od-a-z","10":"first","11":"instock","12":"taxable","13":"shipping-taxable","14":"purchasable","15":"product-type-variable"},"acf":[],"_links":{"self":[{"href":"https:\/\/dev.vitalstoffversand.com\/pl\/wp-json\/wp\/v2\/product\/66278","targetHints":{"allow":["GET"]}}],"collection":[{"href":"https:\/\/dev.vitalstoffversand.com\/pl\/wp-json\/wp\/v2\/product"}],"about":[{"href":"https:\/\/dev.vitalstoffversand.com\/pl\/wp-json\/wp\/v2\/types\/product"}],"wp:featuredmedia":[{"embeddable":true,"href":"https:\/\/dev.vitalstoffversand.com\/pl\/wp-json\/wp\/v2\/media\/58481"}],"wp:attachment":[{"href":"https:\/\/dev.vitalstoffversand.com\/pl\/wp-json\/wp\/v2\/media?parent=66278"}],"wp:term":[{"taxonomy":"product_brand","embeddable":true,"href":"https:\/\/dev.vitalstoffversand.com\/pl\/wp-json\/wp\/v2\/product_brand?post=66278"},{"taxonomy":"product_cat","embeddable":true,"href":"https:\/\/dev.vitalstoffversand.com\/pl\/wp-json\/wp\/v2\/product_cat?post=66278"},{"taxonomy":"product_tag","embeddable":true,"href":"https:\/\/dev.vitalstoffversand.com\/pl\/wp-json\/wp\/v2\/product_tag?post=66278"}],"curies":[{"name":"wp","href":"https:\/\/api.w.org\/{rel}","templated":true}]}}