{"id":66246,"date":"2025-07-07T17:22:43","date_gmt":"2025-07-07T15:22:43","guid":{"rendered":"https:\/\/vitalstoffversand.com\/produkt\/vit4ever-maslo-orzechowe-biala-czekolada-500-g\/"},"modified":"2025-07-07T17:22:43","modified_gmt":"2025-07-07T15:22:43","slug":"vit4ever-maslo-orzechowe-biala-czekolada-500-g","status":"publish","type":"product","link":"https:\/\/dev.vitalstoffversand.com\/pl\/produkt-pl\/vit4ever-maslo-orzechowe-biala-czekolada-500-g\/","title":{"rendered":"Vit4ever <br>Mas\u0142o orzechowe + bia\u0142a czekolada \u2013 500 g"},"content":{"rendered":"<p>Mas\u0142o orzechowe z bia\u0142\u0105 czekolad\u0105.<\/p>\n<p>Delikatna i kremowa konsystencja zapewnia czyst\u0105 przyjemno\u015b\u0107 oraz daje szerokie mo\u017cliwo\u015bci zastosowania.<\/p>\n<p>Uwaga: W przypadku tego produktu normalnym zjawiskiem jest wyp\u0142ywanie oleju na powierzchni\u0119. Wystarczy kr\u00f3tko wymiesza\u0107, aby przywr\u00f3ci\u0107 kremow\u0105 konsystencj\u0119. <\/p>\n<ul>\n<li>70% pra\u017conych orzeszk\u00f3w ziemnych + 30% bia\u0142ej czekolady<\/li>\n<li>Bez dodatku cukru<\/li>\n<li>Bez oleju palmowego<\/li>\n<li>Wysoka zawarto\u015b\u0107 b\u0142onnika i bia\u0142ka<\/li>\n<\/ul>\n","protected":false},"excerpt":{"rendered":"<p>Mas\u0142o orzechowe z bia\u0142\u0105 czekolad\u0105. Delikatna i kremowa konsystencja zapewnia czyst\u0105 przyjemno\u015b\u0107 oraz daje szerokie mo\u017cliwo\u015bci zastosowania. Uwaga: W przypadku tego produktu normalnym zjawiskiem jest wyp\u0142ywanie oleju na powierzchni\u0119. Wystarczy kr\u00f3tko wymiesza\u0107, aby przywr\u00f3ci\u0107 kremow\u0105 konsystencj\u0119. 70% pra\u017conych orzeszk\u00f3w ziemnych + 30% bia\u0142ej czekolady Bez dodatku cukru Bez oleju palmowego Wysoka zawarto\u015b\u0107 b\u0142onnika i bia\u0142ka<\/p>\n","protected":false},"featured_media":58409,"template":"","meta":{"_acf_changed":false},"product_brand":[10220],"product_cat":[549,569],"product_tag":[],"class_list":{"0":"post-66246","1":"product","2":"type-product","3":"status-publish","4":"has-post-thumbnail","6":"product_brand-vit4ever-pl","7":"product_cat-gotowanie-i-przekaski","8":"product_cat-produkty-od-a-z","10":"first","11":"instock","12":"taxable","13":"shipping-taxable","14":"purchasable","15":"product-type-simple"},"acf":[],"_links":{"self":[{"href":"https:\/\/dev.vitalstoffversand.com\/pl\/wp-json\/wp\/v2\/product\/66246","targetHints":{"allow":["GET"]}}],"collection":[{"href":"https:\/\/dev.vitalstoffversand.com\/pl\/wp-json\/wp\/v2\/product"}],"about":[{"href":"https:\/\/dev.vitalstoffversand.com\/pl\/wp-json\/wp\/v2\/types\/product"}],"wp:featuredmedia":[{"embeddable":true,"href":"https:\/\/dev.vitalstoffversand.com\/pl\/wp-json\/wp\/v2\/media\/58409"}],"wp:attachment":[{"href":"https:\/\/dev.vitalstoffversand.com\/pl\/wp-json\/wp\/v2\/media?parent=66246"}],"wp:term":[{"taxonomy":"product_brand","embeddable":true,"href":"https:\/\/dev.vitalstoffversand.com\/pl\/wp-json\/wp\/v2\/product_brand?post=66246"},{"taxonomy":"product_cat","embeddable":true,"href":"https:\/\/dev.vitalstoffversand.com\/pl\/wp-json\/wp\/v2\/product_cat?post=66246"},{"taxonomy":"product_tag","embeddable":true,"href":"https:\/\/dev.vitalstoffversand.com\/pl\/wp-json\/wp\/v2\/product_tag?post=66246"}],"curies":[{"name":"wp","href":"https:\/\/api.w.org\/{rel}","templated":true}]}}