{"id":66234,"date":"2025-06-11T17:06:58","date_gmt":"2025-06-11T15:06:58","guid":{"rendered":"https:\/\/vitalstoffversand.com\/produkt\/vit4ever-ashwagandha-ksm-66-complex-180-kapsulek\/"},"modified":"2025-06-11T17:06:58","modified_gmt":"2025-06-11T15:06:58","slug":"vit4ever-ashwagandha-ksm-66-complex-180-kapsulek","status":"publish","type":"product","link":"https:\/\/dev.vitalstoffversand.com\/pl\/produkt-pl\/vit4ever-ashwagandha-ksm-66-complex-180-kapsulek\/","title":{"rendered":"Vit4ever <br>Ashwagandha KSM-66 Complex &#8211; 180 kapsu\u0142ek"},"content":{"rendered":"<p>Ashwagandha (Withania somnifera) od wiek\u00f3w stanowi integraln\u0105 cz\u0119\u015b\u0107 ajurwedyjskiej botaniki i zyskuje coraz wi\u0119ksz\u0105 popularno\u015b\u0107 r\u00f3wnie\u017c w krajach zachodnich.<\/p>\n<p>KSM-66\u00ae zapewnia opatentowany, szczeg\u00f3lnie wysokiej jako\u015bci ekstrakt z korzenia, kt\u00f3ry jest po\u0142\u0105czony w tym produkcie z <a href=\"https:\/\/dev.vitalstoffversand.com\/knowledge-base\/magnesium\/\" target=\"_blank\" rel=\"noopener\"><strong><span style=\"color: #0000ff;\">\u2192 Magnez<\/span><\/strong><\/a>, <a href=\"https:\/\/dev.vitalstoffversand.com\/knowledge-base\/zink\/\" target=\"_blank\" rel=\"noopener\"><strong><span style=\"color: #0000ff;\">\u2192 cynkiem<\/span><\/strong><\/a> i <a href=\"https:\/\/dev.vitalstoffversand.com\/knowledge-base\/vitamin-b6\/\" target=\"_blank\" rel=\"noopener\"><strong><span style=\"color: #0000ff;\">\u2192 witamin\u0105 B6<\/span><\/strong><\/a> zosta\u0142y po\u0142\u0105czone, aby stworzy\u0107 rozs\u0105dny pakiet og\u00f3lny.<\/p>\n<ul>\n<li>Wegan<\/li>\n<li>Bez glutenu<\/li>\n<li>Bez laktozy<\/li>\n<li>Bez GMO<\/li>\n<li>Wyprodukowane zgodnie z surowymi normami jako\u015bci UE<\/li>\n<\/ul>\n","protected":false},"excerpt":{"rendered":"<p>Ashwagandha (Withania somnifera) od wiek\u00f3w stanowi integraln\u0105 cz\u0119\u015b\u0107 ajurwedyjskiej botaniki i zyskuje coraz wi\u0119ksz\u0105 popularno\u015b\u0107 r\u00f3wnie\u017c w krajach zachodnich. KSM-66\u00ae zapewnia opatentowany, szczeg\u00f3lnie wysokiej jako\u015bci ekstrakt z korzenia, kt\u00f3ry jest po\u0142\u0105czony w tym produkcie z \u2192 Magnez, \u2192 cynkiem i \u2192 witamin\u0105 B6 zosta\u0142y po\u0142\u0105czone, aby stworzy\u0107 rozs\u0105dny pakiet og\u00f3lny. Wegan Bez glutenu Bez laktozy [&hellip;]<\/p>\n","protected":false},"featured_media":58361,"template":"","meta":{"_acf_changed":false},"product_brand":[10220],"product_cat":[560,569],"product_tag":[],"class_list":{"0":"post-66234","1":"product","2":"type-product","3":"status-publish","4":"has-post-thumbnail","6":"product_brand-vit4ever-pl","7":"product_cat-skladniki-odzywcze","8":"product_cat-produkty-od-a-z","10":"first","11":"outofstock","12":"taxable","13":"shipping-taxable","14":"purchasable","15":"product-type-simple"},"acf":[],"_links":{"self":[{"href":"https:\/\/dev.vitalstoffversand.com\/pl\/wp-json\/wp\/v2\/product\/66234","targetHints":{"allow":["GET"]}}],"collection":[{"href":"https:\/\/dev.vitalstoffversand.com\/pl\/wp-json\/wp\/v2\/product"}],"about":[{"href":"https:\/\/dev.vitalstoffversand.com\/pl\/wp-json\/wp\/v2\/types\/product"}],"wp:featuredmedia":[{"embeddable":true,"href":"https:\/\/dev.vitalstoffversand.com\/pl\/wp-json\/wp\/v2\/media\/58361"}],"wp:attachment":[{"href":"https:\/\/dev.vitalstoffversand.com\/pl\/wp-json\/wp\/v2\/media?parent=66234"}],"wp:term":[{"taxonomy":"product_brand","embeddable":true,"href":"https:\/\/dev.vitalstoffversand.com\/pl\/wp-json\/wp\/v2\/product_brand?post=66234"},{"taxonomy":"product_cat","embeddable":true,"href":"https:\/\/dev.vitalstoffversand.com\/pl\/wp-json\/wp\/v2\/product_cat?post=66234"},{"taxonomy":"product_tag","embeddable":true,"href":"https:\/\/dev.vitalstoffversand.com\/pl\/wp-json\/wp\/v2\/product_tag?post=66234"}],"curies":[{"name":"wp","href":"https:\/\/api.w.org\/{rel}","templated":true}]}}