{"id":66213,"date":"2025-06-11T17:03:09","date_gmt":"2025-06-11T15:03:09","guid":{"rendered":"https:\/\/vitalstoffversand.com\/produkt\/vit4ever-nac-800-n-acetylo-l-cysteina-240-kapsulek-2\/"},"modified":"2025-06-11T17:03:09","modified_gmt":"2025-06-11T15:03:09","slug":"vit4ever-nac-800-n-acetylo-l-cysteina-240-kapsulek-2","status":"publish","type":"product","link":"https:\/\/dev.vitalstoffversand.com\/pl\/produkt-pl\/vit4ever-nac-800-n-acetylo-l-cysteina-240-kapsulek-2\/","title":{"rendered":"Vit4ever <br>NAC 800 \u2013 N-acetylo-L-cysteina \u2013 240 kapsu\u0142ek"},"content":{"rendered":"<p>N-acetylo-L-cysteina pe\u0142ni rol\u0119 swego rodzaju systemu kierowania ruchem dla wielu proces\u00f3w transportowych zachodz\u0105cych w naszym organizmie.<\/p>\n<ul>\n<li>Wegan<\/li>\n<li>Bez glutenu<\/li>\n<li>Bez laktozy<\/li>\n<li>Bez GMO<\/li>\n<li>Wyprodukowane zgodnie z surowymi normami jako\u015bci UE<\/li>\n<\/ul>\n","protected":false},"excerpt":{"rendered":"<p>N-acetylo-L-cysteina pe\u0142ni rol\u0119 swego rodzaju systemu kierowania ruchem dla wielu proces\u00f3w transportowych zachodz\u0105cych w naszym organizmie. Wegan Bez glutenu Bez laktozy Bez GMO Wyprodukowane zgodnie z surowymi normami jako\u015bci UE<\/p>\n","protected":false},"featured_media":58281,"template":"","meta":{"_acf_changed":false},"product_brand":[10220],"product_cat":[560,569],"product_tag":[],"class_list":{"0":"post-66213","1":"product","2":"type-product","3":"status-publish","4":"has-post-thumbnail","6":"product_brand-vit4ever-pl","7":"product_cat-skladniki-odzywcze","8":"product_cat-produkty-od-a-z","10":"first","11":"instock","12":"taxable","13":"shipping-taxable","14":"purchasable","15":"product-type-simple"},"acf":[],"_links":{"self":[{"href":"https:\/\/dev.vitalstoffversand.com\/pl\/wp-json\/wp\/v2\/product\/66213","targetHints":{"allow":["GET"]}}],"collection":[{"href":"https:\/\/dev.vitalstoffversand.com\/pl\/wp-json\/wp\/v2\/product"}],"about":[{"href":"https:\/\/dev.vitalstoffversand.com\/pl\/wp-json\/wp\/v2\/types\/product"}],"wp:featuredmedia":[{"embeddable":true,"href":"https:\/\/dev.vitalstoffversand.com\/pl\/wp-json\/wp\/v2\/media\/58281"}],"wp:attachment":[{"href":"https:\/\/dev.vitalstoffversand.com\/pl\/wp-json\/wp\/v2\/media?parent=66213"}],"wp:term":[{"taxonomy":"product_brand","embeddable":true,"href":"https:\/\/dev.vitalstoffversand.com\/pl\/wp-json\/wp\/v2\/product_brand?post=66213"},{"taxonomy":"product_cat","embeddable":true,"href":"https:\/\/dev.vitalstoffversand.com\/pl\/wp-json\/wp\/v2\/product_cat?post=66213"},{"taxonomy":"product_tag","embeddable":true,"href":"https:\/\/dev.vitalstoffversand.com\/pl\/wp-json\/wp\/v2\/product_tag?post=66213"}],"curies":[{"name":"wp","href":"https:\/\/api.w.org\/{rel}","templated":true}]}}