{"id":66177,"date":"2025-06-11T16:59:36","date_gmt":"2025-06-11T14:59:36","guid":{"rendered":"https:\/\/vitalstoffversand.com\/produkt\/vit4ever-mlecz-ekologiczny-240-kapsulek\/"},"modified":"2025-06-11T16:59:36","modified_gmt":"2025-06-11T14:59:36","slug":"vit4ever-mlecz-ekologiczny-240-kapsulek","status":"publish","type":"product","link":"https:\/\/dev.vitalstoffversand.com\/pl\/produkt-pl\/vit4ever-mlecz-ekologiczny-240-kapsulek\/","title":{"rendered":"Vit4ever <br>Mlecz ekologiczny \u2013 240 kapsu\u0142ek"},"content":{"rendered":"<p>Mniszek lekarski od wiek\u00f3w uwa\u017cany jest za tradycyjny \u015brodek domowy i ma wiele zastosowa\u0144.<\/p>\n<p>Wysokiej jako\u015bci ekstrakt 10:1 z korzenia mniszka lekarskiego (Taraxacum officinale) dostarcza wszystkie sk\u0142adniki (substancje gorzkie, fitokemikalia) zawarte w korzeniu tej niepozornej, ale cennej ro\u015bliny, w jako\u015bci ekologicznej.<\/p>\n<ul>\n<li>Wegan<\/li>\n<li>Bez glutenu<\/li>\n<li>Bez laktozy<\/li>\n<li>Bez GMO<\/li>\n<li>Wyprodukowane zgodnie z surowymi normami jako\u015bci UE<\/li>\n<\/ul>\n","protected":false},"excerpt":{"rendered":"<p>Mniszek lekarski od wiek\u00f3w uwa\u017cany jest za tradycyjny \u015brodek domowy i ma wiele zastosowa\u0144. Wysokiej jako\u015bci ekstrakt 10:1 z korzenia mniszka lekarskiego (Taraxacum officinale) dostarcza wszystkie sk\u0142adniki (substancje gorzkie, fitokemikalia) zawarte w korzeniu tej niepozornej, ale cennej ro\u015bliny, w jako\u015bci ekologicznej. Wegan Bez glutenu Bez laktozy Bez GMO Wyprodukowane zgodnie z surowymi normami jako\u015bci UE<\/p>\n","protected":false},"featured_media":58233,"template":"","meta":{"_acf_changed":false},"product_brand":[10220],"product_cat":[560,540,569],"product_tag":[],"class_list":{"0":"post-66177","1":"product","2":"type-product","3":"status-publish","4":"has-post-thumbnail","6":"product_brand-vit4ever-pl","7":"product_cat-skladniki-odzywcze","8":"product_cat-organiczny","9":"product_cat-produkty-od-a-z","11":"first","12":"instock","13":"taxable","14":"shipping-taxable","15":"purchasable","16":"product-type-simple"},"acf":[],"_links":{"self":[{"href":"https:\/\/dev.vitalstoffversand.com\/pl\/wp-json\/wp\/v2\/product\/66177","targetHints":{"allow":["GET"]}}],"collection":[{"href":"https:\/\/dev.vitalstoffversand.com\/pl\/wp-json\/wp\/v2\/product"}],"about":[{"href":"https:\/\/dev.vitalstoffversand.com\/pl\/wp-json\/wp\/v2\/types\/product"}],"wp:featuredmedia":[{"embeddable":true,"href":"https:\/\/dev.vitalstoffversand.com\/pl\/wp-json\/wp\/v2\/media\/58233"}],"wp:attachment":[{"href":"https:\/\/dev.vitalstoffversand.com\/pl\/wp-json\/wp\/v2\/media?parent=66177"}],"wp:term":[{"taxonomy":"product_brand","embeddable":true,"href":"https:\/\/dev.vitalstoffversand.com\/pl\/wp-json\/wp\/v2\/product_brand?post=66177"},{"taxonomy":"product_cat","embeddable":true,"href":"https:\/\/dev.vitalstoffversand.com\/pl\/wp-json\/wp\/v2\/product_cat?post=66177"},{"taxonomy":"product_tag","embeddable":true,"href":"https:\/\/dev.vitalstoffversand.com\/pl\/wp-json\/wp\/v2\/product_tag?post=66177"}],"curies":[{"name":"wp","href":"https:\/\/api.w.org\/{rel}","templated":true}]}}