{"id":66134,"date":"2025-06-11T16:55:17","date_gmt":"2025-06-11T14:55:17","guid":{"rendered":"https:\/\/vitalstoffversand.com\/produkt\/vit4ever-tauryn-w-proszku-1000-g\/"},"modified":"2025-06-11T16:55:17","modified_gmt":"2025-06-11T14:55:17","slug":"vit4ever-tauryn-w-proszku-1000-g","status":"publish","type":"product","link":"https:\/\/dev.vitalstoffversand.com\/pl\/produkt-pl\/vit4ever-tauryn-w-proszku-1000-g\/","title":{"rendered":"Vit4ever <br>Tauryn w proszku \u2013 1000 g"},"content":{"rendered":"<p>Tauryna odgrywa wa\u017cn\u0105 rol\u0119 w naszym organizmie i jest niezb\u0119dna do przebiegu r\u00f3\u017cnych proces\u00f3w biologicznych.<\/p>\n<p>Wiele os\u00f3b zna tauryn\u0119 przede wszystkim z napoj\u00f3w energetycznych, jednak wyst\u0119puje ona naturalnie r\u00f3wnie\u017c w produktach pochodzenia zwierz\u0119cego, dlatego zw\u0142aszcza wegetarianie i weganie maj\u0105 czasem trudno\u015bci z zapewnieniem sobie odpowiedniej ilo\u015bci tauryny w diecie.<\/p>\n<ul>\n<li>Wegan<\/li>\n<li>Bez glutenu<\/li>\n<li>Bez laktozy<\/li>\n<li>Bez GMO<\/li>\n<li>Wyprodukowane zgodnie z surowymi normami jako\u015bci UE<\/li>\n<\/ul>\n","protected":false},"excerpt":{"rendered":"<p>Tauryna odgrywa wa\u017cn\u0105 rol\u0119 w naszym organizmie i jest niezb\u0119dna do przebiegu r\u00f3\u017cnych proces\u00f3w biologicznych. Wiele os\u00f3b zna tauryn\u0119 przede wszystkim z napoj\u00f3w energetycznych, jednak wyst\u0119puje ona naturalnie r\u00f3wnie\u017c w produktach pochodzenia zwierz\u0119cego, dlatego zw\u0142aszcza wegetarianie i weganie maj\u0105 czasem trudno\u015bci z zapewnieniem sobie odpowiedniej ilo\u015bci tauryny w diecie. Wegan Bez glutenu Bez laktozy Bez [&hellip;]<\/p>\n","protected":false},"featured_media":66129,"template":"","meta":{"_acf_changed":false},"product_brand":[10220],"product_cat":[560,569],"product_tag":[],"class_list":{"0":"post-66134","1":"product","2":"type-product","3":"status-publish","4":"has-post-thumbnail","6":"product_brand-vit4ever-pl","7":"product_cat-skladniki-odzywcze","8":"product_cat-produkty-od-a-z","10":"first","11":"instock","12":"taxable","13":"shipping-taxable","14":"purchasable","15":"product-type-simple"},"acf":[],"_links":{"self":[{"href":"https:\/\/dev.vitalstoffversand.com\/pl\/wp-json\/wp\/v2\/product\/66134","targetHints":{"allow":["GET"]}}],"collection":[{"href":"https:\/\/dev.vitalstoffversand.com\/pl\/wp-json\/wp\/v2\/product"}],"about":[{"href":"https:\/\/dev.vitalstoffversand.com\/pl\/wp-json\/wp\/v2\/types\/product"}],"wp:featuredmedia":[{"embeddable":true,"href":"https:\/\/dev.vitalstoffversand.com\/pl\/wp-json\/wp\/v2\/media\/66129"}],"wp:attachment":[{"href":"https:\/\/dev.vitalstoffversand.com\/pl\/wp-json\/wp\/v2\/media?parent=66134"}],"wp:term":[{"taxonomy":"product_brand","embeddable":true,"href":"https:\/\/dev.vitalstoffversand.com\/pl\/wp-json\/wp\/v2\/product_brand?post=66134"},{"taxonomy":"product_cat","embeddable":true,"href":"https:\/\/dev.vitalstoffversand.com\/pl\/wp-json\/wp\/v2\/product_cat?post=66134"},{"taxonomy":"product_tag","embeddable":true,"href":"https:\/\/dev.vitalstoffversand.com\/pl\/wp-json\/wp\/v2\/product_tag?post=66134"}],"curies":[{"name":"wp","href":"https:\/\/api.w.org\/{rel}","templated":true}]}}