{"id":66059,"date":"2025-09-01T18:47:51","date_gmt":"2025-09-01T16:47:51","guid":{"rendered":"https:\/\/vitalstoffversand.com\/produkt\/vit4ever-bromelain-intenso-7500-f-i-p-120-kapsulek\/"},"modified":"2025-09-01T18:47:51","modified_gmt":"2025-09-01T16:47:51","slug":"vit4ever-bromelain-intenso-7500-f-i-p-120-kapsulek","status":"publish","type":"product","link":"https:\/\/dev.vitalstoffversand.com\/pl\/produkt-pl\/vit4ever-bromelain-intenso-7500-f-i-p-120-kapsulek\/","title":{"rendered":"Vit4ever <br>Bromelain Intenso 7500 F.I.P. \u2013 120 kapsu\u0142ek"},"content":{"rendered":"<p>Bromelain Intenso o st\u0119\u017ceniu 7500 F.I.P. (Federation Internationale Pharmaceutique = jednostka miary aktywno\u015bci enzymatycznej).<\/p>\n<p>Substancja pozyskiwana z ananasa sk\u0142ada si\u0119 z dw\u00f3ch enzym\u00f3w.<\/p>\n<p>Bromelaina jest r\u00f3wnie\u017c stosowana jako lek ro\u015blinny na obrz\u0119ki po urazach i operacjach.<\/p>\n<p>Ma r\u00f3wnie\u017c w\u0142a\u015bciwo\u015bci przeciwzapalne i wspomagaj\u0105ce trawienie.<\/p>\n<p>Kapsu\u0142ki s\u0105 powlekane dojelitowo, dzi\u0119ki czemu substancja czynna jest uwalniana tylko tam, gdzie mo\u017ce zosta\u0107 wch\u0142oni\u0119ta.<\/p>\n<ul>\n<li>Wegan<\/li>\n<li>Bez glutenu<\/li>\n<li>Bez laktozy<\/li>\n<li>Bez GMO<\/li>\n<li>Wyprodukowane zgodnie z surowymi normami jako\u015bci UE<\/li>\n<\/ul>\n","protected":false},"excerpt":{"rendered":"<p>Bromelain Intenso o st\u0119\u017ceniu 7500 F.I.P. (Federation Internationale Pharmaceutique = jednostka miary aktywno\u015bci enzymatycznej). Substancja pozyskiwana z ananasa sk\u0142ada si\u0119 z dw\u00f3ch enzym\u00f3w. Bromelaina jest r\u00f3wnie\u017c stosowana jako lek ro\u015blinny na obrz\u0119ki po urazach i operacjach. Ma r\u00f3wnie\u017c w\u0142a\u015bciwo\u015bci przeciwzapalne i wspomagaj\u0105ce trawienie. Kapsu\u0142ki s\u0105 powlekane dojelitowo, dzi\u0119ki czemu substancja czynna jest uwalniana tylko tam, [&hellip;]<\/p>\n","protected":false},"featured_media":57905,"template":"","meta":{"_acf_changed":false},"product_brand":[10220],"product_cat":[560,569],"product_tag":[],"class_list":{"0":"post-66059","1":"product","2":"type-product","3":"status-publish","4":"has-post-thumbnail","6":"product_brand-vit4ever-pl","7":"product_cat-skladniki-odzywcze","8":"product_cat-produkty-od-a-z","10":"first","11":"outofstock","12":"taxable","13":"shipping-taxable","14":"purchasable","15":"product-type-simple"},"acf":[],"_links":{"self":[{"href":"https:\/\/dev.vitalstoffversand.com\/pl\/wp-json\/wp\/v2\/product\/66059","targetHints":{"allow":["GET"]}}],"collection":[{"href":"https:\/\/dev.vitalstoffversand.com\/pl\/wp-json\/wp\/v2\/product"}],"about":[{"href":"https:\/\/dev.vitalstoffversand.com\/pl\/wp-json\/wp\/v2\/types\/product"}],"wp:featuredmedia":[{"embeddable":true,"href":"https:\/\/dev.vitalstoffversand.com\/pl\/wp-json\/wp\/v2\/media\/57905"}],"wp:attachment":[{"href":"https:\/\/dev.vitalstoffversand.com\/pl\/wp-json\/wp\/v2\/media?parent=66059"}],"wp:term":[{"taxonomy":"product_brand","embeddable":true,"href":"https:\/\/dev.vitalstoffversand.com\/pl\/wp-json\/wp\/v2\/product_brand?post=66059"},{"taxonomy":"product_cat","embeddable":true,"href":"https:\/\/dev.vitalstoffversand.com\/pl\/wp-json\/wp\/v2\/product_cat?post=66059"},{"taxonomy":"product_tag","embeddable":true,"href":"https:\/\/dev.vitalstoffversand.com\/pl\/wp-json\/wp\/v2\/product_tag?post=66059"}],"curies":[{"name":"wp","href":"https:\/\/api.w.org\/{rel}","templated":true}]}}