{"id":66002,"date":"2025-04-08T12:09:09","date_gmt":"2025-04-08T10:09:09","guid":{"rendered":"https:\/\/vitalstoffversand.com\/produkt\/vit4ever-d-mannoza-zurawina-250-g\/"},"modified":"2025-04-08T12:09:09","modified_gmt":"2025-04-08T10:09:09","slug":"vit4ever-d-mannoza-zurawina-250-g","status":"publish","type":"product","link":"https:\/\/dev.vitalstoffversand.com\/pl\/produkt-pl\/vit4ever-d-mannoza-zurawina-250-g\/","title":{"rendered":"Vit4ever <br>D-Mannoza + \u017burawina &#8211; 250 g"},"content":{"rendered":"<p>W medycynie ludowej m\u00f3wi si\u0119, \u017ce D-mannoza i \u017curawina maj\u0105 pozytywne w\u0142a\u015bciwo\u015bci w leczeniu infekcji p\u0119cherza wywo\u0142anych przez bakterie.<\/p>\n<p>Oba sk\u0142adniki s\u0105 dobrze tolerowane i mog\u0105 by\u0107 zintegrowane z codzienn\u0105 diet\u0105 w d\u0142u\u017cszej perspektywie.<\/p>\n<ul>\n<li>Wegan<\/li>\n<li>Bez glutenu<\/li>\n<li>Bez laktozy<\/li>\n<li>Bez GMO<\/li>\n<li>Wyprodukowane zgodnie z surowymi normami jako\u015bci UE<\/li>\n<\/ul>\n","protected":false},"excerpt":{"rendered":"<p>W medycynie ludowej m\u00f3wi si\u0119, \u017ce D-mannoza i \u017curawina maj\u0105 pozytywne w\u0142a\u015bciwo\u015bci w leczeniu infekcji p\u0119cherza wywo\u0142anych przez bakterie. Oba sk\u0142adniki s\u0105 dobrze tolerowane i mog\u0105 by\u0107 zintegrowane z codzienn\u0105 diet\u0105 w d\u0142u\u017cszej perspektywie. Wegan Bez glutenu Bez laktozy Bez GMO Wyprodukowane zgodnie z surowymi normami jako\u015bci UE<\/p>\n","protected":false},"featured_media":57737,"template":"","meta":{"_acf_changed":false},"product_brand":[10220],"product_cat":[560,569],"product_tag":[],"class_list":{"0":"post-66002","1":"product","2":"type-product","3":"status-publish","4":"has-post-thumbnail","6":"product_brand-vit4ever-pl","7":"product_cat-skladniki-odzywcze","8":"product_cat-produkty-od-a-z","10":"first","11":"instock","12":"taxable","13":"shipping-taxable","14":"purchasable","15":"product-type-simple"},"acf":[],"_links":{"self":[{"href":"https:\/\/dev.vitalstoffversand.com\/pl\/wp-json\/wp\/v2\/product\/66002","targetHints":{"allow":["GET"]}}],"collection":[{"href":"https:\/\/dev.vitalstoffversand.com\/pl\/wp-json\/wp\/v2\/product"}],"about":[{"href":"https:\/\/dev.vitalstoffversand.com\/pl\/wp-json\/wp\/v2\/types\/product"}],"wp:featuredmedia":[{"embeddable":true,"href":"https:\/\/dev.vitalstoffversand.com\/pl\/wp-json\/wp\/v2\/media\/57737"}],"wp:attachment":[{"href":"https:\/\/dev.vitalstoffversand.com\/pl\/wp-json\/wp\/v2\/media?parent=66002"}],"wp:term":[{"taxonomy":"product_brand","embeddable":true,"href":"https:\/\/dev.vitalstoffversand.com\/pl\/wp-json\/wp\/v2\/product_brand?post=66002"},{"taxonomy":"product_cat","embeddable":true,"href":"https:\/\/dev.vitalstoffversand.com\/pl\/wp-json\/wp\/v2\/product_cat?post=66002"},{"taxonomy":"product_tag","embeddable":true,"href":"https:\/\/dev.vitalstoffversand.com\/pl\/wp-json\/wp\/v2\/product_tag?post=66002"}],"curies":[{"name":"wp","href":"https:\/\/api.w.org\/{rel}","templated":true}]}}