{"id":65886,"date":"2025-04-08T11:28:49","date_gmt":"2025-04-08T09:28:49","guid":{"rendered":"https:\/\/vitalstoffversand.com\/produkt\/vit4ever-yummy-whey-rozne-smaki\/"},"modified":"2026-03-16T18:02:26","modified_gmt":"2026-03-16T17:02:26","slug":"vit4ever-yummy-whey-rozne-smaki","status":"publish","type":"product","link":"https:\/\/dev.vitalstoffversand.com\/pl\/produkt-pl\/vit4ever-yummy-whey-rozne-smaki\/","title":{"rendered":"Vit4ever <br>Yummy Whey \u2013 r\u00f3\u017cne smaki"},"content":{"rendered":"<p>Yummy Whey to shake bia\u0142kowy o wyj\u0105tkowym smaku.<\/p>\n<p>W opakowaniu o wadze 908 gram\u00f3w, a tak\u017ce w saszetkach po 30 gram\u00f3w, je\u015bli chcesz najpierw spr\u00f3bowa\u0107.<\/p>\n<p>Dzi\u0119ki r\u00f3\u017cnorodnym smakom ten proszek bia\u0142kowy doskonale sprawdza si\u0119 zar\u00f3wno w wodzie, jak i w mleku, a tak\u017ce jako dodatek do musli, koktajli, wypiek\u00f3w czy deser\u00f3w.<\/p>\n<p>Wysokiej jako\u015bci bia\u0142ko markowe, zawieraj\u0105ce co najmniej 65% bia\u0142ka w zale\u017cno\u015bci od smaku oraz charakteryzuj\u0105ce si\u0119 naturalnym profilem aminokwasowym.<\/p>\n<p>Proszek jest doskonale rozpuszczalny, ma nisk\u0105 zawarto\u015b\u0107 cukru i t\u0142uszczu oraz jest wzbogacony o laktaz\u0119, dzi\u0119ki czemu jest odpowiedni dla os\u00f3b z nietolerancj\u0105 laktozy.<\/p>\n<ul>\n<li>Wyprodukowane zgodnie z surowymi normami jako\u015bci UE<\/li>\n<\/ul>\n","protected":false},"excerpt":{"rendered":"<p>Yummy Whey to shake bia\u0142kowy o wyj\u0105tkowym smaku. W opakowaniu o wadze 908 gram\u00f3w, a tak\u017ce w saszetkach po 30 gram\u00f3w, je\u015bli chcesz najpierw spr\u00f3bowa\u0107. Dzi\u0119ki r\u00f3\u017cnorodnym smakom ten proszek bia\u0142kowy doskonale sprawdza si\u0119 zar\u00f3wno w wodzie, jak i w mleku, a tak\u017ce jako dodatek do musli, koktajli, wypiek\u00f3w czy deser\u00f3w. Wysokiej jako\u015bci bia\u0142ko markowe, [&hellip;]<\/p>\n","protected":false},"featured_media":65885,"template":"","meta":{"_acf_changed":false},"product_brand":[10220],"product_cat":[557,569],"product_tag":[],"class_list":{"0":"post-65886","1":"product","2":"type-product","3":"status-publish","4":"has-post-thumbnail","6":"product_brand-vit4ever-pl","7":"product_cat-bialka","8":"product_cat-produkty-od-a-z","10":"first","11":"instock","12":"taxable","13":"shipping-taxable","14":"purchasable","15":"product-type-variable"},"acf":[],"_links":{"self":[{"href":"https:\/\/dev.vitalstoffversand.com\/pl\/wp-json\/wp\/v2\/product\/65886","targetHints":{"allow":["GET"]}}],"collection":[{"href":"https:\/\/dev.vitalstoffversand.com\/pl\/wp-json\/wp\/v2\/product"}],"about":[{"href":"https:\/\/dev.vitalstoffversand.com\/pl\/wp-json\/wp\/v2\/types\/product"}],"wp:featuredmedia":[{"embeddable":true,"href":"https:\/\/dev.vitalstoffversand.com\/pl\/wp-json\/wp\/v2\/media\/65885"}],"wp:attachment":[{"href":"https:\/\/dev.vitalstoffversand.com\/pl\/wp-json\/wp\/v2\/media?parent=65886"}],"wp:term":[{"taxonomy":"product_brand","embeddable":true,"href":"https:\/\/dev.vitalstoffversand.com\/pl\/wp-json\/wp\/v2\/product_brand?post=65886"},{"taxonomy":"product_cat","embeddable":true,"href":"https:\/\/dev.vitalstoffversand.com\/pl\/wp-json\/wp\/v2\/product_cat?post=65886"},{"taxonomy":"product_tag","embeddable":true,"href":"https:\/\/dev.vitalstoffversand.com\/pl\/wp-json\/wp\/v2\/product_tag?post=65886"}],"curies":[{"name":"wp","href":"https:\/\/api.w.org\/{rel}","templated":true}]}}