{"id":65863,"date":"2025-04-07T16:39:22","date_gmt":"2025-04-07T14:39:22","guid":{"rendered":"https:\/\/vitalstoffversand.com\/produkt\/vit4ever-11-krotny-kompleks-magnezu-240-kapsulek\/"},"modified":"2025-04-07T16:39:22","modified_gmt":"2025-04-07T14:39:22","slug":"vit4ever-11-krotny-kompleks-magnezu-240-kapsulek","status":"publish","type":"product","link":"https:\/\/dev.vitalstoffversand.com\/pl\/produkt-pl\/vit4ever-11-krotny-kompleks-magnezu-240-kapsulek\/","title":{"rendered":"Vit4ever <br>11-krotny kompleks magnezu &#8211; 240 kapsu\u0142ek"},"content":{"rendered":"<p>Magnesium 11-fold complex oferuje organizmowi 11 r\u00f3\u017cnych zwi\u0105zk\u00f3w magnezu, kt\u00f3re razem dzia\u0142aj\u0105 jak dobrze skoordynowana orkiestra i dostarczaj\u0105 organizmowi pierwiastkowego <strong><span style=\"color: #0000ff;\"><a style=\"color: #0000ff;\" href=\"https:\/\/dev.vitalstoffversand.com\/knowledge-base\/magnesium\/\" target=\"_blank\" rel=\"noopener\">\u2192 magnezu<\/a><\/span><\/strong> na r\u00f3\u017cne, ale optymalne sposoby dzi\u0119ki odpowiednim w\u0142a\u015bciwo\u015bciom tych zwi\u0105zk\u00f3w.<\/p>\n<p>R\u00f3\u017cne zwi\u0105zki zapewniaj\u0105 unikalne po\u0142\u0105czenie zalet ka\u017cdego zwi\u0105zku pod wzgl\u0119dem tolerancji, wch\u0142anialno\u015bci, szybko\u015bci wch\u0142aniania, zawarto\u015bci magnezu i biodost\u0119pno\u015bci.<\/p>\n<ul>\n<li>Wegan<\/li>\n<li>Bez glutenu<\/li>\n<li>Bez laktozy<\/li>\n<li>Bez GMO<\/li>\n<li>Wyprodukowane zgodnie z surowymi normami jako\u015bci UE<\/li>\n<\/ul>\n","protected":false},"excerpt":{"rendered":"<p>Magnesium 11-fold complex oferuje organizmowi 11 r\u00f3\u017cnych zwi\u0105zk\u00f3w magnezu, kt\u00f3re razem dzia\u0142aj\u0105 jak dobrze skoordynowana orkiestra i dostarczaj\u0105 organizmowi pierwiastkowego \u2192 magnezu na r\u00f3\u017cne, ale optymalne sposoby dzi\u0119ki odpowiednim w\u0142a\u015bciwo\u015bciom tych zwi\u0105zk\u00f3w. R\u00f3\u017cne zwi\u0105zki zapewniaj\u0105 unikalne po\u0142\u0105czenie zalet ka\u017cdego zwi\u0105zku pod wzgl\u0119dem tolerancji, wch\u0142anialno\u015bci, szybko\u015bci wch\u0142aniania, zawarto\u015bci magnezu i biodost\u0119pno\u015bci. Wegan Bez glutenu Bez laktozy [&hellip;]<\/p>\n","protected":false},"featured_media":57105,"template":"","meta":{"_acf_changed":false},"product_brand":[10220],"product_cat":[556,569],"product_tag":[],"class_list":{"0":"post-65863","1":"product","2":"type-product","3":"status-publish","4":"has-post-thumbnail","6":"product_brand-vit4ever-pl","7":"product_cat-mineraly-i-pierwiastki-sladowe","8":"product_cat-produkty-od-a-z","10":"first","11":"instock","12":"taxable","13":"shipping-taxable","14":"purchasable","15":"product-type-simple"},"acf":[],"_links":{"self":[{"href":"https:\/\/dev.vitalstoffversand.com\/pl\/wp-json\/wp\/v2\/product\/65863","targetHints":{"allow":["GET"]}}],"collection":[{"href":"https:\/\/dev.vitalstoffversand.com\/pl\/wp-json\/wp\/v2\/product"}],"about":[{"href":"https:\/\/dev.vitalstoffversand.com\/pl\/wp-json\/wp\/v2\/types\/product"}],"wp:featuredmedia":[{"embeddable":true,"href":"https:\/\/dev.vitalstoffversand.com\/pl\/wp-json\/wp\/v2\/media\/57105"}],"wp:attachment":[{"href":"https:\/\/dev.vitalstoffversand.com\/pl\/wp-json\/wp\/v2\/media?parent=65863"}],"wp:term":[{"taxonomy":"product_brand","embeddable":true,"href":"https:\/\/dev.vitalstoffversand.com\/pl\/wp-json\/wp\/v2\/product_brand?post=65863"},{"taxonomy":"product_cat","embeddable":true,"href":"https:\/\/dev.vitalstoffversand.com\/pl\/wp-json\/wp\/v2\/product_cat?post=65863"},{"taxonomy":"product_tag","embeddable":true,"href":"https:\/\/dev.vitalstoffversand.com\/pl\/wp-json\/wp\/v2\/product_tag?post=65863"}],"curies":[{"name":"wp","href":"https:\/\/api.w.org\/{rel}","templated":true}]}}