{"id":65858,"date":"2025-04-07T16:17:31","date_gmt":"2025-04-07T14:17:31","guid":{"rendered":"https:\/\/vitalstoffversand.com\/produkt\/vit4ever-opc-ekstrakt-z-pestek-winogron-witamina-c-300-g\/"},"modified":"2025-04-07T16:17:31","modified_gmt":"2025-04-07T14:17:31","slug":"vit4ever-opc-ekstrakt-z-pestek-winogron-witamina-c-300-g","status":"publish","type":"product","link":"https:\/\/dev.vitalstoffversand.com\/pl\/produkt-pl\/vit4ever-opc-ekstrakt-z-pestek-winogron-witamina-c-300-g\/","title":{"rendered":"Vit4ever <br>OPC ekstrakt z pestek winogron + witamina C &#8211; 300 g"},"content":{"rendered":"<p>Ekstrakt z pestek winogron OPC z naturaln\u0105 witamin\u0105 C z aceroli.<\/p>\n<p>OPC (oligomeryczne proantocyjanidyny) s\u0105 naturalnymi zwi\u0105zkami ro\u015blinnymi i wyst\u0119puj\u0105 mi\u0119dzy innymi w pestkach winogron.<\/p>\n<p>Produkt jest zoptymalizowany przez witamin\u0119 C, kt\u00f3ra synergicznie zapewnia lepsze wch\u0142anianie OPC.<\/p>\n<ul>\n<li>Wegan<\/li>\n<li>Bez glutenu<\/li>\n<li>Bez laktozy<\/li>\n<li>Bez GMO<\/li>\n<li>Wyprodukowane zgodnie z surowymi normami jako\u015bci UE<\/li>\n<\/ul>\n","protected":false},"excerpt":{"rendered":"<p>Ekstrakt z pestek winogron OPC z naturaln\u0105 witamin\u0105 C z aceroli. OPC (oligomeryczne proantocyjanidyny) s\u0105 naturalnymi zwi\u0105zkami ro\u015blinnymi i wyst\u0119puj\u0105 mi\u0119dzy innymi w pestkach winogron. Produkt jest zoptymalizowany przez witamin\u0119 C, kt\u00f3ra synergicznie zapewnia lepsze wch\u0142anianie OPC. Wegan Bez glutenu Bez laktozy Bez GMO Wyprodukowane zgodnie z surowymi normami jako\u015bci UE<\/p>\n","protected":false},"featured_media":57065,"template":"","meta":{"_acf_changed":false},"product_brand":[10220],"product_cat":[560,569],"product_tag":[],"class_list":{"0":"post-65858","1":"product","2":"type-product","3":"status-publish","4":"has-post-thumbnail","6":"product_brand-vit4ever-pl","7":"product_cat-skladniki-odzywcze","8":"product_cat-produkty-od-a-z","10":"first","11":"instock","12":"taxable","13":"shipping-taxable","14":"purchasable","15":"product-type-simple"},"acf":[],"_links":{"self":[{"href":"https:\/\/dev.vitalstoffversand.com\/pl\/wp-json\/wp\/v2\/product\/65858","targetHints":{"allow":["GET"]}}],"collection":[{"href":"https:\/\/dev.vitalstoffversand.com\/pl\/wp-json\/wp\/v2\/product"}],"about":[{"href":"https:\/\/dev.vitalstoffversand.com\/pl\/wp-json\/wp\/v2\/types\/product"}],"wp:featuredmedia":[{"embeddable":true,"href":"https:\/\/dev.vitalstoffversand.com\/pl\/wp-json\/wp\/v2\/media\/57065"}],"wp:attachment":[{"href":"https:\/\/dev.vitalstoffversand.com\/pl\/wp-json\/wp\/v2\/media?parent=65858"}],"wp:term":[{"taxonomy":"product_brand","embeddable":true,"href":"https:\/\/dev.vitalstoffversand.com\/pl\/wp-json\/wp\/v2\/product_brand?post=65858"},{"taxonomy":"product_cat","embeddable":true,"href":"https:\/\/dev.vitalstoffversand.com\/pl\/wp-json\/wp\/v2\/product_cat?post=65858"},{"taxonomy":"product_tag","embeddable":true,"href":"https:\/\/dev.vitalstoffversand.com\/pl\/wp-json\/wp\/v2\/product_tag?post=65858"}],"curies":[{"name":"wp","href":"https:\/\/api.w.org\/{rel}","templated":true}]}}