{"id":65852,"date":"2025-04-07T13:52:30","date_gmt":"2025-04-07T11:52:30","guid":{"rendered":"https:\/\/vitalstoffversand.com\/produkt\/vit4ever-organiczny-ekstrakt-z-pokrzywy-240-kapsulek\/"},"modified":"2026-03-16T16:29:38","modified_gmt":"2026-03-16T15:29:38","slug":"vit4ever-organiczny-ekstrakt-z-pokrzywy-240-kapsulek","status":"publish","type":"product","link":"https:\/\/dev.vitalstoffversand.com\/pl\/produkt-pl\/vit4ever-organiczny-ekstrakt-z-pokrzywy-240-kapsulek\/","title":{"rendered":"Vit4ever <br>Organiczny ekstrakt z pokrzywy &#8211; 240 kapsu\u0142ek"},"content":{"rendered":"<p>Pokrzywa zwyczajna (\u0142ac.: Urtica dioica) jest ceniona i stosowana w medycynie naturalnej od wiek\u00f3w.<\/p>\n<p>Ta niewymagaj\u0105ca i szeroko rozpowszechniona ro\u015blina oferuje szerokie spektrum substancji ro\u015blinnych.<\/p>\n<ul>\n<li>Wegan<\/li>\n<li>Bez glutenu<\/li>\n<li>Bez laktozy<\/li>\n<li>Bez GMO<\/li>\n<li>Wyprodukowane zgodnie z surowymi normami jako\u015bci UE<\/li>\n<\/ul>\n","protected":false},"excerpt":{"rendered":"<p>Pokrzywa zwyczajna (\u0142ac.: Urtica dioica) jest ceniona i stosowana w medycynie naturalnej od wiek\u00f3w. Ta niewymagaj\u0105ca i szeroko rozpowszechniona ro\u015blina oferuje szerokie spektrum substancji ro\u015blinnych. Wegan Bez glutenu Bez laktozy Bez GMO Wyprodukowane zgodnie z surowymi normami jako\u015bci UE<\/p>\n","protected":false},"featured_media":56945,"template":"","meta":{"_acf_changed":false},"product_brand":[10220],"product_cat":[560,540,569],"product_tag":[],"class_list":{"0":"post-65852","1":"product","2":"type-product","3":"status-publish","4":"has-post-thumbnail","6":"product_brand-vit4ever-pl","7":"product_cat-skladniki-odzywcze","8":"product_cat-organiczny","9":"product_cat-produkty-od-a-z","11":"first","12":"instock","13":"taxable","14":"shipping-taxable","15":"purchasable","16":"product-type-simple"},"acf":[],"_links":{"self":[{"href":"https:\/\/dev.vitalstoffversand.com\/pl\/wp-json\/wp\/v2\/product\/65852","targetHints":{"allow":["GET"]}}],"collection":[{"href":"https:\/\/dev.vitalstoffversand.com\/pl\/wp-json\/wp\/v2\/product"}],"about":[{"href":"https:\/\/dev.vitalstoffversand.com\/pl\/wp-json\/wp\/v2\/types\/product"}],"wp:featuredmedia":[{"embeddable":true,"href":"https:\/\/dev.vitalstoffversand.com\/pl\/wp-json\/wp\/v2\/media\/56945"}],"wp:attachment":[{"href":"https:\/\/dev.vitalstoffversand.com\/pl\/wp-json\/wp\/v2\/media?parent=65852"}],"wp:term":[{"taxonomy":"product_brand","embeddable":true,"href":"https:\/\/dev.vitalstoffversand.com\/pl\/wp-json\/wp\/v2\/product_brand?post=65852"},{"taxonomy":"product_cat","embeddable":true,"href":"https:\/\/dev.vitalstoffversand.com\/pl\/wp-json\/wp\/v2\/product_cat?post=65852"},{"taxonomy":"product_tag","embeddable":true,"href":"https:\/\/dev.vitalstoffversand.com\/pl\/wp-json\/wp\/v2\/product_tag?post=65852"}],"curies":[{"name":"wp","href":"https:\/\/api.w.org\/{rel}","templated":true}]}}