{"id":65851,"date":"2025-04-07T12:28:55","date_gmt":"2025-04-07T10:28:55","guid":{"rendered":"https:\/\/vitalstoffversand.com\/produkt\/vit4ever-ekstrakt-z-pieprzu-mnicha-101-365-tabletek\/"},"modified":"2025-04-07T12:28:55","modified_gmt":"2025-04-07T10:28:55","slug":"vit4ever-ekstrakt-z-pieprzu-mnicha-101-365-tabletek","status":"publish","type":"product","link":"https:\/\/dev.vitalstoffversand.com\/pl\/produkt-pl\/vit4ever-ekstrakt-z-pieprzu-mnicha-101-365-tabletek\/","title":{"rendered":"Vit4ever <br>Ekstrakt z pieprzu mnicha 10:1 &#8211; 365 tabletek"},"content":{"rendered":"<p>Pieprz mnisi (\u0142ac. Vitex Agnus-Castus) jest ceniony od czas\u00f3w staro\u017cytnych.<\/p>\n<p>Pieprz mnicha jest stosowany jako produkt leczniczy w zaburzeniach cyklu miesi\u0105czkowego lub w celu z\u0142agodzenia zaburze\u0144 przedmiesi\u0105czkowych.<\/p>\n<ul>\n<li>Wegan<\/li>\n<li>Bez glutenu<\/li>\n<li>Bez laktozy<\/li>\n<li>Bez GMO<\/li>\n<li>Wyprodukowane zgodnie z surowymi normami jako\u015bci UE<\/li>\n<\/ul>\n","protected":false},"excerpt":{"rendered":"<p>Pieprz mnisi (\u0142ac. Vitex Agnus-Castus) jest ceniony od czas\u00f3w staro\u017cytnych. Pieprz mnicha jest stosowany jako produkt leczniczy w zaburzeniach cyklu miesi\u0105czkowego lub w celu z\u0142agodzenia zaburze\u0144 przedmiesi\u0105czkowych. Wegan Bez glutenu Bez laktozy Bez GMO Wyprodukowane zgodnie z surowymi normami jako\u015bci UE<\/p>\n","protected":false},"featured_media":56905,"template":"","meta":{"_acf_changed":false},"product_brand":[10220],"product_cat":[560,569],"product_tag":[],"class_list":{"0":"post-65851","1":"product","2":"type-product","3":"status-publish","4":"has-post-thumbnail","6":"product_brand-vit4ever-pl","7":"product_cat-skladniki-odzywcze","8":"product_cat-produkty-od-a-z","10":"first","11":"instock","12":"taxable","13":"shipping-taxable","14":"purchasable","15":"product-type-simple"},"acf":[],"_links":{"self":[{"href":"https:\/\/dev.vitalstoffversand.com\/pl\/wp-json\/wp\/v2\/product\/65851","targetHints":{"allow":["GET"]}}],"collection":[{"href":"https:\/\/dev.vitalstoffversand.com\/pl\/wp-json\/wp\/v2\/product"}],"about":[{"href":"https:\/\/dev.vitalstoffversand.com\/pl\/wp-json\/wp\/v2\/types\/product"}],"wp:featuredmedia":[{"embeddable":true,"href":"https:\/\/dev.vitalstoffversand.com\/pl\/wp-json\/wp\/v2\/media\/56905"}],"wp:attachment":[{"href":"https:\/\/dev.vitalstoffversand.com\/pl\/wp-json\/wp\/v2\/media?parent=65851"}],"wp:term":[{"taxonomy":"product_brand","embeddable":true,"href":"https:\/\/dev.vitalstoffversand.com\/pl\/wp-json\/wp\/v2\/product_brand?post=65851"},{"taxonomy":"product_cat","embeddable":true,"href":"https:\/\/dev.vitalstoffversand.com\/pl\/wp-json\/wp\/v2\/product_cat?post=65851"},{"taxonomy":"product_tag","embeddable":true,"href":"https:\/\/dev.vitalstoffversand.com\/pl\/wp-json\/wp\/v2\/product_tag?post=65851"}],"curies":[{"name":"wp","href":"https:\/\/api.w.org\/{rel}","templated":true}]}}