{"id":65463,"date":"2026-01-13T15:11:53","date_gmt":"2026-01-13T14:11:53","guid":{"rendered":"https:\/\/vitalstoffversand.com\/produkt\/gen-cholesterin-control-180-kapsulek\/"},"modified":"2026-03-21T15:52:24","modified_gmt":"2026-03-21T14:52:24","slug":"gen-cholesterin-control-180-kapsulek","status":"publish","type":"product","link":"https:\/\/dev.vitalstoffversand.com\/pl\/produkt-pl\/gen-cholesterin-control-180-kapsulek\/","title":{"rendered":"GEN <br>Cholesterin Control \u2013 180 kapsu\u0142ek"},"content":{"rendered":"<p>GEN Cholest Control \u0142\u0105czy wyselekcjonowane ekstrakty ro\u015blinne, fitosterole oraz najwy\u017cszej jako\u015bci sk\u0142adniki, takie jak Lipophytol\u2122 i AstraGin\u00ae, tworz\u0105c nowoczesn\u0105 formu\u0142\u0119 od\u017cywcz\u0105, kt\u00f3r\u0105 mo\u017cna stosowa\u0107 na co dzie\u0144.<\/p>\n<p>Podczas gdy fitosterole zawarte w preparacie Lipophytol\u2122 pomagaj\u0105 utrzyma\u0107 prawid\u0142owy poziom cholesterolu, 7 synergicznych sk\u0142adnik\u00f3w aktywnych uzupe\u0142nia formu\u0142\u0119, tworz\u0105c produkt, kt\u00f3rego w takiej kombinacji nie spotyka si\u0119 cz\u0119sto.<\/p>\n<ul>\n<li>Wegan<\/li>\n<li>Bez glutenu<\/li>\n<li>Bez laktozy<\/li>\n<li>Bez GMO<\/li>\n<li>Wyprodukowane zgodnie z surowymi normami jako\u015bci UE<\/li>\n<\/ul>\n","protected":false},"excerpt":{"rendered":"<p>GEN Cholest Control \u0142\u0105czy wyselekcjonowane ekstrakty ro\u015blinne, fitosterole oraz najwy\u017cszej jako\u015bci sk\u0142adniki, takie jak Lipophytol\u2122 i AstraGin\u00ae, tworz\u0105c nowoczesn\u0105 formu\u0142\u0119 od\u017cywcz\u0105, kt\u00f3r\u0105 mo\u017cna stosowa\u0107 na co dzie\u0144. Podczas gdy fitosterole zawarte w preparacie Lipophytol\u2122 pomagaj\u0105 utrzyma\u0107 prawid\u0142owy poziom cholesterolu, 7 synergicznych sk\u0142adnik\u00f3w aktywnych uzupe\u0142nia formu\u0142\u0119, tworz\u0105c produkt, kt\u00f3rego w takiej kombinacji nie spotyka si\u0119 cz\u0119sto. [&hellip;]<\/p>\n","protected":false},"featured_media":65462,"template":"","meta":{"_acf_changed":false},"product_brand":[10199],"product_cat":[557,569],"product_tag":[],"class_list":{"0":"post-65463","1":"product","2":"type-product","3":"status-publish","4":"has-post-thumbnail","6":"product_brand-gen-german-elite-nutrition-pl","7":"product_cat-bialka","8":"product_cat-produkty-od-a-z","10":"first","11":"instock","12":"taxable","13":"shipping-taxable","14":"purchasable","15":"product-type-simple"},"acf":[],"_links":{"self":[{"href":"https:\/\/dev.vitalstoffversand.com\/pl\/wp-json\/wp\/v2\/product\/65463","targetHints":{"allow":["GET"]}}],"collection":[{"href":"https:\/\/dev.vitalstoffversand.com\/pl\/wp-json\/wp\/v2\/product"}],"about":[{"href":"https:\/\/dev.vitalstoffversand.com\/pl\/wp-json\/wp\/v2\/types\/product"}],"wp:featuredmedia":[{"embeddable":true,"href":"https:\/\/dev.vitalstoffversand.com\/pl\/wp-json\/wp\/v2\/media\/65462"}],"wp:attachment":[{"href":"https:\/\/dev.vitalstoffversand.com\/pl\/wp-json\/wp\/v2\/media?parent=65463"}],"wp:term":[{"taxonomy":"product_brand","embeddable":true,"href":"https:\/\/dev.vitalstoffversand.com\/pl\/wp-json\/wp\/v2\/product_brand?post=65463"},{"taxonomy":"product_cat","embeddable":true,"href":"https:\/\/dev.vitalstoffversand.com\/pl\/wp-json\/wp\/v2\/product_cat?post=65463"},{"taxonomy":"product_tag","embeddable":true,"href":"https:\/\/dev.vitalstoffversand.com\/pl\/wp-json\/wp\/v2\/product_tag?post=65463"}],"curies":[{"name":"wp","href":"https:\/\/api.w.org\/{rel}","templated":true}]}}