{"id":65144,"date":"2025-06-11T17:49:24","date_gmt":"2025-06-11T15:49:24","guid":{"rendered":"https:\/\/vitalstoffversand.com\/produkt\/gen-knockout-preparat-wspomagajacy-sen-i-regeneracje-120-kapsulek\/"},"modified":"2025-06-11T17:49:24","modified_gmt":"2025-06-11T15:49:24","slug":"gen-knockout-preparat-wspomagajacy-sen-i-regeneracje-120-kapsulek","status":"publish","type":"product","link":"https:\/\/dev.vitalstoffversand.com\/pl\/produkt-pl\/gen-knockout-preparat-wspomagajacy-sen-i-regeneracje-120-kapsulek\/","title":{"rendered":"GEN <br>Knockout \u2013 preparat wspomagaj\u0105cy sen i regeneracj\u0119 \u2013 120 kapsu\u0142ek"},"content":{"rendered":"<p>GEN Knockout, dzi\u0119ki 8 aktywnym i odpowiednio dobranym sk\u0142adnikom, zapewnia ukierunkowane wsparcie dla Twojego nocnego wypoczynku.<\/p>\n<p>Produkt ma na celu stworzenie holistycznej koncepcji i opiera si\u0119 na sprawdzonych surowcach najwy\u017cszej jako\u015bci.<\/p>\n<ul>\n<li>Wegan<\/li>\n<li>Bez glutenu<\/li>\n<li>Bez laktozy<\/li>\n<li>Bez GMO<\/li>\n<li>Wyprodukowane zgodnie z surowymi normami jako\u015bci UE<\/li>\n<\/ul>\n","protected":false},"excerpt":{"rendered":"<p>GEN Knockout, dzi\u0119ki 8 aktywnym i odpowiednio dobranym sk\u0142adnikom, zapewnia ukierunkowane wsparcie dla Twojego nocnego wypoczynku. Produkt ma na celu stworzenie holistycznej koncepcji i opiera si\u0119 na sprawdzonych surowcach najwy\u017cszej jako\u015bci. Wegan Bez glutenu Bez laktozy Bez GMO Wyprodukowane zgodnie z surowymi normami jako\u015bci UE<\/p>\n","protected":false},"featured_media":48230,"template":"","meta":{"_acf_changed":false},"product_brand":[10199],"product_cat":[560,569],"product_tag":[],"class_list":{"0":"post-65144","1":"product","2":"type-product","3":"status-publish","4":"has-post-thumbnail","6":"product_brand-gen-german-elite-nutrition-pl","7":"product_cat-skladniki-odzywcze","8":"product_cat-produkty-od-a-z","10":"first","11":"instock","12":"taxable","13":"shipping-taxable","14":"purchasable","15":"product-type-simple"},"acf":[],"_links":{"self":[{"href":"https:\/\/dev.vitalstoffversand.com\/pl\/wp-json\/wp\/v2\/product\/65144","targetHints":{"allow":["GET"]}}],"collection":[{"href":"https:\/\/dev.vitalstoffversand.com\/pl\/wp-json\/wp\/v2\/product"}],"about":[{"href":"https:\/\/dev.vitalstoffversand.com\/pl\/wp-json\/wp\/v2\/types\/product"}],"wp:featuredmedia":[{"embeddable":true,"href":"https:\/\/dev.vitalstoffversand.com\/pl\/wp-json\/wp\/v2\/media\/48230"}],"wp:attachment":[{"href":"https:\/\/dev.vitalstoffversand.com\/pl\/wp-json\/wp\/v2\/media?parent=65144"}],"wp:term":[{"taxonomy":"product_brand","embeddable":true,"href":"https:\/\/dev.vitalstoffversand.com\/pl\/wp-json\/wp\/v2\/product_brand?post=65144"},{"taxonomy":"product_cat","embeddable":true,"href":"https:\/\/dev.vitalstoffversand.com\/pl\/wp-json\/wp\/v2\/product_cat?post=65144"},{"taxonomy":"product_tag","embeddable":true,"href":"https:\/\/dev.vitalstoffversand.com\/pl\/wp-json\/wp\/v2\/product_tag?post=65144"}],"curies":[{"name":"wp","href":"https:\/\/api.w.org\/{rel}","templated":true}]}}