{"id":65000,"date":"2025-10-08T13:59:47","date_gmt":"2025-10-08T11:59:47","guid":{"rendered":"https:\/\/vitalstoffversand.com\/produkt\/gen-kwas-d-asparaginowy-300-kapsulek\/"},"modified":"2026-03-21T15:52:53","modified_gmt":"2026-03-21T14:52:53","slug":"gen-kwas-d-asparaginowy-300-kapsulek","status":"publish","type":"product","link":"https:\/\/dev.vitalstoffversand.com\/pl\/produkt-pl\/gen-kwas-d-asparaginowy-300-kapsulek\/","title":{"rendered":"GEN <br>Kwas D-asparaginowy \u2013 300 kapsu\u0142ek"},"content":{"rendered":"<p>Kwas D-asparaginowy (DAA) jest naturalnie wyst\u0119puj\u0105cym aminokwasem, kt\u00f3ry bierze udzia\u0142 w kluczowych procesach metabolizmu aminokwas\u00f3w.<\/p>\n<p>Sensowne uzupe\u0142nienie dla os\u00f3b uprawiaj\u0105cych sporty si\u0142owe, kulturyst\u00f3w w zakresie fitnessu, w po\u0142\u0105czeniu ze zbilansowan\u0105 diet\u0105 i ustrukturyzowanym planem regeneracji.<\/p>\n<ul>\n<li>Bezglutenowe<\/li>\n<li>Laktose frei<\/li>\n<li>Bez GMO<\/li>\n<li>Wyprodukowane zgodnie z surowymi normami jako\u015bci UE<\/li>\n<\/ul>\n","protected":false},"excerpt":{"rendered":"<p>Kwas asparaginowy jako sensowne wsparcie i suplement diety dla aktywnych sportowc\u00f3w.<\/p>\n","protected":false},"featured_media":60908,"template":"","meta":{"_acf_changed":false},"product_brand":[10199],"product_cat":[552,569],"product_tag":[],"class_list":{"0":"post-65000","1":"product","2":"type-product","3":"status-publish","4":"has-post-thumbnail","6":"product_brand-gen-german-elite-nutrition-pl","7":"product_cat-aminokwasy","8":"product_cat-produkty-od-a-z","10":"first","11":"instock","12":"taxable","13":"shipping-taxable","14":"purchasable","15":"product-type-simple"},"acf":[],"_links":{"self":[{"href":"https:\/\/dev.vitalstoffversand.com\/pl\/wp-json\/wp\/v2\/product\/65000","targetHints":{"allow":["GET"]}}],"collection":[{"href":"https:\/\/dev.vitalstoffversand.com\/pl\/wp-json\/wp\/v2\/product"}],"about":[{"href":"https:\/\/dev.vitalstoffversand.com\/pl\/wp-json\/wp\/v2\/types\/product"}],"wp:featuredmedia":[{"embeddable":true,"href":"https:\/\/dev.vitalstoffversand.com\/pl\/wp-json\/wp\/v2\/media\/60908"}],"wp:attachment":[{"href":"https:\/\/dev.vitalstoffversand.com\/pl\/wp-json\/wp\/v2\/media?parent=65000"}],"wp:term":[{"taxonomy":"product_brand","embeddable":true,"href":"https:\/\/dev.vitalstoffversand.com\/pl\/wp-json\/wp\/v2\/product_brand?post=65000"},{"taxonomy":"product_cat","embeddable":true,"href":"https:\/\/dev.vitalstoffversand.com\/pl\/wp-json\/wp\/v2\/product_cat?post=65000"},{"taxonomy":"product_tag","embeddable":true,"href":"https:\/\/dev.vitalstoffversand.com\/pl\/wp-json\/wp\/v2\/product_tag?post=65000"}],"curies":[{"name":"wp","href":"https:\/\/api.w.org\/{rel}","templated":true}]}}