{"id":64980,"date":"2026-03-12T13:13:43","date_gmt":"2026-03-12T12:13:43","guid":{"rendered":"https:\/\/vitalstoffversand.com\/?post_type=product&#038;p=64980"},"modified":"2026-03-21T15:51:58","modified_gmt":"2026-03-21T14:51:58","slug":"nuvi-health-krople-witaminy-a-d3-k2-50-ml-kopie","status":"publish","type":"product","link":"https:\/\/dev.vitalstoffversand.com\/pl\/produkt-pl\/nuvi-health-krople-witaminy-a-d3-k2-50-ml-kopie\/","title":{"rendered":"Nuvi Health <br>Olejek z oregano \u2013 20 ml"},"content":{"rendered":"<p>Olejek z oregano pochodz\u0105cy z Francji, zawieraj\u0105cy 80% karwakrolu, 7% p-cymolu, 6,5% gamma-terc-metylofenolu i 4,5% tymolu.<\/p>\n<p>Olejek z oregano ma wiele zastosowa\u0144 i wykazuje silne w\u0142a\u015bciwo\u015bci w wielu dziedzinach.<\/p>\n<p>Butelka zawiera oko\u0142o 820 kropli.<\/p>\n<ul>\n<li>Wegetaria\u0144skie<\/li>\n<li>Bez glutenu<\/li>\n<li>Bez laktozy<\/li>\n<li>Bez GMO<\/li>\n<li>Wyprodukowane zgodnie z surowymi normami jako\u015bci UE<\/li>\n<\/ul>\n","protected":false},"excerpt":{"rendered":"<p>Olejek z oregano pochodz\u0105cy z Francji, zawieraj\u0105cy 80% karwakrolu, 7% p-cymolu, 6,5% gamma-terc-metylofenolu i 4,5% tymolu. Olejek z oregano ma wiele zastosowa\u0144 i wykazuje silne w\u0142a\u015bciwo\u015bci w wielu dziedzinach. Butelka zawiera oko\u0142o 820 kropli. Wegetaria\u0144skie Bez glutenu Bez laktozy Bez GMO Wyprodukowane zgodnie z surowymi normami jako\u015bci UE<\/p>\n","protected":false},"featured_media":64989,"template":"","meta":{"_acf_changed":false},"product_brand":[10213],"product_cat":[544,569],"product_tag":[],"class_list":{"0":"post-64980","1":"product","2":"type-product","3":"status-publish","4":"has-post-thumbnail","6":"product_brand-nuvi-health-pl","7":"product_cat-pierwsza-pomoc-i-leki","8":"product_cat-produkty-od-a-z","10":"first","11":"instock","12":"sale","13":"taxable","14":"shipping-taxable","15":"purchasable","16":"product-type-simple"},"acf":[],"_links":{"self":[{"href":"https:\/\/dev.vitalstoffversand.com\/pl\/wp-json\/wp\/v2\/product\/64980","targetHints":{"allow":["GET"]}}],"collection":[{"href":"https:\/\/dev.vitalstoffversand.com\/pl\/wp-json\/wp\/v2\/product"}],"about":[{"href":"https:\/\/dev.vitalstoffversand.com\/pl\/wp-json\/wp\/v2\/types\/product"}],"wp:featuredmedia":[{"embeddable":true,"href":"https:\/\/dev.vitalstoffversand.com\/pl\/wp-json\/wp\/v2\/media\/64989"}],"wp:attachment":[{"href":"https:\/\/dev.vitalstoffversand.com\/pl\/wp-json\/wp\/v2\/media?parent=64980"}],"wp:term":[{"taxonomy":"product_brand","embeddable":true,"href":"https:\/\/dev.vitalstoffversand.com\/pl\/wp-json\/wp\/v2\/product_brand?post=64980"},{"taxonomy":"product_cat","embeddable":true,"href":"https:\/\/dev.vitalstoffversand.com\/pl\/wp-json\/wp\/v2\/product_cat?post=64980"},{"taxonomy":"product_tag","embeddable":true,"href":"https:\/\/dev.vitalstoffversand.com\/pl\/wp-json\/wp\/v2\/product_tag?post=64980"}],"curies":[{"name":"wp","href":"https:\/\/api.w.org\/{rel}","templated":true}]}}