{"id":64929,"date":"2025-09-18T17:52:53","date_gmt":"2025-09-18T15:52:53","guid":{"rendered":"https:\/\/vitalstoffversand.com\/produkt\/gen-glycopump-glicerol-w-proszku-300-g\/"},"modified":"2026-03-21T15:53:57","modified_gmt":"2026-03-21T14:53:57","slug":"gen-glycopump-glicerol-w-proszku-300-g","status":"publish","type":"product","link":"https:\/\/dev.vitalstoffversand.com\/pl\/produkt-pl\/gen-glycopump-glicerol-w-proszku-300-g\/","title":{"rendered":"GEN <br>GlycoPump\u00ae Glicerol w proszku \u2013 300 g"},"content":{"rendered":"<p>Glycerol Powder firmy GEN opiera si\u0119 na wysokiej jako\u015bci surowcu GlycoPump\u00ae, kt\u00f3ry dzi\u0119ki specjalnej formule zawiera 65 procent substancji czynnej.<\/p>\n<p>Idealny do wspomagania treningu lub og\u00f3lnej aktywno\u015bci sportowej.<\/p>\n<ul>\n<li>Wegan<\/li>\n<li>Bez glutenu<\/li>\n<li>Bez laktozy<\/li>\n<li>Bez GMO<\/li>\n<li>Wyprodukowane zgodnie z surowymi normami jako\u015bci UE<\/li>\n<\/ul>\n","protected":false},"excerpt":{"rendered":"<p>Glycerol Powder firmy GEN opiera si\u0119 na wysokiej jako\u015bci surowcu GlycoPump\u00ae, kt\u00f3ry dzi\u0119ki specjalnej formule zawiera 65 procent substancji czynnej. Idealny do wspomagania treningu lub og\u00f3lnej aktywno\u015bci sportowej. Wegan Bez glutenu Bez laktozy Bez GMO Wyprodukowane zgodnie z surowymi normami jako\u015bci UE<\/p>\n","protected":false},"featured_media":47014,"template":"","meta":{"_acf_changed":false},"product_brand":[10199],"product_cat":[561,569],"product_tag":[],"class_list":{"0":"post-64929","1":"product","2":"type-product","3":"status-publish","4":"has-post-thumbnail","6":"product_brand-gen-german-elite-nutrition-pl","7":"product_cat-suplementy-sportowe","8":"product_cat-produkty-od-a-z","10":"first","11":"instock","12":"taxable","13":"shipping-taxable","14":"purchasable","15":"product-type-simple"},"acf":[],"_links":{"self":[{"href":"https:\/\/dev.vitalstoffversand.com\/pl\/wp-json\/wp\/v2\/product\/64929","targetHints":{"allow":["GET"]}}],"collection":[{"href":"https:\/\/dev.vitalstoffversand.com\/pl\/wp-json\/wp\/v2\/product"}],"about":[{"href":"https:\/\/dev.vitalstoffversand.com\/pl\/wp-json\/wp\/v2\/types\/product"}],"wp:featuredmedia":[{"embeddable":true,"href":"https:\/\/dev.vitalstoffversand.com\/pl\/wp-json\/wp\/v2\/media\/47014"}],"wp:attachment":[{"href":"https:\/\/dev.vitalstoffversand.com\/pl\/wp-json\/wp\/v2\/media?parent=64929"}],"wp:term":[{"taxonomy":"product_brand","embeddable":true,"href":"https:\/\/dev.vitalstoffversand.com\/pl\/wp-json\/wp\/v2\/product_brand?post=64929"},{"taxonomy":"product_cat","embeddable":true,"href":"https:\/\/dev.vitalstoffversand.com\/pl\/wp-json\/wp\/v2\/product_cat?post=64929"},{"taxonomy":"product_tag","embeddable":true,"href":"https:\/\/dev.vitalstoffversand.com\/pl\/wp-json\/wp\/v2\/product_tag?post=64929"}],"curies":[{"name":"wp","href":"https:\/\/api.w.org\/{rel}","templated":true}]}}