{"id":64809,"date":"2025-09-18T16:59:53","date_gmt":"2025-09-18T14:59:53","guid":{"rendered":"https:\/\/vitalstoffversand.com\/produkt\/gen-pudding-ryzowy-3-kg\/"},"modified":"2026-03-21T15:53:59","modified_gmt":"2026-03-21T14:53:59","slug":"gen-pudding-ryzowy-3-kg","status":"publish","type":"product","link":"https:\/\/dev.vitalstoffversand.com\/pl\/produkt-pl\/gen-pudding-ryzowy-3-kg\/","title":{"rendered":"GEN <br>Pudding ry\u017cowy \u2013 3 kg"},"content":{"rendered":"<p>Wszechstronny pudding ry\u017cowy, kt\u00f3ry \u0142\u0105czy w sobie smak i funkcjonalno\u015b\u0107.<\/p>\n<p>Oczywi\u015bcie bez dodatku cukru.<\/p>\n<ul>\n<li>Wegan<\/li>\n<li>Bez glutenu<\/li>\n<li>Bez laktozy<\/li>\n<li>Bez GMO<\/li>\n<li>Wyprodukowane zgodnie z surowymi normami jako\u015bci UE<\/li>\n<\/ul>\n","protected":false},"excerpt":{"rendered":"<p>Wszechstronny pudding ry\u017cowy, kt\u00f3ry \u0142\u0105czy w sobie smak i funkcjonalno\u015b\u0107. Oczywi\u015bcie bez dodatku cukru. Wegan Bez glutenu Bez laktozy Bez GMO Wyprodukowane zgodnie z surowymi normami jako\u015bci UE<\/p>\n","protected":false},"featured_media":46598,"template":"","meta":{"_acf_changed":false},"product_brand":[10199],"product_cat":[549,569],"product_tag":[],"class_list":{"0":"post-64809","1":"product","2":"type-product","3":"status-publish","4":"has-post-thumbnail","6":"product_brand-gen-german-elite-nutrition-pl","7":"product_cat-gotowanie-i-przekaski","8":"product_cat-produkty-od-a-z","10":"first","11":"instock","12":"taxable","13":"shipping-taxable","14":"purchasable","15":"product-type-simple"},"acf":[],"_links":{"self":[{"href":"https:\/\/dev.vitalstoffversand.com\/pl\/wp-json\/wp\/v2\/product\/64809","targetHints":{"allow":["GET"]}}],"collection":[{"href":"https:\/\/dev.vitalstoffversand.com\/pl\/wp-json\/wp\/v2\/product"}],"about":[{"href":"https:\/\/dev.vitalstoffversand.com\/pl\/wp-json\/wp\/v2\/types\/product"}],"wp:featuredmedia":[{"embeddable":true,"href":"https:\/\/dev.vitalstoffversand.com\/pl\/wp-json\/wp\/v2\/media\/46598"}],"wp:attachment":[{"href":"https:\/\/dev.vitalstoffversand.com\/pl\/wp-json\/wp\/v2\/media?parent=64809"}],"wp:term":[{"taxonomy":"product_brand","embeddable":true,"href":"https:\/\/dev.vitalstoffversand.com\/pl\/wp-json\/wp\/v2\/product_brand?post=64809"},{"taxonomy":"product_cat","embeddable":true,"href":"https:\/\/dev.vitalstoffversand.com\/pl\/wp-json\/wp\/v2\/product_cat?post=64809"},{"taxonomy":"product_tag","embeddable":true,"href":"https:\/\/dev.vitalstoffversand.com\/pl\/wp-json\/wp\/v2\/product_tag?post=64809"}],"curies":[{"name":"wp","href":"https:\/\/api.w.org\/{rel}","templated":true}]}}