{"id":64803,"date":"2025-04-10T12:00:55","date_gmt":"2025-04-10T10:00:55","guid":{"rendered":"https:\/\/vitalstoffversand.com\/produkt\/gen-kreatyna-hcl-365-kapsulek\/"},"modified":"2026-03-12T12:23:35","modified_gmt":"2026-03-12T11:23:35","slug":"gen-kreatyna-hcl-365-kapsulek","status":"publish","type":"product","link":"https:\/\/dev.vitalstoffversand.com\/pl\/produkt-pl\/gen-kreatyna-hcl-365-kapsulek\/","title":{"rendered":"GEN <br>Kreatyna HCL &#8211; 365 kapsu\u0142ek"},"content":{"rendered":"<p><a href=\"https:\/\/dev.vitalstoffversand.com\/knowledge-base\/creatin-kreatin\/\" target=\"_blank\" rel=\"noopener\"><strong><span style=\"color: #0000ff;\">\u2192 Kreatyna<\/span><\/strong><\/a> jest jednym z najwa\u017cniejszych i najcz\u0119\u015bciej stosowanych suplement\u00f3w w sporcie wyczynowym.<\/p>\n<p>Kreatyna HCL (chlorowodorek kreatyny) jest kreatyn\u0105 zwi\u0105zan\u0105 z kwasem solnym i ma na celu zapobieganie lub zmniejszanie mo\u017cliwych \u201eskutk\u00f3w ubocznych\u201d, takich jak wzd\u0119cia lub biegunka, kt\u00f3re wyst\u0119puj\u0105 u niekt\u00f3rych os\u00f3b przyjmuj\u0105cych monohydrat kreatyny.<\/p>\n<p>Posta\u0107 dawkowania kapsu\u0142ek umo\u017cliwia dobre i proste dawkowanie, nawet podczas podr\u00f3\u017cy.<\/p>\n<ul>\n<li>Bez glutenu<\/li>\n<li>Bez laktozy<\/li>\n<li>Bez GMO<\/li>\n<li>Wyprodukowane zgodnie z surowymi normami jako\u015bci UE<\/li>\n<\/ul>\n","protected":false},"excerpt":{"rendered":"<p>\u2192 Kreatyna jest jednym z najwa\u017cniejszych i najcz\u0119\u015bciej stosowanych suplement\u00f3w w sporcie wyczynowym. Kreatyna HCL (chlorowodorek kreatyny) jest kreatyn\u0105 zwi\u0105zan\u0105 z kwasem solnym i ma na celu zapobieganie lub zmniejszanie mo\u017cliwych \u201eskutk\u00f3w ubocznych\u201d, takich jak wzd\u0119cia lub biegunka, kt\u00f3re wyst\u0119puj\u0105 u niekt\u00f3rych os\u00f3b przyjmuj\u0105cych monohydrat kreatyny. Posta\u0107 dawkowania kapsu\u0142ek umo\u017cliwia dobre i proste dawkowanie, nawet [&hellip;]<\/p>\n","protected":false},"featured_media":46510,"template":"","meta":{"_acf_changed":false},"product_brand":[10199],"product_cat":[561,569],"product_tag":[],"class_list":{"0":"post-64803","1":"product","2":"type-product","3":"status-publish","4":"has-post-thumbnail","6":"product_brand-gen-german-elite-nutrition-pl","7":"product_cat-suplementy-sportowe","8":"product_cat-produkty-od-a-z","10":"first","11":"instock","12":"taxable","13":"shipping-taxable","14":"purchasable","15":"product-type-simple"},"acf":[],"_links":{"self":[{"href":"https:\/\/dev.vitalstoffversand.com\/pl\/wp-json\/wp\/v2\/product\/64803","targetHints":{"allow":["GET"]}}],"collection":[{"href":"https:\/\/dev.vitalstoffversand.com\/pl\/wp-json\/wp\/v2\/product"}],"about":[{"href":"https:\/\/dev.vitalstoffversand.com\/pl\/wp-json\/wp\/v2\/types\/product"}],"wp:featuredmedia":[{"embeddable":true,"href":"https:\/\/dev.vitalstoffversand.com\/pl\/wp-json\/wp\/v2\/media\/46510"}],"wp:attachment":[{"href":"https:\/\/dev.vitalstoffversand.com\/pl\/wp-json\/wp\/v2\/media?parent=64803"}],"wp:term":[{"taxonomy":"product_brand","embeddable":true,"href":"https:\/\/dev.vitalstoffversand.com\/pl\/wp-json\/wp\/v2\/product_brand?post=64803"},{"taxonomy":"product_cat","embeddable":true,"href":"https:\/\/dev.vitalstoffversand.com\/pl\/wp-json\/wp\/v2\/product_cat?post=64803"},{"taxonomy":"product_tag","embeddable":true,"href":"https:\/\/dev.vitalstoffversand.com\/pl\/wp-json\/wp\/v2\/product_tag?post=64803"}],"curies":[{"name":"wp","href":"https:\/\/api.w.org\/{rel}","templated":true}]}}