{"id":64797,"date":"2024-11-12T13:03:04","date_gmt":"2024-11-12T12:03:04","guid":{"rendered":"https:\/\/vitalstoffversand.com\/produkt\/gen-cyclic-cluster-dextrin-1000-g\/"},"modified":"2026-03-11T15:12:53","modified_gmt":"2026-03-11T14:12:53","slug":"gen-cyclic-cluster-dextrin-1000-g","status":"publish","type":"product","link":"https:\/\/dev.vitalstoffversand.com\/pl\/produkt-pl\/gen-cyclic-cluster-dextrin-1000-g\/","title":{"rendered":"GEN <br>Cyclic Cluster Dextrin &#8211; 1000 g"},"content":{"rendered":"<p>Cluster Dextrin\u00ae jest powoli uwalniany w organizmie, dlatego te\u017c jest okre\u015blany jako \u0142agodne \u017ar\u00f3d\u0142o w\u0119glowodan\u00f3w.<\/p>\n<p>Interesuj\u0105ce dla wszystkich, kt\u00f3rzy potrzebuj\u0105 sta\u0142ego dop\u0142ywu energii.<\/p>\n<p>Produkt jest dobrze rozpuszczalny i charakteryzuje si\u0119 nisk\u0105 osmolarno\u015bci\u0105.<\/p>\n<ul>\n<li>Wegan<\/li>\n<li>Bez glutenu<\/li>\n<li>Bez laktozy<\/li>\n<li>Bez GMO<\/li>\n<li>Wyprodukowane zgodnie z surowymi normami jako\u015bci UE<\/li>\n<\/ul>\n","protected":false},"excerpt":{"rendered":"<p>Cluster Dextrin\u00ae jest powoli uwalniany w organizmie, dlatego te\u017c jest okre\u015blany jako \u0142agodne \u017ar\u00f3d\u0142o w\u0119glowodan\u00f3w. Interesuj\u0105ce dla wszystkich, kt\u00f3rzy potrzebuj\u0105 sta\u0142ego dop\u0142ywu energii. Produkt jest dobrze rozpuszczalny i charakteryzuje si\u0119 nisk\u0105 osmolarno\u015bci\u0105. Wegan Bez glutenu Bez laktozy Bez GMO Wyprodukowane zgodnie z surowymi normami jako\u015bci UE<\/p>\n","protected":false},"featured_media":45797,"template":"","meta":{"_acf_changed":false},"product_brand":[10199],"product_cat":[561,569],"product_tag":[],"class_list":{"0":"post-64797","1":"product","2":"type-product","3":"status-publish","4":"has-post-thumbnail","6":"product_brand-gen-german-elite-nutrition-pl","7":"product_cat-suplementy-sportowe","8":"product_cat-produkty-od-a-z","10":"first","11":"instock","12":"taxable","13":"shipping-taxable","14":"purchasable","15":"product-type-simple"},"acf":[],"_links":{"self":[{"href":"https:\/\/dev.vitalstoffversand.com\/pl\/wp-json\/wp\/v2\/product\/64797","targetHints":{"allow":["GET"]}}],"collection":[{"href":"https:\/\/dev.vitalstoffversand.com\/pl\/wp-json\/wp\/v2\/product"}],"about":[{"href":"https:\/\/dev.vitalstoffversand.com\/pl\/wp-json\/wp\/v2\/types\/product"}],"wp:featuredmedia":[{"embeddable":true,"href":"https:\/\/dev.vitalstoffversand.com\/pl\/wp-json\/wp\/v2\/media\/45797"}],"wp:attachment":[{"href":"https:\/\/dev.vitalstoffversand.com\/pl\/wp-json\/wp\/v2\/media?parent=64797"}],"wp:term":[{"taxonomy":"product_brand","embeddable":true,"href":"https:\/\/dev.vitalstoffversand.com\/pl\/wp-json\/wp\/v2\/product_brand?post=64797"},{"taxonomy":"product_cat","embeddable":true,"href":"https:\/\/dev.vitalstoffversand.com\/pl\/wp-json\/wp\/v2\/product_cat?post=64797"},{"taxonomy":"product_tag","embeddable":true,"href":"https:\/\/dev.vitalstoffversand.com\/pl\/wp-json\/wp\/v2\/product_tag?post=64797"}],"curies":[{"name":"wp","href":"https:\/\/api.w.org\/{rel}","templated":true}]}}