{"id":64785,"date":"2025-10-01T13:58:24","date_gmt":"2025-10-01T11:58:24","guid":{"rendered":"https:\/\/vitalstoffversand.com\/produkt\/gen-cla-240-kapsulek\/"},"modified":"2026-03-21T15:53:25","modified_gmt":"2026-03-21T14:53:25","slug":"gen-cla-240-kapsulek","status":"publish","type":"product","link":"https:\/\/dev.vitalstoffversand.com\/pl\/produkt-pl\/gen-cla-240-kapsulek\/","title":{"rendered":"GEN <br>CLA \u2013 240 kapsu\u0142ek"},"content":{"rendered":"<p>CLA \u2013 sprz\u0119\u017cony kwas linolowy jest zmodyfikowan\u0105 form\u0105 kwasu linolowego i nale\u017cy do niezb\u0119dnych kwas\u00f3w t\u0142uszczowych, a dok\u0142adniej do kwas\u00f3w t\u0142uszczowych omega-6.<\/p>\n<p>Nasz organizm nie jest w stanie samodzielnie wytworzy\u0107 tego kwasu t\u0142uszczowego, dlatego musi by\u0107 on dostarczany wraz z po\u017cywieniem.<\/p>\n<ul>\n<li>Bez glutenu<\/li>\n<li>Bez laktozy<\/li>\n<li>Bez GMO<\/li>\n<li>Wyprodukowane zgodnie z surowymi normami jako\u015bci UE<\/li>\n<\/ul>\n","protected":false},"excerpt":{"rendered":"<p>CLA \u2013 sprz\u0119\u017cony kwas linolowy jest zmodyfikowan\u0105 form\u0105 kwasu linolowego i nale\u017cy do niezb\u0119dnych kwas\u00f3w t\u0142uszczowych, a dok\u0142adniej do kwas\u00f3w t\u0142uszczowych omega-6. Nasz organizm nie jest w stanie samodzielnie wytworzy\u0107 tego kwasu t\u0142uszczowego, dlatego musi by\u0107 on dostarczany wraz z po\u017cywieniem. Bez glutenu Bez laktozy Bez GMO Wyprodukowane zgodnie z surowymi normami jako\u015bci UE<\/p>\n","protected":false},"featured_media":44621,"template":"","meta":{"_acf_changed":false},"product_brand":[10199],"product_cat":[553,569],"product_tag":[],"class_list":{"0":"post-64785","1":"product","2":"type-product","3":"status-publish","4":"has-post-thumbnail","6":"product_brand-gen-german-elite-nutrition-pl","7":"product_cat-kwasy-tluszczowe","8":"product_cat-produkty-od-a-z","10":"first","11":"instock","12":"taxable","13":"shipping-taxable","14":"purchasable","15":"product-type-simple"},"acf":[],"_links":{"self":[{"href":"https:\/\/dev.vitalstoffversand.com\/pl\/wp-json\/wp\/v2\/product\/64785","targetHints":{"allow":["GET"]}}],"collection":[{"href":"https:\/\/dev.vitalstoffversand.com\/pl\/wp-json\/wp\/v2\/product"}],"about":[{"href":"https:\/\/dev.vitalstoffversand.com\/pl\/wp-json\/wp\/v2\/types\/product"}],"wp:featuredmedia":[{"embeddable":true,"href":"https:\/\/dev.vitalstoffversand.com\/pl\/wp-json\/wp\/v2\/media\/44621"}],"wp:attachment":[{"href":"https:\/\/dev.vitalstoffversand.com\/pl\/wp-json\/wp\/v2\/media?parent=64785"}],"wp:term":[{"taxonomy":"product_brand","embeddable":true,"href":"https:\/\/dev.vitalstoffversand.com\/pl\/wp-json\/wp\/v2\/product_brand?post=64785"},{"taxonomy":"product_cat","embeddable":true,"href":"https:\/\/dev.vitalstoffversand.com\/pl\/wp-json\/wp\/v2\/product_cat?post=64785"},{"taxonomy":"product_tag","embeddable":true,"href":"https:\/\/dev.vitalstoffversand.com\/pl\/wp-json\/wp\/v2\/product_tag?post=64785"}],"curies":[{"name":"wp","href":"https:\/\/api.w.org\/{rel}","templated":true}]}}