{"id":63135,"date":"2026-02-15T17:09:49","date_gmt":"2026-02-15T16:09:49","guid":{"rendered":"https:\/\/vitalstoffversand.com\/?post_type=product&#038;p=63135"},"modified":"2026-03-21T15:52:10","modified_gmt":"2026-03-21T14:52:10","slug":"vit4ever-msm-metylosulfonylometan-1100-g-kopie","status":"publish","type":"product","link":"https:\/\/dev.vitalstoffversand.com\/pl\/produkt-pl\/vit4ever-msm-metylosulfonylometan-1100-g-kopie\/","title":{"rendered":"Vit4ever <br>Proszek z trawy j\u0119czmiennej \u2013 1000 g"},"content":{"rendered":"<p>M\u0142oda trawa j\u0119czmienna jest bogata w minera\u0142y, pierwiastki \u015bladowe, witaminy, przeciwutleniacze i substancje gorzkie.<\/p>\n<p>Ten produkt najwy\u017cszej jako\u015bci z Holandii jest zatem prawdziwym wszechstronnym darem natury.<\/p>\n<ul>\n<li>Wegan<\/li>\n<li>Bez glutenu<\/li>\n<li>Bez laktozy<\/li>\n<li>Bez GMO<\/li>\n<li>Wyprodukowane zgodnie z surowymi normami jako\u015bci UE<\/li>\n<\/ul>\n","protected":false},"excerpt":{"rendered":"<p>M\u0142oda trawa j\u0119czmienna jest bogata w minera\u0142y, pierwiastki \u015bladowe, witaminy, przeciwutleniacze i substancje gorzkie. Ten produkt najwy\u017cszej jako\u015bci z Holandii jest zatem prawdziwym wszechstronnym darem natury. Wegan Bez glutenu Bez laktozy Bez GMO Wyprodukowane zgodnie z surowymi normami jako\u015bci UE<\/p>\n","protected":false},"featured_media":63374,"template":"","meta":{"_acf_changed":false},"product_brand":[10220],"product_cat":[560,569],"product_tag":[],"class_list":{"0":"post-63135","1":"product","2":"type-product","3":"status-publish","4":"has-post-thumbnail","6":"product_brand-vit4ever-pl","7":"product_cat-skladniki-odzywcze","8":"product_cat-produkty-od-a-z","10":"first","11":"instock","12":"taxable","13":"shipping-taxable","14":"purchasable","15":"product-type-simple"},"acf":[],"_links":{"self":[{"href":"https:\/\/dev.vitalstoffversand.com\/pl\/wp-json\/wp\/v2\/product\/63135","targetHints":{"allow":["GET"]}}],"collection":[{"href":"https:\/\/dev.vitalstoffversand.com\/pl\/wp-json\/wp\/v2\/product"}],"about":[{"href":"https:\/\/dev.vitalstoffversand.com\/pl\/wp-json\/wp\/v2\/types\/product"}],"wp:featuredmedia":[{"embeddable":true,"href":"https:\/\/dev.vitalstoffversand.com\/pl\/wp-json\/wp\/v2\/media\/63374"}],"wp:attachment":[{"href":"https:\/\/dev.vitalstoffversand.com\/pl\/wp-json\/wp\/v2\/media?parent=63135"}],"wp:term":[{"taxonomy":"product_brand","embeddable":true,"href":"https:\/\/dev.vitalstoffversand.com\/pl\/wp-json\/wp\/v2\/product_brand?post=63135"},{"taxonomy":"product_cat","embeddable":true,"href":"https:\/\/dev.vitalstoffversand.com\/pl\/wp-json\/wp\/v2\/product_cat?post=63135"},{"taxonomy":"product_tag","embeddable":true,"href":"https:\/\/dev.vitalstoffversand.com\/pl\/wp-json\/wp\/v2\/product_tag?post=63135"}],"curies":[{"name":"wp","href":"https:\/\/api.w.org\/{rel}","templated":true}]}}