{"id":62740,"date":"2026-01-10T17:53:22","date_gmt":"2026-01-10T16:53:22","guid":{"rendered":"https:\/\/vitalstoffversand.com\/produkt\/dr-grandel-vollgran-zarodki-pszeniczne-1000-g\/"},"modified":"2026-03-21T15:52:28","modified_gmt":"2026-03-21T14:52:28","slug":"dr-grandel-vollgran-zarodki-pszeniczne-1000-g","status":"publish","type":"product","link":"https:\/\/dev.vitalstoffversand.com\/pl\/produkt-pl\/dr-grandel-vollgran-zarodki-pszeniczne-1000-g\/","title":{"rendered":"Dr. Grandel <br>Vollgran Zarodki pszeniczne \u2013 1000 g"},"content":{"rendered":"<p>Zarodki pszeniczne VOLLGRAN wed\u0142ug receptury dr Felixa Grandela s\u0105 starannie selekcjonowane i delikatnie fermentowane, dzi\u0119ki czemu zachowuj\u0105 sw\u00f3j naturalny, przyjemny orzechowy smak i wyj\u0105tkow\u0105 g\u0119sto\u015b\u0107 od\u017cywcz\u0105.<\/p>\n<p>Jako prawdziwa \u201esuper\u017cywno\u015b\u0107\u201d idealnie nadaj\u0105 si\u0119 do naturalnego wzbogacenia zbilansowanej diety.<\/p>\n<p>Bogate w b\u0142onnik, bia\u0142ko, witaminy, minera\u0142y i silny przeciwutleniacz spermidyn\u0119 (48 mg\/100 g).<\/p>\n","protected":false},"excerpt":{"rendered":"<p>Zarodki pszeniczne VOLLGRAN wed\u0142ug receptury dr Felixa Grandela s\u0105 starannie selekcjonowane i delikatnie fermentowane, dzi\u0119ki czemu zachowuj\u0105 sw\u00f3j naturalny, przyjemny orzechowy smak i wyj\u0105tkow\u0105 g\u0119sto\u015b\u0107 od\u017cywcz\u0105. Jako prawdziwa \u201esuper\u017cywno\u015b\u0107\u201d idealnie nadaj\u0105 si\u0119 do naturalnego wzbogacenia zbilansowanej diety. Bogate w b\u0142onnik, bia\u0142ko, witaminy, minera\u0142y i silny przeciwutleniacz spermidyn\u0119 (48 mg\/100 g).<\/p>\n","protected":false},"featured_media":62739,"template":"","meta":{"_acf_changed":false},"product_brand":[10257],"product_cat":[560,569],"product_tag":[],"class_list":{"0":"post-62740","1":"product","2":"type-product","3":"status-publish","4":"has-post-thumbnail","6":"product_brand-dr-grandel-pl","7":"product_cat-skladniki-odzywcze","8":"product_cat-produkty-od-a-z","10":"first","11":"instock","12":"taxable","13":"shipping-taxable","14":"purchasable","15":"product-type-simple"},"acf":[],"_links":{"self":[{"href":"https:\/\/dev.vitalstoffversand.com\/pl\/wp-json\/wp\/v2\/product\/62740","targetHints":{"allow":["GET"]}}],"collection":[{"href":"https:\/\/dev.vitalstoffversand.com\/pl\/wp-json\/wp\/v2\/product"}],"about":[{"href":"https:\/\/dev.vitalstoffversand.com\/pl\/wp-json\/wp\/v2\/types\/product"}],"wp:featuredmedia":[{"embeddable":true,"href":"https:\/\/dev.vitalstoffversand.com\/pl\/wp-json\/wp\/v2\/media\/62739"}],"wp:attachment":[{"href":"https:\/\/dev.vitalstoffversand.com\/pl\/wp-json\/wp\/v2\/media?parent=62740"}],"wp:term":[{"taxonomy":"product_brand","embeddable":true,"href":"https:\/\/dev.vitalstoffversand.com\/pl\/wp-json\/wp\/v2\/product_brand?post=62740"},{"taxonomy":"product_cat","embeddable":true,"href":"https:\/\/dev.vitalstoffversand.com\/pl\/wp-json\/wp\/v2\/product_cat?post=62740"},{"taxonomy":"product_tag","embeddable":true,"href":"https:\/\/dev.vitalstoffversand.com\/pl\/wp-json\/wp\/v2\/product_tag?post=62740"}],"curies":[{"name":"wp","href":"https:\/\/api.w.org\/{rel}","templated":true}]}}