{"id":62697,"date":"2026-01-29T18:46:13","date_gmt":"2026-01-29T17:46:13","guid":{"rendered":"https:\/\/vitalstoffversand.com\/?post_type=product&#038;p=62697"},"modified":"2026-03-21T15:52:12","modified_gmt":"2026-03-21T14:52:12","slug":"natura-med-organiczne-mielone-luski-psyllium-rozne-ilosci-kopie","status":"publish","type":"product","link":"https:\/\/dev.vitalstoffversand.com\/pl\/produkt-pl\/natura-med-organiczne-mielone-luski-psyllium-rozne-ilosci-kopie\/","title":{"rendered":"Natura Med <br>Organiczne \u0142upiny psyllium mielone \u2013 500 g"},"content":{"rendered":"<p>Organiczna m\u0105ka lub proszek z \u0142uski psyllium to najlepsza forma \u0142uski psyllium.<\/p>\n<p>Silnie p\u0119czniej\u0105ce w\u0142a\u015bciwo\u015bci tego produktu sprawiaj\u0105, \u017ce jest on idealnym wsparciem diety lub oczyszczania jelita grubego i rehabilitacji jelit, a tak\u017ce ostrych zapar\u0107.<\/p>\n<ul>\n<li>W 100% naturalny \u2013 bez dodatk\u00f3w<\/li>\n<li>Wegan<\/li>\n<li>Bez glutenu<\/li>\n<li>Bez laktozy<\/li>\n<li>Bez GMO<\/li>\n<li>Wyprodukowane zgodnie z surowymi normami jako\u015bci UE<\/li>\n<\/ul>\n","protected":false},"excerpt":{"rendered":"<p>Organiczna m\u0105ka lub proszek z \u0142uski psyllium to najlepsza forma \u0142uski psyllium. Silnie p\u0119czniej\u0105ce w\u0142a\u015bciwo\u015bci tego produktu sprawiaj\u0105, \u017ce jest on idealnym wsparciem diety lub oczyszczania jelita grubego i rehabilitacji jelit, a tak\u017ce ostrych zapar\u0107. W 100% naturalny \u2013 bez dodatk\u00f3w Wegan Bez glutenu Bez laktozy Bez GMO Wyprodukowane zgodnie z surowymi normami jako\u015bci UE<\/p>\n","protected":false},"featured_media":40496,"template":"","meta":{"_acf_changed":false},"product_brand":[10207],"product_cat":[560,540,569],"product_tag":[],"class_list":{"0":"post-62697","1":"product","2":"type-product","3":"status-publish","4":"has-post-thumbnail","6":"product_brand-natura-med-pl","7":"product_cat-skladniki-odzywcze","8":"product_cat-organiczny","9":"product_cat-produkty-od-a-z","11":"first","12":"instock","13":"taxable","14":"shipping-taxable","15":"purchasable","16":"product-type-simple"},"acf":[],"_links":{"self":[{"href":"https:\/\/dev.vitalstoffversand.com\/pl\/wp-json\/wp\/v2\/product\/62697","targetHints":{"allow":["GET"]}}],"collection":[{"href":"https:\/\/dev.vitalstoffversand.com\/pl\/wp-json\/wp\/v2\/product"}],"about":[{"href":"https:\/\/dev.vitalstoffversand.com\/pl\/wp-json\/wp\/v2\/types\/product"}],"wp:featuredmedia":[{"embeddable":true,"href":"https:\/\/dev.vitalstoffversand.com\/pl\/wp-json\/wp\/v2\/media\/40496"}],"wp:attachment":[{"href":"https:\/\/dev.vitalstoffversand.com\/pl\/wp-json\/wp\/v2\/media?parent=62697"}],"wp:term":[{"taxonomy":"product_brand","embeddable":true,"href":"https:\/\/dev.vitalstoffversand.com\/pl\/wp-json\/wp\/v2\/product_brand?post=62697"},{"taxonomy":"product_cat","embeddable":true,"href":"https:\/\/dev.vitalstoffversand.com\/pl\/wp-json\/wp\/v2\/product_cat?post=62697"},{"taxonomy":"product_tag","embeddable":true,"href":"https:\/\/dev.vitalstoffversand.com\/pl\/wp-json\/wp\/v2\/product_tag?post=62697"}],"curies":[{"name":"wp","href":"https:\/\/api.w.org\/{rel}","templated":true}]}}