{"id":62649,"date":"2026-01-29T18:11:46","date_gmt":"2026-01-29T17:11:46","guid":{"rendered":"https:\/\/vitalstoffversand.com\/?post_type=product&#038;p=62649"},"modified":"2026-03-21T15:52:13","modified_gmt":"2026-03-21T14:52:13","slug":"natura-med-organiczne-luski-psyllium-rozne-ilosci-kopie","status":"publish","type":"product","link":"https:\/\/dev.vitalstoffversand.com\/pl\/produkt-pl\/natura-med-organiczne-luski-psyllium-rozne-ilosci-kopie\/","title":{"rendered":"Natura Med <br>Organiczne \u0142upiny psyllium \u2013 500 g"},"content":{"rendered":"<p>\u0141uski psyllium s\u0105 bardzo dobrym \u017ar\u00f3d\u0142em b\u0142onnika i mog\u0105 stanowi\u0107 uzupe\u0142nienie diety bogatej w b\u0142onnik.<\/p>\n<p>Dzi\u0119ki swoim silnym w\u0142a\u015bciwo\u015bciom p\u0119czniej\u0105cym mog\u0105 one pozytywnie wp\u0142ywa\u0107 na uczucie syto\u015bci i trawienie, dlatego doskonale nadaj\u0105 si\u0119 jako wsparcie dla diety.<\/p>\n<p>\u0141uski psyllium stosuje si\u0119 r\u00f3wnie\u017c w przypadku zapar\u0107, problem\u00f3w trawiennych oraz do oczyszczania i regeneracji jelit.<\/p>\n<ul>\n<li>W 100% naturalny \u2013 bez dodatk\u00f3w<\/li>\n<li>Wegan<\/li>\n<li>Bez glutenu<\/li>\n<li>Bez laktozy<\/li>\n<li>Bez GMO<\/li>\n<li>Wyprodukowane zgodnie z surowymi normami jako\u015bci UE<\/li>\n<\/ul>\n","protected":false},"excerpt":{"rendered":"<p>\u0141uski psyllium s\u0105 bardzo dobrym \u017ar\u00f3d\u0142em b\u0142onnika i mog\u0105 stanowi\u0107 uzupe\u0142nienie diety bogatej w b\u0142onnik. Dzi\u0119ki swoim silnym w\u0142a\u015bciwo\u015bciom p\u0119czniej\u0105cym mog\u0105 one pozytywnie wp\u0142ywa\u0107 na uczucie syto\u015bci i trawienie, dlatego doskonale nadaj\u0105 si\u0119 jako wsparcie dla diety. \u0141uski psyllium stosuje si\u0119 r\u00f3wnie\u017c w przypadku zapar\u0107, problem\u00f3w trawiennych oraz do oczyszczania i regeneracji jelit. W 100% [&hellip;]<\/p>\n","protected":false},"featured_media":40501,"template":"","meta":{"_acf_changed":false},"product_brand":[10207],"product_cat":[560,540,569],"product_tag":[],"class_list":{"0":"post-62649","1":"product","2":"type-product","3":"status-publish","4":"has-post-thumbnail","6":"product_brand-natura-med-pl","7":"product_cat-skladniki-odzywcze","8":"product_cat-organiczny","9":"product_cat-produkty-od-a-z","11":"first","12":"instock","13":"taxable","14":"shipping-taxable","15":"purchasable","16":"product-type-simple"},"acf":[],"_links":{"self":[{"href":"https:\/\/dev.vitalstoffversand.com\/pl\/wp-json\/wp\/v2\/product\/62649","targetHints":{"allow":["GET"]}}],"collection":[{"href":"https:\/\/dev.vitalstoffversand.com\/pl\/wp-json\/wp\/v2\/product"}],"about":[{"href":"https:\/\/dev.vitalstoffversand.com\/pl\/wp-json\/wp\/v2\/types\/product"}],"wp:featuredmedia":[{"embeddable":true,"href":"https:\/\/dev.vitalstoffversand.com\/pl\/wp-json\/wp\/v2\/media\/40501"}],"wp:attachment":[{"href":"https:\/\/dev.vitalstoffversand.com\/pl\/wp-json\/wp\/v2\/media?parent=62649"}],"wp:term":[{"taxonomy":"product_brand","embeddable":true,"href":"https:\/\/dev.vitalstoffversand.com\/pl\/wp-json\/wp\/v2\/product_brand?post=62649"},{"taxonomy":"product_cat","embeddable":true,"href":"https:\/\/dev.vitalstoffversand.com\/pl\/wp-json\/wp\/v2\/product_cat?post=62649"},{"taxonomy":"product_tag","embeddable":true,"href":"https:\/\/dev.vitalstoffversand.com\/pl\/wp-json\/wp\/v2\/product_tag?post=62649"}],"curies":[{"name":"wp","href":"https:\/\/api.w.org\/{rel}","templated":true}]}}