{"id":60858,"date":"2025-10-11T12:35:26","date_gmt":"2025-10-11T10:35:26","guid":{"rendered":"https:\/\/vitalstoffversand.com\/produkt\/gen-melatonina-o-przedluzonym-uwalnianiu-365-tabletek\/"},"modified":"2026-03-21T15:52:51","modified_gmt":"2026-03-21T14:52:51","slug":"gen-melatonina-o-przedluzonym-uwalnianiu-365-tabletek","status":"publish","type":"product","link":"https:\/\/dev.vitalstoffversand.com\/pl\/produkt-pl\/gen-melatonina-o-przedluzonym-uwalnianiu-365-tabletek\/","title":{"rendered":"GEN <br>Melatonina o przed\u0142u\u017conym uwalnianiu \u2013 365 tabletek"},"content":{"rendered":"<p>Specjalna formu\u0142a GEN Melatonin Time Release zosta\u0142a opracowana, aby delikatnie wspomaga\u0107 naturalny rytm snu.<\/p>\n<p>Tabletka jest dzielona, przy czym po\u0142owa tabletki zawiera 0,5 mg melatoniny. Zapewnia to idealn\u0105 skuteczno\u015b\u0107 dzi\u0119ki r\u00f3wnowadze i tolerancji, dzi\u0119ki czemu jest r\u00f3wnie\u017c bardzo odpowiedni dla pracownik\u00f3w zmianowych, podr\u00f3\u017cuj\u0105cych i os\u00f3b, kt\u00f3re chc\u0105 si\u0119 zrelaksowa\u0107 wieczorem.<\/p>\n<p>W tym produkcie melatonina jest uwalniana w spos\u00f3b kontrolowany i op\u00f3\u017aniony, zapewniaj\u0105c w ten spos\u00f3b r\u00f3wnomierne dzia\u0142anie.<\/p>\n<ul>\n<li>wega\u0144ski<\/li>\n<li>wegetaria\u0144ski<\/li>\n<li>Bezglutenowe<\/li>\n<li>Bez GMO<\/li>\n<li>Wyprodukowane zgodnie z surowymi normami jako\u015bci UE<\/li>\n<\/ul>\n","protected":false},"excerpt":{"rendered":"<p>Zrelaksuj si\u0119 i \u015bpij dobrze dzi\u0119ki innowacyjnemu preparatowi Melatonin Time Release.<br \/>\nPyszny cytrynowy smak dla przyjemnego spo\u017cycia.<\/p>\n","protected":false},"featured_media":60853,"template":"","meta":{"_acf_changed":false},"product_brand":[10199],"product_cat":[560,569],"product_tag":[],"class_list":{"0":"post-60858","1":"product","2":"type-product","3":"status-publish","4":"has-post-thumbnail","6":"product_brand-gen-german-elite-nutrition-pl","7":"product_cat-skladniki-odzywcze","8":"product_cat-produkty-od-a-z","10":"first","11":"instock","12":"taxable","13":"shipping-taxable","14":"purchasable","15":"product-type-simple"},"acf":[],"_links":{"self":[{"href":"https:\/\/dev.vitalstoffversand.com\/pl\/wp-json\/wp\/v2\/product\/60858","targetHints":{"allow":["GET"]}}],"collection":[{"href":"https:\/\/dev.vitalstoffversand.com\/pl\/wp-json\/wp\/v2\/product"}],"about":[{"href":"https:\/\/dev.vitalstoffversand.com\/pl\/wp-json\/wp\/v2\/types\/product"}],"wp:featuredmedia":[{"embeddable":true,"href":"https:\/\/dev.vitalstoffversand.com\/pl\/wp-json\/wp\/v2\/media\/60853"}],"wp:attachment":[{"href":"https:\/\/dev.vitalstoffversand.com\/pl\/wp-json\/wp\/v2\/media?parent=60858"}],"wp:term":[{"taxonomy":"product_brand","embeddable":true,"href":"https:\/\/dev.vitalstoffversand.com\/pl\/wp-json\/wp\/v2\/product_brand?post=60858"},{"taxonomy":"product_cat","embeddable":true,"href":"https:\/\/dev.vitalstoffversand.com\/pl\/wp-json\/wp\/v2\/product_cat?post=60858"},{"taxonomy":"product_tag","embeddable":true,"href":"https:\/\/dev.vitalstoffversand.com\/pl\/wp-json\/wp\/v2\/product_tag?post=60858"}],"curies":[{"name":"wp","href":"https:\/\/api.w.org\/{rel}","templated":true}]}}