{"id":43200,"date":"2025-09-01T18:52:48","date_gmt":"2025-09-01T16:52:48","guid":{"rendered":"https:\/\/vitalstoffversand.com\/produkt\/vit4ever-nac-800-n-acetylo-l-cysteina-240-kapsulek\/"},"modified":"2026-03-21T15:54:28","modified_gmt":"2026-03-21T14:54:28","slug":"vit4ever-nac-800-n-acetylo-l-cysteina-240-kapsulek","status":"publish","type":"product","link":"https:\/\/dev.vitalstoffversand.com\/pl\/produkt-pl\/vit4ever-nac-800-n-acetylo-l-cysteina-240-kapsulek\/","title":{"rendered":"Vit4ever <br>NAC 600 \u2013 N-acetylo-L-cysteina \u2013 240 kapsu\u0142ek"},"content":{"rendered":"<p>N-acetylo-L-cysteina (znana r\u00f3wnie\u017c jako NAC) jest N-acetylowan\u0105, wysoce skuteczn\u0105 form\u0105 L-cysteiny i jest bardzo biodost\u0119pna.<\/p>\n<p>NAC jest bardziej stabilna ni\u017c zwyk\u0142a L-cysteina i przed\u0142u\u017ca dzia\u0142anie aminokwasu w produkcji glutationu, kt\u00f3ry bierze udzia\u0142 w wielu wa\u017cnych procesach w organizmie, a tak\u017ce ma dzia\u0142anie przeciwutleniaj\u0105ce.<\/p>\n<ul>\n<li>Wegan<\/li>\n<li>Bez glutenu<\/li>\n<li>Bez laktozy<\/li>\n<li>Bez GMO<\/li>\n<li>Wyprodukowane zgodnie z surowymi normami jako\u015bci UE<\/li>\n<\/ul>\n","protected":false},"excerpt":{"rendered":"<p>N-acetylo-L-cysteina (znana r\u00f3wnie\u017c jako NAC) jest N-acetylowan\u0105, wysoce skuteczn\u0105 form\u0105 L-cysteiny i jest bardzo biodost\u0119pna. NAC jest bardziej stabilna ni\u017c zwyk\u0142a L-cysteina i przed\u0142u\u017ca dzia\u0142anie aminokwasu w produkcji glutationu, kt\u00f3ry bierze udzia\u0142 w wielu wa\u017cnych procesach w organizmie, a tak\u017ce ma dzia\u0142anie przeciwutleniaj\u0105ce. Wegan Bez glutenu Bez laktozy Bez GMO Wyprodukowane zgodnie z surowymi normami [&hellip;]<\/p>\n","protected":false},"featured_media":62830,"template":"","meta":{"_acf_changed":false},"product_brand":[10220],"product_cat":[560,569],"product_tag":[],"class_list":{"0":"post-43200","1":"product","2":"type-product","3":"status-publish","4":"has-post-thumbnail","6":"product_brand-vit4ever-pl","7":"product_cat-skladniki-odzywcze","8":"product_cat-produkty-od-a-z","10":"first","11":"instock","12":"taxable","13":"shipping-taxable","14":"purchasable","15":"product-type-simple"},"acf":[],"_links":{"self":[{"href":"https:\/\/dev.vitalstoffversand.com\/pl\/wp-json\/wp\/v2\/product\/43200","targetHints":{"allow":["GET"]}}],"collection":[{"href":"https:\/\/dev.vitalstoffversand.com\/pl\/wp-json\/wp\/v2\/product"}],"about":[{"href":"https:\/\/dev.vitalstoffversand.com\/pl\/wp-json\/wp\/v2\/types\/product"}],"wp:featuredmedia":[{"embeddable":true,"href":"https:\/\/dev.vitalstoffversand.com\/pl\/wp-json\/wp\/v2\/media\/62830"}],"wp:attachment":[{"href":"https:\/\/dev.vitalstoffversand.com\/pl\/wp-json\/wp\/v2\/media?parent=43200"}],"wp:term":[{"taxonomy":"product_brand","embeddable":true,"href":"https:\/\/dev.vitalstoffversand.com\/pl\/wp-json\/wp\/v2\/product_brand?post=43200"},{"taxonomy":"product_cat","embeddable":true,"href":"https:\/\/dev.vitalstoffversand.com\/pl\/wp-json\/wp\/v2\/product_cat?post=43200"},{"taxonomy":"product_tag","embeddable":true,"href":"https:\/\/dev.vitalstoffversand.com\/pl\/wp-json\/wp\/v2\/product_tag?post=43200"}],"curies":[{"name":"wp","href":"https:\/\/api.w.org\/{rel}","templated":true}]}}