{"id":43157,"date":"2024-11-09T17:25:14","date_gmt":"2024-11-09T16:25:14","guid":{"rendered":"https:\/\/vitalstoffversand.com\/produkt\/vit4ever-malz-zielonowargowy-365-kapsulek\/"},"modified":"2026-03-14T15:38:30","modified_gmt":"2026-03-14T14:38:30","slug":"vit4ever-malz-zielonowargowy-365-kapsulek","status":"publish","type":"product","link":"https:\/\/dev.vitalstoffversand.com\/pl\/produkt-pl\/vit4ever-malz-zielonowargowy-365-kapsulek\/","title":{"rendered":"Vit4ever <br>Ma\u0142\u017c zielonowargowy \u2013 365 kapsu\u0142ek"},"content":{"rendered":"<p>Omu\u0142ek zielonowargowy (Perna Canaliculus) jest bogaty w glukozaminoglukan (GAG), N-acetylo-glukozamin\u0119, kwasy t\u0142uszczowe omega-3 oraz minera\u0142y i pierwiastki \u015bladowe.<\/p>\n<ul>\n<li>Bez glutenu<\/li>\n<li>Bez laktozy<\/li>\n<li>Bez GMO<\/li>\n<li>Wyprodukowane zgodnie z surowymi normami jako\u015bci UE<\/li>\n<\/ul>\n","protected":false},"excerpt":{"rendered":"<p>Omu\u0142ek zielonowargowy (Perna Canaliculus) jest bogaty w glukozaminoglukan (GAG), N-acetylo-glukozamin\u0119, kwasy t\u0142uszczowe omega-3 oraz minera\u0142y i pierwiastki \u015bladowe. Bez glutenu Bez laktozy Bez GMO Wyprodukowane zgodnie z surowymi normami jako\u015bci UE<\/p>\n","protected":false},"featured_media":50806,"template":"","meta":{"_acf_changed":false},"product_brand":[10220],"product_cat":[560,569],"product_tag":[],"class_list":{"0":"post-43157","1":"product","2":"type-product","3":"status-publish","4":"has-post-thumbnail","6":"product_brand-vit4ever-pl","7":"product_cat-skladniki-odzywcze","8":"product_cat-produkty-od-a-z","10":"first","11":"instock","12":"taxable","13":"shipping-taxable","14":"purchasable","15":"product-type-simple"},"acf":[],"_links":{"self":[{"href":"https:\/\/dev.vitalstoffversand.com\/pl\/wp-json\/wp\/v2\/product\/43157","targetHints":{"allow":["GET"]}}],"collection":[{"href":"https:\/\/dev.vitalstoffversand.com\/pl\/wp-json\/wp\/v2\/product"}],"about":[{"href":"https:\/\/dev.vitalstoffversand.com\/pl\/wp-json\/wp\/v2\/types\/product"}],"wp:featuredmedia":[{"embeddable":true,"href":"https:\/\/dev.vitalstoffversand.com\/pl\/wp-json\/wp\/v2\/media\/50806"}],"wp:attachment":[{"href":"https:\/\/dev.vitalstoffversand.com\/pl\/wp-json\/wp\/v2\/media?parent=43157"}],"wp:term":[{"taxonomy":"product_brand","embeddable":true,"href":"https:\/\/dev.vitalstoffversand.com\/pl\/wp-json\/wp\/v2\/product_brand?post=43157"},{"taxonomy":"product_cat","embeddable":true,"href":"https:\/\/dev.vitalstoffversand.com\/pl\/wp-json\/wp\/v2\/product_cat?post=43157"},{"taxonomy":"product_tag","embeddable":true,"href":"https:\/\/dev.vitalstoffversand.com\/pl\/wp-json\/wp\/v2\/product_tag?post=43157"}],"curies":[{"name":"wp","href":"https:\/\/api.w.org\/{rel}","templated":true}]}}