{"id":27281,"date":"2024-11-11T18:23:18","date_gmt":"2024-11-11T17:23:18","guid":{"rendered":"https:\/\/vitalstoffversand.com\/produkt\/vit4ever-aromat-w-proszku-flavour-craft-250-g-rozne-smaki\/"},"modified":"2026-03-16T14:33:32","modified_gmt":"2026-03-16T13:33:32","slug":"vit4ever-aromat-w-proszku-flavour-craft-250-g-rozne-smaki","status":"publish","type":"product","link":"https:\/\/dev.vitalstoffversand.com\/pl\/produkt-pl\/vit4ever-aromat-w-proszku-flavour-craft-250-g-rozne-smaki\/","title":{"rendered":"Vit4ever <br>Aromat w proszku Flavour Craft &#8211; 250 g &#8211; r\u00f3\u017cne smaki"},"content":{"rendered":"<p>Przenie\u015b sw\u00f3j posi\u0142ek na nowy poziom dzi\u0119ki intensywnemu smakowi i r\u00f3\u017cnorodnemu wyborowi proszk\u00f3w smakowych Flavor Craft.<\/p>\n<p>Wybierz spo\u015br\u00f3d 15 smak\u00f3w i wzboga\u0107 swoje napoje, koktajle proteinowe, smoothie, musli, jogurty, wypieki lub desery.<\/p>\n<ul>\n<li>Wegetaria\u0144skie<\/li>\n<li>Wyprodukowane zgodnie z surowymi normami jako\u015bci UE<\/li>\n<\/ul>\n","protected":false},"excerpt":{"rendered":"<p>Przenie\u015b sw\u00f3j posi\u0142ek na nowy poziom dzi\u0119ki intensywnemu smakowi i r\u00f3\u017cnorodnemu wyborowi proszk\u00f3w smakowych Flavor Craft. Wybierz spo\u015br\u00f3d 15 smak\u00f3w i wzboga\u0107 swoje napoje, koktajle proteinowe, smoothie, musli, jogurty, wypieki lub desery. Wegetaria\u0144skie Wyprodukowane zgodnie z surowymi normami jako\u015bci UE<\/p>\n","protected":false},"featured_media":55673,"template":"","meta":{"_acf_changed":false},"product_brand":[10220],"product_cat":[549,569],"product_tag":[],"class_list":{"0":"post-27281","1":"product","2":"type-product","3":"status-publish","4":"has-post-thumbnail","6":"product_brand-vit4ever-pl","7":"product_cat-gotowanie-i-przekaski","8":"product_cat-produkty-od-a-z","10":"first","11":"instock","12":"taxable","13":"shipping-taxable","14":"purchasable","15":"product-type-variable"},"acf":[],"_links":{"self":[{"href":"https:\/\/dev.vitalstoffversand.com\/pl\/wp-json\/wp\/v2\/product\/27281","targetHints":{"allow":["GET"]}}],"collection":[{"href":"https:\/\/dev.vitalstoffversand.com\/pl\/wp-json\/wp\/v2\/product"}],"about":[{"href":"https:\/\/dev.vitalstoffversand.com\/pl\/wp-json\/wp\/v2\/types\/product"}],"wp:featuredmedia":[{"embeddable":true,"href":"https:\/\/dev.vitalstoffversand.com\/pl\/wp-json\/wp\/v2\/media\/55673"}],"wp:attachment":[{"href":"https:\/\/dev.vitalstoffversand.com\/pl\/wp-json\/wp\/v2\/media?parent=27281"}],"wp:term":[{"taxonomy":"product_brand","embeddable":true,"href":"https:\/\/dev.vitalstoffversand.com\/pl\/wp-json\/wp\/v2\/product_brand?post=27281"},{"taxonomy":"product_cat","embeddable":true,"href":"https:\/\/dev.vitalstoffversand.com\/pl\/wp-json\/wp\/v2\/product_cat?post=27281"},{"taxonomy":"product_tag","embeddable":true,"href":"https:\/\/dev.vitalstoffversand.com\/pl\/wp-json\/wp\/v2\/product_tag?post=27281"}],"curies":[{"name":"wp","href":"https:\/\/api.w.org\/{rel}","templated":true}]}}