{"id":27169,"date":"2024-11-11T17:51:46","date_gmt":"2024-11-11T16:51:46","guid":{"rendered":"https:\/\/vitalstoffversand.com\/produkt\/vit4ever-kompleks-grzybow-180-kapsulek\/"},"modified":"2026-03-16T17:17:25","modified_gmt":"2026-03-16T16:17:25","slug":"vit4ever-kompleks-grzybow-180-kapsulek","status":"publish","type":"product","link":"https:\/\/dev.vitalstoffversand.com\/pl\/produkt-pl\/vit4ever-kompleks-grzybow-180-kapsulek\/","title":{"rendered":"Vit4ever <br>Kompleks grzyb\u00f3w &#8211; 180 kapsu\u0142ek"},"content":{"rendered":"<p>Mieszanka ekstrakt\u00f3w z owocnik\u00f3w grzyb\u00f3w leczniczych Agaricus Blazei murill, Cordyceps sinensis, Hericium erinaceus, Reishi i Shiitake.<\/p>\n<p>Zawiera 240 mg bioaktywnych polisacharyd\u00f3w na kapsu\u0142k\u0119.<\/p>\n<p>Czy d\u0105\u017cysz do konkretnych cel\u00f3w z grzybami leczniczymi?<\/p>\n<p>Nast\u0119pnie skontaktuj si\u0119 z naszym mykoterapeut\u0105 w Vitalstoff Versand lub innym ekspertem, aby\u015b m\u00f3g\u0142 u\u017cy\u0107 grzyb\u00f3w leczniczych, kt\u00f3re s\u0105 dla Ciebie odpowiednie.<\/p>\n<ul>\n<li>Wegan<\/li>\n<li>Bez glutenu<\/li>\n<li>Bez laktozy<\/li>\n<li>Bez GMO<\/li>\n<li>Wyprodukowane zgodnie z surowymi normami jako\u015bci UE<\/li>\n<\/ul>\n","protected":false},"excerpt":{"rendered":"<p>Mieszanka ekstrakt\u00f3w z owocnik\u00f3w grzyb\u00f3w leczniczych Agaricus Blazei murill, Cordyceps sinensis, Hericium erinaceus, Reishi i Shiitake. Zawiera 240 mg bioaktywnych polisacharyd\u00f3w na kapsu\u0142k\u0119. Czy d\u0105\u017cysz do konkretnych cel\u00f3w z grzybami leczniczymi? Nast\u0119pnie skontaktuj si\u0119 z naszym mykoterapeut\u0105 w Vitalstoff Versand lub innym ekspertem, aby\u015b m\u00f3g\u0142 u\u017cy\u0107 grzyb\u00f3w leczniczych, kt\u00f3re s\u0105 dla Ciebie odpowiednie. Wegan Bez [&hellip;]<\/p>\n","protected":false},"featured_media":54761,"template":"","meta":{"_acf_changed":false},"product_brand":[10220],"product_cat":[570,569],"product_tag":[],"class_list":{"0":"post-27169","1":"product","2":"type-product","3":"status-publish","4":"has-post-thumbnail","6":"product_brand-vit4ever-pl","7":"product_cat-grzyby-witalne","8":"product_cat-produkty-od-a-z","10":"first","11":"instock","12":"taxable","13":"shipping-taxable","14":"purchasable","15":"product-type-simple"},"acf":[],"_links":{"self":[{"href":"https:\/\/dev.vitalstoffversand.com\/pl\/wp-json\/wp\/v2\/product\/27169","targetHints":{"allow":["GET"]}}],"collection":[{"href":"https:\/\/dev.vitalstoffversand.com\/pl\/wp-json\/wp\/v2\/product"}],"about":[{"href":"https:\/\/dev.vitalstoffversand.com\/pl\/wp-json\/wp\/v2\/types\/product"}],"wp:featuredmedia":[{"embeddable":true,"href":"https:\/\/dev.vitalstoffversand.com\/pl\/wp-json\/wp\/v2\/media\/54761"}],"wp:attachment":[{"href":"https:\/\/dev.vitalstoffversand.com\/pl\/wp-json\/wp\/v2\/media?parent=27169"}],"wp:term":[{"taxonomy":"product_brand","embeddable":true,"href":"https:\/\/dev.vitalstoffversand.com\/pl\/wp-json\/wp\/v2\/product_brand?post=27169"},{"taxonomy":"product_cat","embeddable":true,"href":"https:\/\/dev.vitalstoffversand.com\/pl\/wp-json\/wp\/v2\/product_cat?post=27169"},{"taxonomy":"product_tag","embeddable":true,"href":"https:\/\/dev.vitalstoffversand.com\/pl\/wp-json\/wp\/v2\/product_tag?post=27169"}],"curies":[{"name":"wp","href":"https:\/\/api.w.org\/{rel}","templated":true}]}}