{"id":27073,"date":"2024-11-11T15:47:17","date_gmt":"2024-11-11T14:47:17","guid":{"rendered":"https:\/\/vitalstoffversand.com\/produkt\/vit4ever-multiwitamina-intenso-365-kapsulek\/"},"modified":"2026-03-16T10:49:58","modified_gmt":"2026-03-16T09:49:58","slug":"vit4ever-multiwitamina-intenso-365-kapsulek","status":"publish","type":"product","link":"https:\/\/dev.vitalstoffversand.com\/pl\/produkt-pl\/vit4ever-multiwitamina-intenso-365-kapsulek\/","title":{"rendered":"Vit4ever <br>Multiwitamina Intenso &#8211; 365 kapsu\u0142ek"},"content":{"rendered":"<p>Multiwitamina Intenso to inteligentny i zharmonizowany kompleks 26 witamin, minera\u0142\u00f3w, pierwiastk\u00f3w \u015bladowych i ekstrakt\u00f3w ro\u015blinnych.<\/p>\n<p>Wszystkie sk\u0142adniki wyst\u0119puj\u0105 w swojej aktywnej, czystej, bioaktywnej postaci lub w odpowiednim po\u0142\u0105czeniu, co pozwala zmaksymalizowa\u0107 ich przyswajalno\u015b\u0107 i tolerancj\u0119.<\/p>\n<ul>\n<li>Wegan<\/li>\n<li>Bez glutenu<\/li>\n<li>Bez laktozy<\/li>\n<li>Bez GMO<\/li>\n<li>Wyprodukowane zgodnie z surowymi normami jako\u015bci UE<\/li>\n<\/ul>\n","protected":false},"excerpt":{"rendered":"<p>Multiwitamina Intenso to inteligentny i zharmonizowany kompleks 26 witamin, minera\u0142\u00f3w, pierwiastk\u00f3w \u015bladowych i ekstrakt\u00f3w ro\u015blinnych. Wszystkie sk\u0142adniki wyst\u0119puj\u0105 w swojej aktywnej, czystej, bioaktywnej postaci lub w odpowiednim po\u0142\u0105czeniu, co pozwala zmaksymalizowa\u0107 ich przyswajalno\u015b\u0107 i tolerancj\u0119. Wegan Bez glutenu Bez laktozy Bez GMO Wyprodukowane zgodnie z surowymi normami jako\u015bci UE<\/p>\n","protected":false},"featured_media":61960,"template":"","meta":{"_acf_changed":false},"product_brand":[10220],"product_cat":[564,556,569],"product_tag":[],"class_list":{"0":"post-27073","1":"product","2":"type-product","3":"status-publish","4":"has-post-thumbnail","6":"product_brand-vit4ever-pl","7":"product_cat-witaminy","8":"product_cat-mineraly-i-pierwiastki-sladowe","9":"product_cat-produkty-od-a-z","11":"first","12":"outofstock","13":"taxable","14":"shipping-taxable","15":"purchasable","16":"product-type-simple"},"acf":[],"_links":{"self":[{"href":"https:\/\/dev.vitalstoffversand.com\/pl\/wp-json\/wp\/v2\/product\/27073","targetHints":{"allow":["GET"]}}],"collection":[{"href":"https:\/\/dev.vitalstoffversand.com\/pl\/wp-json\/wp\/v2\/product"}],"about":[{"href":"https:\/\/dev.vitalstoffversand.com\/pl\/wp-json\/wp\/v2\/types\/product"}],"wp:featuredmedia":[{"embeddable":true,"href":"https:\/\/dev.vitalstoffversand.com\/pl\/wp-json\/wp\/v2\/media\/61960"}],"wp:attachment":[{"href":"https:\/\/dev.vitalstoffversand.com\/pl\/wp-json\/wp\/v2\/media?parent=27073"}],"wp:term":[{"taxonomy":"product_brand","embeddable":true,"href":"https:\/\/dev.vitalstoffversand.com\/pl\/wp-json\/wp\/v2\/product_brand?post=27073"},{"taxonomy":"product_cat","embeddable":true,"href":"https:\/\/dev.vitalstoffversand.com\/pl\/wp-json\/wp\/v2\/product_cat?post=27073"},{"taxonomy":"product_tag","embeddable":true,"href":"https:\/\/dev.vitalstoffversand.com\/pl\/wp-json\/wp\/v2\/product_tag?post=27073"}],"curies":[{"name":"wp","href":"https:\/\/api.w.org\/{rel}","templated":true}]}}