{"id":27061,"date":"2024-11-11T15:11:25","date_gmt":"2024-11-11T14:11:25","guid":{"rendered":"https:\/\/vitalstoffversand.com\/produkt\/vit4ever-ekstrakt-z-brokulow-broccoli-intenso-180-kapsulek\/"},"modified":"2026-03-15T18:15:00","modified_gmt":"2026-03-15T17:15:00","slug":"vit4ever-ekstrakt-z-brokulow-broccoli-intenso-180-kapsulek","status":"publish","type":"product","link":"https:\/\/dev.vitalstoffversand.com\/pl\/produkt-pl\/vit4ever-ekstrakt-z-brokulow-broccoli-intenso-180-kapsulek\/","title":{"rendered":"Vit4ever <br>Ekstrakt z broku\u0142\u00f3w Broccoli Intenso &#8211; 180 kapsu\u0142ek"},"content":{"rendered":"<p>Broku\u0142y zawieraj\u0105 naturalny sulforafan, substancj\u0119 ro\u015blinn\u0105 o w\u0142a\u015bciwo\u015bciach przeciwutleniaj\u0105cych i przeciwbakteryjnych.<\/p>\n<p>Ekstrakt z broku\u0142\u00f3w mo\u017ce by\u0107 stosowany jako cz\u0119\u015b\u0107 og\u00f3lnego suplementu diety.<\/p>\n<ul>\n<li>Wegan<\/li>\n<li>Bez glutenu<\/li>\n<li>Bez laktozy<\/li>\n<li>Bez GMO<\/li>\n<li>Wyprodukowane zgodnie z surowymi normami jako\u015bci UE<\/li>\n<\/ul>\n","protected":false},"excerpt":{"rendered":"<p>Broku\u0142y zawieraj\u0105 naturalny sulforafan, substancj\u0119 ro\u015blinn\u0105 o w\u0142a\u015bciwo\u015bciach przeciwutleniaj\u0105cych i przeciwbakteryjnych. Ekstrakt z broku\u0142\u00f3w mo\u017ce by\u0107 stosowany jako cz\u0119\u015b\u0107 og\u00f3lnego suplementu diety. Wegan Bez glutenu Bez laktozy Bez GMO Wyprodukowane zgodnie z surowymi normami jako\u015bci UE<\/p>\n","protected":false},"featured_media":53729,"template":"","meta":{"_acf_changed":false},"product_brand":[10220],"product_cat":[560,569],"product_tag":[],"class_list":{"0":"post-27061","1":"product","2":"type-product","3":"status-publish","4":"has-post-thumbnail","6":"product_brand-vit4ever-pl","7":"product_cat-skladniki-odzywcze","8":"product_cat-produkty-od-a-z","10":"first","11":"instock","12":"taxable","13":"shipping-taxable","14":"purchasable","15":"product-type-simple"},"acf":[],"_links":{"self":[{"href":"https:\/\/dev.vitalstoffversand.com\/pl\/wp-json\/wp\/v2\/product\/27061","targetHints":{"allow":["GET"]}}],"collection":[{"href":"https:\/\/dev.vitalstoffversand.com\/pl\/wp-json\/wp\/v2\/product"}],"about":[{"href":"https:\/\/dev.vitalstoffversand.com\/pl\/wp-json\/wp\/v2\/types\/product"}],"wp:featuredmedia":[{"embeddable":true,"href":"https:\/\/dev.vitalstoffversand.com\/pl\/wp-json\/wp\/v2\/media\/53729"}],"wp:attachment":[{"href":"https:\/\/dev.vitalstoffversand.com\/pl\/wp-json\/wp\/v2\/media?parent=27061"}],"wp:term":[{"taxonomy":"product_brand","embeddable":true,"href":"https:\/\/dev.vitalstoffversand.com\/pl\/wp-json\/wp\/v2\/product_brand?post=27061"},{"taxonomy":"product_cat","embeddable":true,"href":"https:\/\/dev.vitalstoffversand.com\/pl\/wp-json\/wp\/v2\/product_cat?post=27061"},{"taxonomy":"product_tag","embeddable":true,"href":"https:\/\/dev.vitalstoffversand.com\/pl\/wp-json\/wp\/v2\/product_tag?post=27061"}],"curies":[{"name":"wp","href":"https:\/\/api.w.org\/{rel}","templated":true}]}}