{"id":27055,"date":"2024-11-11T14:58:22","date_gmt":"2024-11-11T13:58:22","guid":{"rendered":"https:\/\/vitalstoffversand.com\/produkt\/vit4ever-maslo-orzechowe-z-miodem-1000-g\/"},"modified":"2026-03-15T18:08:39","modified_gmt":"2026-03-15T17:08:39","slug":"vit4ever-maslo-orzechowe-z-miodem-1000-g","status":"publish","type":"product","link":"https:\/\/dev.vitalstoffversand.com\/pl\/produkt-pl\/vit4ever-maslo-orzechowe-z-miodem-1000-g\/","title":{"rendered":"Vit4ever <br>Mas\u0142o orzechowe z miodem &#8211; 1000 g"},"content":{"rendered":"<p>Mas\u0142o orzechowe z prawdziwym miodem kwiatowym.<\/p>\n<p>Czy to jako pasta do smarowania, w pysznych deserach, czy jako dodatek do ciast i ciasteczek.<\/p>\n<p>Uwaga: W przypadku tego produktu normalnym zjawiskiem jest wyp\u0142ywanie oleju na powierzchni\u0119. Wystarczy kr\u00f3tko wymiesza\u0107, aby przywr\u00f3ci\u0107 kremow\u0105 konsystencj\u0119. <\/p>\n<ul>\n<li>100% pra\u017cone orzeszki ziemne<\/li>\n<li>Mi\u00f3d kwiatowy<\/li>\n<li>Bez dodatku cukru, oleju palmowego i soli<\/li>\n<li>Bogaty w nienasycone i naturalne kwasy t\u0142uszczowe (43,2%)<\/li>\n<li>wega\u0144ski<\/li>\n<\/ul>\n","protected":false},"excerpt":{"rendered":"<p>Mas\u0142o orzechowe z prawdziwym miodem kwiatowym. Czy to jako pasta do smarowania, w pysznych deserach, czy jako dodatek do ciast i ciasteczek. Uwaga: W przypadku tego produktu normalnym zjawiskiem jest wyp\u0142ywanie oleju na powierzchni\u0119. Wystarczy kr\u00f3tko wymiesza\u0107, aby przywr\u00f3ci\u0107 kremow\u0105 konsystencj\u0119. 100% pra\u017cone orzeszki ziemne Mi\u00f3d kwiatowy Bez dodatku cukru, oleju palmowego i soli Bogaty [&hellip;]<\/p>\n","protected":false},"featured_media":53601,"template":"","meta":{"_acf_changed":false},"product_brand":[10220],"product_cat":[549,541,569],"product_tag":[],"class_list":{"0":"post-27055","1":"product","2":"type-product","3":"status-publish","4":"has-post-thumbnail","6":"product_brand-vit4ever-pl","7":"product_cat-gotowanie-i-przekaski","8":"product_cat-zmniejszona","9":"product_cat-produkty-od-a-z","11":"first","12":"instock","13":"sale","14":"taxable","15":"shipping-taxable","16":"purchasable","17":"product-type-simple"},"acf":[],"_links":{"self":[{"href":"https:\/\/dev.vitalstoffversand.com\/pl\/wp-json\/wp\/v2\/product\/27055","targetHints":{"allow":["GET"]}}],"collection":[{"href":"https:\/\/dev.vitalstoffversand.com\/pl\/wp-json\/wp\/v2\/product"}],"about":[{"href":"https:\/\/dev.vitalstoffversand.com\/pl\/wp-json\/wp\/v2\/types\/product"}],"wp:featuredmedia":[{"embeddable":true,"href":"https:\/\/dev.vitalstoffversand.com\/pl\/wp-json\/wp\/v2\/media\/53601"}],"wp:attachment":[{"href":"https:\/\/dev.vitalstoffversand.com\/pl\/wp-json\/wp\/v2\/media?parent=27055"}],"wp:term":[{"taxonomy":"product_brand","embeddable":true,"href":"https:\/\/dev.vitalstoffversand.com\/pl\/wp-json\/wp\/v2\/product_brand?post=27055"},{"taxonomy":"product_cat","embeddable":true,"href":"https:\/\/dev.vitalstoffversand.com\/pl\/wp-json\/wp\/v2\/product_cat?post=27055"},{"taxonomy":"product_tag","embeddable":true,"href":"https:\/\/dev.vitalstoffversand.com\/pl\/wp-json\/wp\/v2\/product_tag?post=27055"}],"curies":[{"name":"wp","href":"https:\/\/api.w.org\/{rel}","templated":true}]}}