{"id":27050,"date":"2024-11-11T14:46:38","date_gmt":"2024-11-11T13:46:38","guid":{"rendered":"https:\/\/vitalstoffversand.com\/produkt\/vit4ever-shaker-600-ml-2-komory\/"},"modified":"2026-03-15T18:03:32","modified_gmt":"2026-03-15T17:03:32","slug":"vit4ever-shaker-600-ml-2-komory","status":"publish","type":"product","link":"https:\/\/dev.vitalstoffversand.com\/pl\/produkt-pl\/vit4ever-shaker-600-ml-2-komory\/","title":{"rendered":"Vit4ever <br>Shaker 600 ml + 2 komory"},"content":{"rendered":"<p>Praktyczny shaker z dodatkowymi przegr\u00f3dkami do przechowywania proszk\u00f3w, tabletek, pigu\u0142ek itp. oraz nadrukiem.<\/p>\n<ul>\n<li>Dzbanek z miark\u0105 o pojemno\u015bci 600 ml<\/li>\n<li>Dodatkowy schowek o pojemno\u015bci 150 ml i 200 ml na bia\u0142ko w proszku i tabletki<\/li>\n<li>w tym sito<\/li>\n<\/ul>\n<p>Dostarczany bez zawarto\u015bci.<\/p>\n","protected":false},"excerpt":{"rendered":"<p>Praktyczny shaker z dodatkowymi przegr\u00f3dkami do przechowywania proszk\u00f3w, tabletek, pigu\u0142ek itp. oraz nadrukiem. Dzbanek z miark\u0105 o pojemno\u015bci 600 ml Dodatkowy schowek o pojemno\u015bci 150 ml i 200 ml na bia\u0142ko w proszku i tabletki w tym sito Dostarczany bez zawarto\u015bci.<\/p>\n","protected":false},"featured_media":53545,"template":"","meta":{"_acf_changed":false},"product_brand":[],"product_cat":[512],"product_tag":[],"class_list":{"0":"post-27050","1":"product","2":"type-product","3":"status-publish","4":"has-post-thumbnail","6":"product_cat-b2b-pl","8":"first","9":"instock","10":"taxable","11":"shipping-taxable","12":"purchasable","13":"product-type-simple"},"acf":[],"_links":{"self":[{"href":"https:\/\/dev.vitalstoffversand.com\/pl\/wp-json\/wp\/v2\/product\/27050","targetHints":{"allow":["GET"]}}],"collection":[{"href":"https:\/\/dev.vitalstoffversand.com\/pl\/wp-json\/wp\/v2\/product"}],"about":[{"href":"https:\/\/dev.vitalstoffversand.com\/pl\/wp-json\/wp\/v2\/types\/product"}],"wp:featuredmedia":[{"embeddable":true,"href":"https:\/\/dev.vitalstoffversand.com\/pl\/wp-json\/wp\/v2\/media\/53545"}],"wp:attachment":[{"href":"https:\/\/dev.vitalstoffversand.com\/pl\/wp-json\/wp\/v2\/media?parent=27050"}],"wp:term":[{"taxonomy":"product_brand","embeddable":true,"href":"https:\/\/dev.vitalstoffversand.com\/pl\/wp-json\/wp\/v2\/product_brand?post=27050"},{"taxonomy":"product_cat","embeddable":true,"href":"https:\/\/dev.vitalstoffversand.com\/pl\/wp-json\/wp\/v2\/product_cat?post=27050"},{"taxonomy":"product_tag","embeddable":true,"href":"https:\/\/dev.vitalstoffversand.com\/pl\/wp-json\/wp\/v2\/product_tag?post=27050"}],"curies":[{"name":"wp","href":"https:\/\/api.w.org\/{rel}","templated":true}]}}