{"id":27045,"date":"2024-11-11T14:44:23","date_gmt":"2024-11-11T13:44:23","guid":{"rendered":"https:\/\/vitalstoffversand.com\/produkt\/vit4ever-hyaluron-collagen-complex-240-kapsulek\/"},"modified":"2026-03-15T18:03:34","modified_gmt":"2026-03-15T17:03:34","slug":"vit4ever-hyaluron-collagen-complex-240-kapsulek","status":"publish","type":"product","link":"https:\/\/dev.vitalstoffversand.com\/pl\/produkt-pl\/vit4ever-hyaluron-collagen-complex-240-kapsulek\/","title":{"rendered":"Vit4ever <br>Hyaluron + Collagen Complex &#8211; 240 kapsu\u0142ek"},"content":{"rendered":"<p>Preparat \u0142\u0105cz\u0105cy hialuron i kolagen w po\u0142\u0105czeniu z innymi witaminami, minera\u0142ami i pierwiastkami \u015bladowymi.<\/p>\n<p>Kolagen jest bia\u0142kiem strukturalnym tkanki \u0142\u0105cznej, podczas gdy kwas hialuronowy (tutaj w optymalnie wykorzystywanym rozmiarze cz\u0105steczkowym 500-700 kDA) znajduje si\u0119 g\u0142\u00f3wnie w tkance \u0142\u0105cznej i sk\u00f3rze.<\/p>\n<p>Dzi\u0119ki wzbogaceniu kompleksu hialuronowo-kolagenowego o biotyn\u0119, selen, cynk, ekstrakt z aceroli (witamina C) i bogaty w krzem ekstrakt z bambusa, produkt ten jest w pe\u0142ni zaokr\u0105glony.<\/p>\n<p>Minera\u0142y selen, cynk i biotyna przyczyniaj\u0105 si\u0119 do utrzymania prawid\u0142owego stanu w\u0142os\u00f3w, paznokci i sk\u00f3ry, a tak\u017ce prawid\u0142owego wzrostu w\u0142os\u00f3w.<br \/>\n(Rozporz\u0105dzenie WE nr 1924\/2006 w sprawie o\u015bwiadcze\u0144 zdrowotnych Unii Europejskiej)<\/p>\n<ul>\n<li>Bez glutenu<\/li>\n<li>Bez laktozy<\/li>\n<li>Bez GMO<\/li>\n<li>Wyprodukowane zgodnie z surowymi normami jako\u015bci UE<\/li>\n<\/ul>\n","protected":false},"excerpt":{"rendered":"<p>Preparat \u0142\u0105cz\u0105cy hialuron i kolagen w po\u0142\u0105czeniu z innymi witaminami, minera\u0142ami i pierwiastkami \u015bladowymi. Kolagen jest bia\u0142kiem strukturalnym tkanki \u0142\u0105cznej, podczas gdy kwas hialuronowy (tutaj w optymalnie wykorzystywanym rozmiarze cz\u0105steczkowym 500-700 kDA) znajduje si\u0119 g\u0142\u00f3wnie w tkance \u0142\u0105cznej i sk\u00f3rze. Dzi\u0119ki wzbogaceniu kompleksu hialuronowo-kolagenowego o biotyn\u0119, selen, cynk, ekstrakt z aceroli (witamina C) i bogaty [&hellip;]<\/p>\n","protected":false},"featured_media":53505,"template":"","meta":{"_acf_changed":false},"product_brand":[10220],"product_cat":[557,569],"product_tag":[],"class_list":{"0":"post-27045","1":"product","2":"type-product","3":"status-publish","4":"has-post-thumbnail","6":"product_brand-vit4ever-pl","7":"product_cat-bialka","8":"product_cat-produkty-od-a-z","10":"first","11":"instock","12":"taxable","13":"shipping-taxable","14":"purchasable","15":"product-type-simple"},"acf":[],"_links":{"self":[{"href":"https:\/\/dev.vitalstoffversand.com\/pl\/wp-json\/wp\/v2\/product\/27045","targetHints":{"allow":["GET"]}}],"collection":[{"href":"https:\/\/dev.vitalstoffversand.com\/pl\/wp-json\/wp\/v2\/product"}],"about":[{"href":"https:\/\/dev.vitalstoffversand.com\/pl\/wp-json\/wp\/v2\/types\/product"}],"wp:featuredmedia":[{"embeddable":true,"href":"https:\/\/dev.vitalstoffversand.com\/pl\/wp-json\/wp\/v2\/media\/53505"}],"wp:attachment":[{"href":"https:\/\/dev.vitalstoffversand.com\/pl\/wp-json\/wp\/v2\/media?parent=27045"}],"wp:term":[{"taxonomy":"product_brand","embeddable":true,"href":"https:\/\/dev.vitalstoffversand.com\/pl\/wp-json\/wp\/v2\/product_brand?post=27045"},{"taxonomy":"product_cat","embeddable":true,"href":"https:\/\/dev.vitalstoffversand.com\/pl\/wp-json\/wp\/v2\/product_cat?post=27045"},{"taxonomy":"product_tag","embeddable":true,"href":"https:\/\/dev.vitalstoffversand.com\/pl\/wp-json\/wp\/v2\/product_tag?post=27045"}],"curies":[{"name":"wp","href":"https:\/\/api.w.org\/{rel}","templated":true}]}}